{"id":2754,"date":"2019-05-22T08:03:58","date_gmt":"2019-05-22T08:03:58","guid":{"rendered":"https:\/\/www.castellodirazzano.it\/?post_type=product&#038;p=2754"},"modified":"2026-02-10T14:54:20","modified_gmt":"2026-02-10T14:54:20","slug":"calicantus-mosto-parzialmente-fermentato","status":"publish","type":"product","link":"https:\/\/www.castellodirazzano.it\/fr\/prodotto\/calicantus-mosto-parzialmente-fermentato\/","title":{"rendered":"\u201cCalicantus\u201d Mosto parzialmente fermentato"},"content":{"rendered":"<p>Vin jaune paille, \u00e0 l&rsquo;ar\u00f4me parfum\u00e9 rappelant les fruits dor\u00e9s, la sauge et les fruits d&rsquo;\u00e9t\u00e9 ; la saveur est douce et harmonieuse avec un perlage tr\u00e8s fin.<\/p>\n<p>Taille de la bouteille: 75 cl.<\/p>\n<p><a href=\"https:\/\/www.castellodirazzano.it\/wp-content\/uploads\/2026\/02\/CALICANTUS.pdf\">\u25b6\ufe0e Fiche technique du vin<\/a><\/p>","protected":false},"excerpt":{"rendered":"<p>Vin de dessert &#8211; 5% vol<\/p>\n","protected":false},"featured_media":19867,"template":"","meta":{"_genesis_hide_title":false,"_genesis_hide_breadcrumbs":false,"_genesis_hide_singular_image":false,"_genesis_hide_footer_widgets":false,"_genesis_custom_body_class":"","_genesis_custom_post_class":"","_genesis_layout":""},"product_cat":[51],"product_tag":[52],"giftcard-category":[],"class_list":{"0":"post-2754","1":"product","2":"type-product","3":"status-publish","4":"has-post-thumbnail","6":"product_cat-grappe-dolci-e-aromatici","7":"product_tag-moscato","8":"entry","10":"first","11":"instock","12":"shipping-taxable","13":"purchasable","14":"product-type-simple"},"yoast_head":"<!-- This site is optimized with the Yoast SEO plugin v26.4 - https:\/\/yoast.com\/wordpress\/plugins\/seo\/ -->\n<title>\u201cCalicantus\u201d Mosto parzialmente fermentato - Castello di Razzano<\/title>\n<meta name=\"robots\" content=\"index, follow, max-snippet:-1, max-image-preview:large, max-video-preview:-1\" \/>\n<link rel=\"canonical\" href=\"https:\/\/www.castellodirazzano.it\/prodotto\/calicantus-mosto-parzialmente-fermentato\/\" \/>\n<meta property=\"og:locale\" content=\"fr_FR\" \/>\n<meta property=\"og:type\" content=\"article\" \/>\n<meta property=\"og:title\" content=\"\u201cCalicantus\u201d Mosto parzialmente fermentato - Castello di Razzano\" \/>\n<meta property=\"og:description\" content=\"[:it]Vino da dessert - 5% vol[:en]Dessert wine - 5% vol[:de]Dessertwein - 5% vol[:fr]Vin de dessert - 5% vol[:]\" \/>\n<meta property=\"og:url\" content=\"https:\/\/www.castellodirazzano.it\/prodotto\/calicantus-mosto-parzialmente-fermentato\/\" \/>\n<meta property=\"og:site_name\" content=\"Castello di Razzano\" \/>\n<meta property=\"article:publisher\" content=\"https:\/\/www.facebook.com\/castellodirazzanomonferrato\/\" \/>\n<meta property=\"article:modified_time\" content=\"2026-02-10T14:54:20+00:00\" \/>\n<meta property=\"og:image\" content=\"https:\/\/www.castellodirazzano.it\/wp-content\/uploads\/2019\/05\/calicantus-2.jpg\" \/>\n\t<meta property=\"og:image:width\" content=\"928\" \/>\n\t<meta property=\"og:image:height\" content=\"1120\" \/>\n\t<meta property=\"og:image:type\" content=\"image\/jpeg\" \/>\n<meta name=\"twitter:card\" content=\"summary_large_image\" \/>\n<meta name=\"twitter:label1\" content=\"Dur\u00e9e de lecture estim\u00e9e\" \/>\n\t<meta name=\"twitter:data1\" content=\"1 minute\" \/>\n<script type=\"application\/ld+json\" class=\"yoast-schema-graph\">{\"@context\":\"https:\/\/schema.org\",\"@graph\":[{\"@type\":\"WebPage\",\"@id\":\"https:\/\/www.castellodirazzano.it\/prodotto\/calicantus-mosto-parzialmente-fermentato\/\",\"url\":\"https:\/\/www.castellodirazzano.it\/prodotto\/calicantus-mosto-parzialmente-fermentato\/\",\"name\":\"\u201cCalicantus\u201d Mosto parzialmente fermentato - Castello di Razzano\",\"isPartOf\":{\"@id\":\"https:\/\/www.castellodirazzano.it\/en\/#website\"},\"primaryImageOfPage\":{\"@id\":\"https:\/\/www.castellodirazzano.it\/prodotto\/calicantus-mosto-parzialmente-fermentato\/#primaryimage\"},\"image\":{\"@id\":\"https:\/\/www.castellodirazzano.it\/prodotto\/calicantus-mosto-parzialmente-fermentato\/#primaryimage\"},\"thumbnailUrl\":\"https:\/\/www.castellodirazzano.it\/wp-content\/uploads\/2019\/05\/calicantus-2.jpg\",\"datePublished\":\"2019-05-22T08:03:58+00:00\",\"dateModified\":\"2026-02-10T14:54:20+00:00\",\"breadcrumb\":{\"@id\":\"https:\/\/www.castellodirazzano.it\/prodotto\/calicantus-mosto-parzialmente-fermentato\/#breadcrumb\"},\"inLanguage\":\"fr-FR\",\"potentialAction\":[{\"@type\":\"ReadAction\",\"target\":[\"https:\/\/www.castellodirazzano.it\/prodotto\/calicantus-mosto-parzialmente-fermentato\/\"]}]},{\"@type\":\"ImageObject\",\"inLanguage\":\"fr-FR\",\"@id\":\"https:\/\/www.castellodirazzano.it\/prodotto\/calicantus-mosto-parzialmente-fermentato\/#primaryimage\",\"url\":\"https:\/\/www.castellodirazzano.it\/wp-content\/uploads\/2019\/05\/calicantus-2.jpg\",\"contentUrl\":\"https:\/\/www.castellodirazzano.it\/wp-content\/uploads\/2019\/05\/calicantus-2.jpg\",\"width\":928,\"height\":1120},{\"@type\":\"BreadcrumbList\",\"@id\":\"https:\/\/www.castellodirazzano.it\/prodotto\/calicantus-mosto-parzialmente-fermentato\/#breadcrumb\",\"itemListElement\":[{\"@type\":\"ListItem\",\"position\":1,\"name\":\"Home\",\"item\":\"https:\/\/www.castellodirazzano.it\/\"},{\"@type\":\"ListItem\",\"position\":2,\"name\":\"Shop\",\"item\":\"https:\/\/www.castellodirazzano.it\/negozio\/\"},{\"@type\":\"ListItem\",\"position\":3,\"name\":\"\u201cCalicantus\u201d Mosto parzialmente fermentato\"}]},{\"@type\":\"WebSite\",\"@id\":\"https:\/\/www.castellodirazzano.it\/en\/#website\",\"url\":\"https:\/\/www.castellodirazzano.it\/en\/\",\"name\":\"Castello di Razzano\",\"description\":\"Cantine e Relais di Charme\",\"potentialAction\":[{\"@type\":\"SearchAction\",\"target\":{\"@type\":\"EntryPoint\",\"urlTemplate\":\"https:\/\/www.castellodirazzano.it\/en\/?s={search_term_string}\"},\"query-input\":{\"@type\":\"PropertyValueSpecification\",\"valueRequired\":true,\"valueName\":\"search_term_string\"}}],\"inLanguage\":\"fr-FR\"}]}<\/script>\n<!-- \/ Yoast SEO plugin. -->","yoast_head_json":{"title":"\u201cCalicantus\u201d Mosto parzialmente fermentato - Castello di Razzano","robots":{"index":"index","follow":"follow","max-snippet":"max-snippet:-1","max-image-preview":"max-image-preview:large","max-video-preview":"max-video-preview:-1"},"canonical":"https:\/\/www.castellodirazzano.it\/prodotto\/calicantus-mosto-parzialmente-fermentato\/","og_locale":"fr_FR","og_type":"article","og_title":"\u201cCalicantus\u201d Mosto parzialmente fermentato - Castello di Razzano","og_description":"[:it]Vino da dessert - 5% vol[:en]Dessert wine - 5% vol[:de]Dessertwein - 5% vol[:fr]Vin de dessert - 5% vol[:]","og_url":"https:\/\/www.castellodirazzano.it\/prodotto\/calicantus-mosto-parzialmente-fermentato\/","og_site_name":"Castello di Razzano","article_publisher":"https:\/\/www.facebook.com\/castellodirazzanomonferrato\/","article_modified_time":"2026-02-10T14:54:20+00:00","og_image":[{"width":928,"height":1120,"url":"https:\/\/www.castellodirazzano.it\/wp-content\/uploads\/2019\/05\/calicantus-2.jpg","type":"image\/jpeg"}],"twitter_card":"summary_large_image","twitter_misc":{"Dur\u00e9e de lecture estim\u00e9e":"1 minute"},"schema":{"@context":"https:\/\/schema.org","@graph":[{"@type":"WebPage","@id":"https:\/\/www.castellodirazzano.it\/prodotto\/calicantus-mosto-parzialmente-fermentato\/","url":"https:\/\/www.castellodirazzano.it\/prodotto\/calicantus-mosto-parzialmente-fermentato\/","name":"\u201cCalicantus\u201d Mosto parzialmente fermentato - Castello di Razzano","isPartOf":{"@id":"https:\/\/www.castellodirazzano.it\/en\/#website"},"primaryImageOfPage":{"@id":"https:\/\/www.castellodirazzano.it\/prodotto\/calicantus-mosto-parzialmente-fermentato\/#primaryimage"},"image":{"@id":"https:\/\/www.castellodirazzano.it\/prodotto\/calicantus-mosto-parzialmente-fermentato\/#primaryimage"},"thumbnailUrl":"https:\/\/www.castellodirazzano.it\/wp-content\/uploads\/2019\/05\/calicantus-2.jpg","datePublished":"2019-05-22T08:03:58+00:00","dateModified":"2026-02-10T14:54:20+00:00","breadcrumb":{"@id":"https:\/\/www.castellodirazzano.it\/prodotto\/calicantus-mosto-parzialmente-fermentato\/#breadcrumb"},"inLanguage":"fr-FR","potentialAction":[{"@type":"ReadAction","target":["https:\/\/www.castellodirazzano.it\/prodotto\/calicantus-mosto-parzialmente-fermentato\/"]}]},{"@type":"ImageObject","inLanguage":"fr-FR","@id":"https:\/\/www.castellodirazzano.it\/prodotto\/calicantus-mosto-parzialmente-fermentato\/#primaryimage","url":"https:\/\/www.castellodirazzano.it\/wp-content\/uploads\/2019\/05\/calicantus-2.jpg","contentUrl":"https:\/\/www.castellodirazzano.it\/wp-content\/uploads\/2019\/05\/calicantus-2.jpg","width":928,"height":1120},{"@type":"BreadcrumbList","@id":"https:\/\/www.castellodirazzano.it\/prodotto\/calicantus-mosto-parzialmente-fermentato\/#breadcrumb","itemListElement":[{"@type":"ListItem","position":1,"name":"Home","item":"https:\/\/www.castellodirazzano.it\/"},{"@type":"ListItem","position":2,"name":"Shop","item":"https:\/\/www.castellodirazzano.it\/negozio\/"},{"@type":"ListItem","position":3,"name":"\u201cCalicantus\u201d Mosto parzialmente fermentato"}]},{"@type":"WebSite","@id":"https:\/\/www.castellodirazzano.it\/en\/#website","url":"https:\/\/www.castellodirazzano.it\/en\/","name":"Castello di Razzano","description":"Cantine e Relais di Charme","potentialAction":[{"@type":"SearchAction","target":{"@type":"EntryPoint","urlTemplate":"https:\/\/www.castellodirazzano.it\/en\/?s={search_term_string}"},"query-input":{"@type":"PropertyValueSpecification","valueRequired":true,"valueName":"search_term_string"}}],"inLanguage":"fr-FR"}]}},"_links":{"self":[{"href":"https:\/\/www.castellodirazzano.it\/fr\/wp-json\/wp\/v2\/product\/2754","targetHints":{"allow":["GET"]}}],"collection":[{"href":"https:\/\/www.castellodirazzano.it\/fr\/wp-json\/wp\/v2\/product"}],"about":[{"href":"https:\/\/www.castellodirazzano.it\/fr\/wp-json\/wp\/v2\/types\/product"}],"wp:featuredmedia":[{"embeddable":true,"href":"https:\/\/www.castellodirazzano.it\/fr\/wp-json\/wp\/v2\/media\/19867"}],"wp:attachment":[{"href":"https:\/\/www.castellodirazzano.it\/fr\/wp-json\/wp\/v2\/media?parent=2754"}],"wp:term":[{"taxonomy":"product_cat","embeddable":true,"href":"https:\/\/www.castellodirazzano.it\/fr\/wp-json\/wp\/v2\/product_cat?post=2754"},{"taxonomy":"product_tag","embeddable":true,"href":"https:\/\/www.castellodirazzano.it\/fr\/wp-json\/wp\/v2\/product_tag?post=2754"},{"taxonomy":"giftcard-category","embeddable":true,"href":"https:\/\/www.castellodirazzano.it\/fr\/wp-json\/wp\/v2\/giftcard-category?post=2754"}],"curies":[{"name":"wp","href":"https:\/\/api.w.org\/{rel}","templated":true}]}}