{"id":2738,"date":"2019-05-21T16:57:16","date_gmt":"2019-05-21T16:57:16","guid":{"rendered":"https:\/\/www.castellodirazzano.it\/?post_type=product&#038;p=2738"},"modified":"2026-02-10T14:52:27","modified_gmt":"2026-02-10T14:52:27","slug":"cuntra-piemonte-doc-merlot","status":"publish","type":"product","link":"https:\/\/www.castellodirazzano.it\/fr\/prodotto\/cuntra-piemonte-doc-merlot\/","title":{"rendered":"\u201cCuntr\u00e0\u201d Vino rosso Merlot 2020"},"content":{"rendered":"<p>Vin \u00e0 la robe rouge profond, tendant vers le grenat, aux ar\u00f4mes rappelant la framboise, la cerise noire et le chocolat.<\/p>\n<p>Vin au go\u00fbt agr\u00e9ablement tannique et \u00e9pic\u00e9.<br \/>\n<img loading=\"lazy\" decoding=\"async\" class=\"alignnone size-medium wp-image-18101\" src=\"https:\/\/www.castellodirazzano.it\/wp-content\/uploads\/2019\/05\/CUNTRA-300x135.png\" alt=\"\" width=\"300\" height=\"135\" srcset=\"https:\/\/www.castellodirazzano.it\/wp-content\/uploads\/2019\/05\/CUNTRA-300x135.png 300w, https:\/\/www.castellodirazzano.it\/wp-content\/uploads\/2019\/05\/CUNTRA.png 536w\" sizes=\"auto, (max-width: 300px) 100vw, 300px\" \/><\/p>\n<p>Taille de la bouteille: 75 cl.<\/p>\n<p><a href=\"https:\/\/www.castellodirazzano.it\/wp-content\/uploads\/2026\/02\/CUNTRA.pdf\">\u25b6\ufe0e Fiche technique du vin<\/a><\/p>","protected":false},"excerpt":{"rendered":"<p>Vin rouge &#8211; 15,5%<\/p>\n<p>Vieillissement : dans des barriques fran\u00e7aises en bois<\/p>\n<p>Mill\u00e9sime disponible : 2020<\/p>\n","protected":false},"featured_media":19865,"template":"","meta":{"_genesis_hide_title":false,"_genesis_hide_breadcrumbs":false,"_genesis_hide_singular_image":false,"_genesis_hide_footer_widgets":false,"_genesis_custom_body_class":"","_genesis_custom_post_class":"","_genesis_layout":""},"product_cat":[40],"product_tag":[43],"giftcard-category":[],"class_list":{"0":"post-2738","1":"product","2":"type-product","3":"status-publish","4":"has-post-thumbnail","6":"product_cat-vini-rossi","7":"product_tag-merlot","8":"entry","10":"first","11":"instock","12":"shipping-taxable","13":"purchasable","14":"product-type-simple"},"yoast_head":"<!-- This site is optimized with the Yoast SEO plugin v26.4 - https:\/\/yoast.com\/wordpress\/plugins\/seo\/ -->\n<title>\u201cCuntr\u00e0\u201d Vino rosso Merlot 2020 - Castello di Razzano<\/title>\n<meta name=\"robots\" content=\"index, follow, max-snippet:-1, max-image-preview:large, max-video-preview:-1\" \/>\n<link rel=\"canonical\" href=\"https:\/\/www.castellodirazzano.it\/prodotto\/cuntra-piemonte-doc-merlot\/\" \/>\n<meta property=\"og:locale\" content=\"fr_FR\" \/>\n<meta property=\"og:type\" content=\"article\" \/>\n<meta property=\"og:title\" content=\"\u201cCuntr\u00e0\u201d Vino rosso Merlot 2020 - Castello di Razzano\" \/>\n<meta property=\"og:description\" content=\"[:it]Vino rosso - 15,5% vol  Afinamento: in barriques di rovere francese  Annata disponibile: 2020[:en]Red wine - 15,5%  Ageing: in French oak barrels  Vintage available: 2020[:de]Rotwein - 15,5%  Reifung: in franz\u00f6sischen Eichenf\u00e4ssern  Verf\u00fcgbarer Jahrgang: 2020[:fr]Vin rouge - 15,5%  Vieillissement : dans des barriques fran\u00e7aises en bois  Mill\u00e9sime disponible : 2020[:]\" \/>\n<meta property=\"og:url\" content=\"https:\/\/www.castellodirazzano.it\/prodotto\/cuntra-piemonte-doc-merlot\/\" \/>\n<meta property=\"og:site_name\" content=\"Castello di Razzano\" \/>\n<meta property=\"article:publisher\" content=\"https:\/\/www.facebook.com\/castellodirazzanomonferrato\/\" \/>\n<meta property=\"article:modified_time\" content=\"2026-02-10T14:52:27+00:00\" \/>\n<meta property=\"og:image\" content=\"https:\/\/www.castellodirazzano.it\/wp-content\/uploads\/2019\/05\/cuntra-2.jpg\" \/>\n\t<meta property=\"og:image:width\" content=\"928\" \/>\n\t<meta property=\"og:image:height\" content=\"1120\" \/>\n\t<meta property=\"og:image:type\" content=\"image\/jpeg\" \/>\n<meta name=\"twitter:card\" content=\"summary_large_image\" \/>\n<meta name=\"twitter:label1\" content=\"Dur\u00e9e de lecture estim\u00e9e\" \/>\n\t<meta name=\"twitter:data1\" content=\"1 minute\" \/>\n<script type=\"application\/ld+json\" class=\"yoast-schema-graph\">{\"@context\":\"https:\/\/schema.org\",\"@graph\":[{\"@type\":\"WebPage\",\"@id\":\"https:\/\/www.castellodirazzano.it\/prodotto\/cuntra-piemonte-doc-merlot\/\",\"url\":\"https:\/\/www.castellodirazzano.it\/prodotto\/cuntra-piemonte-doc-merlot\/\",\"name\":\"\u201cCuntr\u00e0\u201d Vino rosso Merlot 2020 - Castello di Razzano\",\"isPartOf\":{\"@id\":\"https:\/\/www.castellodirazzano.it\/en\/#website\"},\"primaryImageOfPage\":{\"@id\":\"https:\/\/www.castellodirazzano.it\/prodotto\/cuntra-piemonte-doc-merlot\/#primaryimage\"},\"image\":{\"@id\":\"https:\/\/www.castellodirazzano.it\/prodotto\/cuntra-piemonte-doc-merlot\/#primaryimage\"},\"thumbnailUrl\":\"https:\/\/www.castellodirazzano.it\/wp-content\/uploads\/2019\/05\/cuntra-2.jpg\",\"datePublished\":\"2019-05-21T16:57:16+00:00\",\"dateModified\":\"2026-02-10T14:52:27+00:00\",\"breadcrumb\":{\"@id\":\"https:\/\/www.castellodirazzano.it\/prodotto\/cuntra-piemonte-doc-merlot\/#breadcrumb\"},\"inLanguage\":\"fr-FR\",\"potentialAction\":[{\"@type\":\"ReadAction\",\"target\":[\"https:\/\/www.castellodirazzano.it\/prodotto\/cuntra-piemonte-doc-merlot\/\"]}]},{\"@type\":\"ImageObject\",\"inLanguage\":\"fr-FR\",\"@id\":\"https:\/\/www.castellodirazzano.it\/prodotto\/cuntra-piemonte-doc-merlot\/#primaryimage\",\"url\":\"https:\/\/www.castellodirazzano.it\/wp-content\/uploads\/2019\/05\/cuntra-2.jpg\",\"contentUrl\":\"https:\/\/www.castellodirazzano.it\/wp-content\/uploads\/2019\/05\/cuntra-2.jpg\",\"width\":928,\"height\":1120},{\"@type\":\"BreadcrumbList\",\"@id\":\"https:\/\/www.castellodirazzano.it\/prodotto\/cuntra-piemonte-doc-merlot\/#breadcrumb\",\"itemListElement\":[{\"@type\":\"ListItem\",\"position\":1,\"name\":\"Home\",\"item\":\"https:\/\/www.castellodirazzano.it\/\"},{\"@type\":\"ListItem\",\"position\":2,\"name\":\"Shop\",\"item\":\"https:\/\/www.castellodirazzano.it\/negozio\/\"},{\"@type\":\"ListItem\",\"position\":3,\"name\":\"\u201cCuntr\u00e0\u201d Vino rosso Merlot 2020\"}]},{\"@type\":\"WebSite\",\"@id\":\"https:\/\/www.castellodirazzano.it\/en\/#website\",\"url\":\"https:\/\/www.castellodirazzano.it\/en\/\",\"name\":\"Castello di Razzano\",\"description\":\"Cantine e Relais di Charme\",\"potentialAction\":[{\"@type\":\"SearchAction\",\"target\":{\"@type\":\"EntryPoint\",\"urlTemplate\":\"https:\/\/www.castellodirazzano.it\/en\/?s={search_term_string}\"},\"query-input\":{\"@type\":\"PropertyValueSpecification\",\"valueRequired\":true,\"valueName\":\"search_term_string\"}}],\"inLanguage\":\"fr-FR\"}]}<\/script>\n<!-- \/ Yoast SEO plugin. -->","yoast_head_json":{"title":"\u201cCuntr\u00e0\u201d Vino rosso Merlot 2020 - Castello di Razzano","robots":{"index":"index","follow":"follow","max-snippet":"max-snippet:-1","max-image-preview":"max-image-preview:large","max-video-preview":"max-video-preview:-1"},"canonical":"https:\/\/www.castellodirazzano.it\/prodotto\/cuntra-piemonte-doc-merlot\/","og_locale":"fr_FR","og_type":"article","og_title":"\u201cCuntr\u00e0\u201d Vino rosso Merlot 2020 - Castello di Razzano","og_description":"[:it]Vino rosso - 15,5% vol  Afinamento: in barriques di rovere francese  Annata disponibile: 2020[:en]Red wine - 15,5%  Ageing: in French oak barrels  Vintage available: 2020[:de]Rotwein - 15,5%  Reifung: in franz\u00f6sischen Eichenf\u00e4ssern  Verf\u00fcgbarer Jahrgang: 2020[:fr]Vin rouge - 15,5%  Vieillissement : dans des barriques fran\u00e7aises en bois  Mill\u00e9sime disponible : 2020[:]","og_url":"https:\/\/www.castellodirazzano.it\/prodotto\/cuntra-piemonte-doc-merlot\/","og_site_name":"Castello di Razzano","article_publisher":"https:\/\/www.facebook.com\/castellodirazzanomonferrato\/","article_modified_time":"2026-02-10T14:52:27+00:00","og_image":[{"width":928,"height":1120,"url":"https:\/\/www.castellodirazzano.it\/wp-content\/uploads\/2019\/05\/cuntra-2.jpg","type":"image\/jpeg"}],"twitter_card":"summary_large_image","twitter_misc":{"Dur\u00e9e de lecture estim\u00e9e":"1 minute"},"schema":{"@context":"https:\/\/schema.org","@graph":[{"@type":"WebPage","@id":"https:\/\/www.castellodirazzano.it\/prodotto\/cuntra-piemonte-doc-merlot\/","url":"https:\/\/www.castellodirazzano.it\/prodotto\/cuntra-piemonte-doc-merlot\/","name":"\u201cCuntr\u00e0\u201d Vino rosso Merlot 2020 - Castello di Razzano","isPartOf":{"@id":"https:\/\/www.castellodirazzano.it\/en\/#website"},"primaryImageOfPage":{"@id":"https:\/\/www.castellodirazzano.it\/prodotto\/cuntra-piemonte-doc-merlot\/#primaryimage"},"image":{"@id":"https:\/\/www.castellodirazzano.it\/prodotto\/cuntra-piemonte-doc-merlot\/#primaryimage"},"thumbnailUrl":"https:\/\/www.castellodirazzano.it\/wp-content\/uploads\/2019\/05\/cuntra-2.jpg","datePublished":"2019-05-21T16:57:16+00:00","dateModified":"2026-02-10T14:52:27+00:00","breadcrumb":{"@id":"https:\/\/www.castellodirazzano.it\/prodotto\/cuntra-piemonte-doc-merlot\/#breadcrumb"},"inLanguage":"fr-FR","potentialAction":[{"@type":"ReadAction","target":["https:\/\/www.castellodirazzano.it\/prodotto\/cuntra-piemonte-doc-merlot\/"]}]},{"@type":"ImageObject","inLanguage":"fr-FR","@id":"https:\/\/www.castellodirazzano.it\/prodotto\/cuntra-piemonte-doc-merlot\/#primaryimage","url":"https:\/\/www.castellodirazzano.it\/wp-content\/uploads\/2019\/05\/cuntra-2.jpg","contentUrl":"https:\/\/www.castellodirazzano.it\/wp-content\/uploads\/2019\/05\/cuntra-2.jpg","width":928,"height":1120},{"@type":"BreadcrumbList","@id":"https:\/\/www.castellodirazzano.it\/prodotto\/cuntra-piemonte-doc-merlot\/#breadcrumb","itemListElement":[{"@type":"ListItem","position":1,"name":"Home","item":"https:\/\/www.castellodirazzano.it\/"},{"@type":"ListItem","position":2,"name":"Shop","item":"https:\/\/www.castellodirazzano.it\/negozio\/"},{"@type":"ListItem","position":3,"name":"\u201cCuntr\u00e0\u201d Vino rosso Merlot 2020"}]},{"@type":"WebSite","@id":"https:\/\/www.castellodirazzano.it\/en\/#website","url":"https:\/\/www.castellodirazzano.it\/en\/","name":"Castello di Razzano","description":"Cantine e Relais di Charme","potentialAction":[{"@type":"SearchAction","target":{"@type":"EntryPoint","urlTemplate":"https:\/\/www.castellodirazzano.it\/en\/?s={search_term_string}"},"query-input":{"@type":"PropertyValueSpecification","valueRequired":true,"valueName":"search_term_string"}}],"inLanguage":"fr-FR"}]}},"_links":{"self":[{"href":"https:\/\/www.castellodirazzano.it\/fr\/wp-json\/wp\/v2\/product\/2738","targetHints":{"allow":["GET"]}}],"collection":[{"href":"https:\/\/www.castellodirazzano.it\/fr\/wp-json\/wp\/v2\/product"}],"about":[{"href":"https:\/\/www.castellodirazzano.it\/fr\/wp-json\/wp\/v2\/types\/product"}],"wp:featuredmedia":[{"embeddable":true,"href":"https:\/\/www.castellodirazzano.it\/fr\/wp-json\/wp\/v2\/media\/19865"}],"wp:attachment":[{"href":"https:\/\/www.castellodirazzano.it\/fr\/wp-json\/wp\/v2\/media?parent=2738"}],"wp:term":[{"taxonomy":"product_cat","embeddable":true,"href":"https:\/\/www.castellodirazzano.it\/fr\/wp-json\/wp\/v2\/product_cat?post=2738"},{"taxonomy":"product_tag","embeddable":true,"href":"https:\/\/www.castellodirazzano.it\/fr\/wp-json\/wp\/v2\/product_tag?post=2738"},{"taxonomy":"giftcard-category","embeddable":true,"href":"https:\/\/www.castellodirazzano.it\/fr\/wp-json\/wp\/v2\/giftcard-category?post=2738"}],"curies":[{"name":"wp","href":"https:\/\/api.w.org\/{rel}","templated":true}]}}