{"id":19975,"date":"2025-12-11T13:43:33","date_gmt":"2025-12-11T13:43:33","guid":{"rendered":"https:\/\/www.castellodirazzano.it\/?post_type=product&#038;p=19975"},"modified":"2025-12-20T16:22:53","modified_gmt":"2025-12-20T16:22:53","slug":"gift-card-aperiolio-%f0%9f%ab%92%f0%9f%8d%b7%f0%9f%ab%92%f0%9f%8d%b7-per-1-persona","status":"publish","type":"product","link":"https:\/\/www.castellodirazzano.it\/fr\/prodotto\/gift-card-aperiolio-%f0%9f%ab%92%f0%9f%8d%b7%f0%9f%ab%92%f0%9f%8d%b7-per-1-persona\/","title":{"rendered":"Gift Card \u201cAperiOlio\u00a0\u00bb \ud83e\uded2\ud83c\udf77\ud83e\uded2\ud83c\udf77 (per 1 persona)"},"content":{"rendered":"<p>Cette exp\u00e9rience comprend une br\u00e8ve pr\u00e9sentation de l\u2019entreprise, de sa production et de son huile d\u2019olive extra vierge du Monferrato.<\/p>\n<p>S\u2019ensuivra un ap\u00e9ritif avec une d\u00e9gustation de notre huile d\u2019olive extra vierge \u00ab\u00a0Conca degli Olivi\u00a0\u00bb, accompagn\u00e9e de trois produits typiques de la r\u00e9gion et d\u2019un verre de vin.<\/p>\n<p><strong>Si vous avez d\u2019intol\u00e9rances alimentaires, d\u2019allergies ou suivez un r\u00e9gime particulier, merci de nous en informer lors de votre r\u00e9servation.<\/strong><\/p>\n<p>R\u00e9servez la visite en ligne en s\u00e9lectionnant la date souhait\u00e9e dans le calendrier et le nombre de participants.<\/p>\n<p>Pour les r\u00e9servations de derni\u00e8re minute ou pour plus d&rsquo;informations n&rsquo;h\u00e9sitez pas <a href=\"https:\/\/www.castellodirazzano.it\/fr\/contatti\/\">\u00e0 nous contacter<\/a>.<\/p>\n<p>&nbsp;<\/p>","protected":false},"excerpt":{"rendered":"<p>Valid for 1 person.<\/p>\n<p>Validity for 1 year from issuing.<\/p>\n<p><strong>Once payment has been made, the GIFT CARD will be sent to the email address entered in the \u00ab\u00a0RECIPIENT DATA\u00a0\u00bb field.<\/strong><\/p>\n<p>N.B. If you do not receive it, we recommend checking your spam folder.<\/p>\n","protected":false},"featured_media":19978,"template":"","meta":{"_genesis_hide_title":false,"_genesis_hide_breadcrumbs":false,"_genesis_hide_singular_image":false,"_genesis_hide_footer_widgets":false,"_genesis_custom_body_class":"","_genesis_custom_post_class":"","_genesis_layout":""},"product_cat":[77],"product_tag":[],"giftcard-category":[],"class_list":{"0":"post-19975","1":"product","2":"type-product","3":"status-publish","4":"has-post-thumbnail","6":"product_cat-gift-card","7":"entry","9":"first","10":"instock","11":"virtual","12":"purchasable","13":"product-type-gift-card"},"yoast_head":"<!-- This site is optimized with the Yoast SEO plugin v26.4 - https:\/\/yoast.com\/wordpress\/plugins\/seo\/ -->\n<title>Gift Card \u201cAperiOlio&quot; \ud83e\uded2\ud83c\udf77\ud83e\uded2\ud83c\udf77 (per 1 persona) - Castello di Razzano<\/title>\n<meta name=\"robots\" content=\"index, follow, max-snippet:-1, max-image-preview:large, max-video-preview:-1\" \/>\n<link rel=\"canonical\" href=\"https:\/\/www.castellodirazzano.it\/prodotto\/gift-card-aperiolio-\ud83e\uded2\ud83c\udf77\ud83e\uded2\ud83c\udf77-per-1-persona\/\" \/>\n<meta property=\"og:locale\" content=\"fr_FR\" \/>\n<meta property=\"og:type\" content=\"article\" \/>\n<meta property=\"og:title\" content=\"Gift Card \u201cAperiOlio&quot; \ud83e\uded2\ud83c\udf77\ud83e\uded2\ud83c\udf77 (per 1 persona) - Castello di Razzano\" \/>\n<meta property=\"og:description\" content=\"[:it]Valido per una persona.  Validit\u00e0 1 anno dall&#039;emissione  A pagamento avvenuto, la GIFT CARD verr\u00e0 inviata all\u2019indirizzo email inserito nel campo \u201cDATI DESTINATARIO\u201d.  N.B. In caso di mancata ricezione, vi suggeriamo di controllare la casella \u201cSpam\u201d[:en]Valid for 1 person.  Validity for 1 year from issuing.  Once payment has been made, the GIFT CARD will be sent to the email address entered in the &quot;RECIPIENT DATA&quot; field.  N.B. If you do not receive it, we recommend checking your spam folder.[:de]Valid for 1 person.  Validity for 1 year from issuing.  Once payment has been made, the GIFT CARD will be sent to the email address entered in the &quot;RECIPIENT DATA&quot; field.  N.B. If you do not receive it, we recommend checking your spam folder.[:fr]Valid for 1 person.  Validity for 1 year from issuing.  Once payment has been made, the GIFT CARD will be sent to the email address entered in the &quot;RECIPIENT DATA&quot; field.  N.B. If you do not receive it, we recommend checking your spam folder.[:]\" \/>\n<meta property=\"og:url\" content=\"https:\/\/www.castellodirazzano.it\/prodotto\/gift-card-aperiolio-\ud83e\uded2\ud83c\udf77\ud83e\uded2\ud83c\udf77-per-1-persona\/\" \/>\n<meta property=\"og:site_name\" content=\"Castello di Razzano\" \/>\n<meta property=\"article:publisher\" content=\"https:\/\/www.facebook.com\/castellodirazzanomonferrato\/\" \/>\n<meta property=\"article:modified_time\" content=\"2025-12-20T16:22:53+00:00\" \/>\n<meta property=\"og:image\" content=\"https:\/\/www.castellodirazzano.it\/wp-content\/uploads\/2025\/12\/olio-ook.png\" \/>\n\t<meta property=\"og:image:width\" content=\"423\" \/>\n\t<meta property=\"og:image:height\" content=\"276\" \/>\n\t<meta property=\"og:image:type\" content=\"image\/png\" \/>\n<meta name=\"twitter:card\" content=\"summary_large_image\" \/>\n<meta name=\"twitter:label1\" content=\"Dur\u00e9e de lecture estim\u00e9e\" \/>\n\t<meta name=\"twitter:data1\" content=\"1 minute\" \/>\n<script type=\"application\/ld+json\" class=\"yoast-schema-graph\">{\"@context\":\"https:\/\/schema.org\",\"@graph\":[{\"@type\":\"WebPage\",\"@id\":\"https:\/\/www.castellodirazzano.it\/prodotto\/gift-card-aperiolio-%f0%9f%ab%92%f0%9f%8d%b7%f0%9f%ab%92%f0%9f%8d%b7-per-1-persona\/\",\"url\":\"https:\/\/www.castellodirazzano.it\/prodotto\/gift-card-aperiolio-%f0%9f%ab%92%f0%9f%8d%b7%f0%9f%ab%92%f0%9f%8d%b7-per-1-persona\/\",\"name\":\"Gift Card \u201cAperiOlio\\\" \ud83e\uded2\ud83c\udf77\ud83e\uded2\ud83c\udf77 (per 1 persona) - Castello di Razzano\",\"isPartOf\":{\"@id\":\"https:\/\/www.castellodirazzano.it\/en\/#website\"},\"primaryImageOfPage\":{\"@id\":\"https:\/\/www.castellodirazzano.it\/prodotto\/gift-card-aperiolio-%f0%9f%ab%92%f0%9f%8d%b7%f0%9f%ab%92%f0%9f%8d%b7-per-1-persona\/#primaryimage\"},\"image\":{\"@id\":\"https:\/\/www.castellodirazzano.it\/prodotto\/gift-card-aperiolio-%f0%9f%ab%92%f0%9f%8d%b7%f0%9f%ab%92%f0%9f%8d%b7-per-1-persona\/#primaryimage\"},\"thumbnailUrl\":\"https:\/\/www.castellodirazzano.it\/wp-content\/uploads\/2025\/12\/olio-ook.png\",\"datePublished\":\"2025-12-11T13:43:33+00:00\",\"dateModified\":\"2025-12-20T16:22:53+00:00\",\"breadcrumb\":{\"@id\":\"https:\/\/www.castellodirazzano.it\/prodotto\/gift-card-aperiolio-%f0%9f%ab%92%f0%9f%8d%b7%f0%9f%ab%92%f0%9f%8d%b7-per-1-persona\/#breadcrumb\"},\"inLanguage\":\"fr-FR\",\"potentialAction\":[{\"@type\":\"ReadAction\",\"target\":[\"https:\/\/www.castellodirazzano.it\/prodotto\/gift-card-aperiolio-%f0%9f%ab%92%f0%9f%8d%b7%f0%9f%ab%92%f0%9f%8d%b7-per-1-persona\/\"]}]},{\"@type\":\"ImageObject\",\"inLanguage\":\"fr-FR\",\"@id\":\"https:\/\/www.castellodirazzano.it\/prodotto\/gift-card-aperiolio-%f0%9f%ab%92%f0%9f%8d%b7%f0%9f%ab%92%f0%9f%8d%b7-per-1-persona\/#primaryimage\",\"url\":\"https:\/\/www.castellodirazzano.it\/wp-content\/uploads\/2025\/12\/olio-ook.png\",\"contentUrl\":\"https:\/\/www.castellodirazzano.it\/wp-content\/uploads\/2025\/12\/olio-ook.png\",\"width\":423,\"height\":276},{\"@type\":\"BreadcrumbList\",\"@id\":\"https:\/\/www.castellodirazzano.it\/prodotto\/gift-card-aperiolio-%f0%9f%ab%92%f0%9f%8d%b7%f0%9f%ab%92%f0%9f%8d%b7-per-1-persona\/#breadcrumb\",\"itemListElement\":[{\"@type\":\"ListItem\",\"position\":1,\"name\":\"Home\",\"item\":\"https:\/\/www.castellodirazzano.it\/\"},{\"@type\":\"ListItem\",\"position\":2,\"name\":\"Shop\",\"item\":\"https:\/\/www.castellodirazzano.it\/negozio\/\"},{\"@type\":\"ListItem\",\"position\":3,\"name\":\"Gift Card \u201cAperiOlio&#8221; \ud83e\uded2\ud83c\udf77\ud83e\uded2\ud83c\udf77 (per 1 persona)\"}]},{\"@type\":\"WebSite\",\"@id\":\"https:\/\/www.castellodirazzano.it\/en\/#website\",\"url\":\"https:\/\/www.castellodirazzano.it\/en\/\",\"name\":\"Castello di Razzano\",\"description\":\"Cantine e Relais di Charme\",\"potentialAction\":[{\"@type\":\"SearchAction\",\"target\":{\"@type\":\"EntryPoint\",\"urlTemplate\":\"https:\/\/www.castellodirazzano.it\/en\/?s={search_term_string}\"},\"query-input\":{\"@type\":\"PropertyValueSpecification\",\"valueRequired\":true,\"valueName\":\"search_term_string\"}}],\"inLanguage\":\"fr-FR\"}]}<\/script>\n<!-- \/ Yoast SEO plugin. -->","yoast_head_json":{"title":"Gift Card \u201cAperiOlio\" \ud83e\uded2\ud83c\udf77\ud83e\uded2\ud83c\udf77 (per 1 persona) - Castello di Razzano","robots":{"index":"index","follow":"follow","max-snippet":"max-snippet:-1","max-image-preview":"max-image-preview:large","max-video-preview":"max-video-preview:-1"},"canonical":"https:\/\/www.castellodirazzano.it\/prodotto\/gift-card-aperiolio-\ud83e\uded2\ud83c\udf77\ud83e\uded2\ud83c\udf77-per-1-persona\/","og_locale":"fr_FR","og_type":"article","og_title":"Gift Card \u201cAperiOlio\" \ud83e\uded2\ud83c\udf77\ud83e\uded2\ud83c\udf77 (per 1 persona) - Castello di Razzano","og_description":"[:it]Valido per una persona.  Validit\u00e0 1 anno dall'emissione  A pagamento avvenuto, la GIFT CARD verr\u00e0 inviata all\u2019indirizzo email inserito nel campo \u201cDATI DESTINATARIO\u201d.  N.B. In caso di mancata ricezione, vi suggeriamo di controllare la casella \u201cSpam\u201d[:en]Valid for 1 person.  Validity for 1 year from issuing.  Once payment has been made, the GIFT CARD will be sent to the email address entered in the \"RECIPIENT DATA\" field.  N.B. If you do not receive it, we recommend checking your spam folder.[:de]Valid for 1 person.  Validity for 1 year from issuing.  Once payment has been made, the GIFT CARD will be sent to the email address entered in the \"RECIPIENT DATA\" field.  N.B. If you do not receive it, we recommend checking your spam folder.[:fr]Valid for 1 person.  Validity for 1 year from issuing.  Once payment has been made, the GIFT CARD will be sent to the email address entered in the \"RECIPIENT DATA\" field.  N.B. If you do not receive it, we recommend checking your spam folder.[:]","og_url":"https:\/\/www.castellodirazzano.it\/prodotto\/gift-card-aperiolio-\ud83e\uded2\ud83c\udf77\ud83e\uded2\ud83c\udf77-per-1-persona\/","og_site_name":"Castello di Razzano","article_publisher":"https:\/\/www.facebook.com\/castellodirazzanomonferrato\/","article_modified_time":"2025-12-20T16:22:53+00:00","og_image":[{"width":423,"height":276,"url":"https:\/\/www.castellodirazzano.it\/wp-content\/uploads\/2025\/12\/olio-ook.png","type":"image\/png"}],"twitter_card":"summary_large_image","twitter_misc":{"Dur\u00e9e de lecture estim\u00e9e":"1 minute"},"schema":{"@context":"https:\/\/schema.org","@graph":[{"@type":"WebPage","@id":"https:\/\/www.castellodirazzano.it\/prodotto\/gift-card-aperiolio-%f0%9f%ab%92%f0%9f%8d%b7%f0%9f%ab%92%f0%9f%8d%b7-per-1-persona\/","url":"https:\/\/www.castellodirazzano.it\/prodotto\/gift-card-aperiolio-%f0%9f%ab%92%f0%9f%8d%b7%f0%9f%ab%92%f0%9f%8d%b7-per-1-persona\/","name":"Gift Card \u201cAperiOlio\" \ud83e\uded2\ud83c\udf77\ud83e\uded2\ud83c\udf77 (per 1 persona) - Castello di Razzano","isPartOf":{"@id":"https:\/\/www.castellodirazzano.it\/en\/#website"},"primaryImageOfPage":{"@id":"https:\/\/www.castellodirazzano.it\/prodotto\/gift-card-aperiolio-%f0%9f%ab%92%f0%9f%8d%b7%f0%9f%ab%92%f0%9f%8d%b7-per-1-persona\/#primaryimage"},"image":{"@id":"https:\/\/www.castellodirazzano.it\/prodotto\/gift-card-aperiolio-%f0%9f%ab%92%f0%9f%8d%b7%f0%9f%ab%92%f0%9f%8d%b7-per-1-persona\/#primaryimage"},"thumbnailUrl":"https:\/\/www.castellodirazzano.it\/wp-content\/uploads\/2025\/12\/olio-ook.png","datePublished":"2025-12-11T13:43:33+00:00","dateModified":"2025-12-20T16:22:53+00:00","breadcrumb":{"@id":"https:\/\/www.castellodirazzano.it\/prodotto\/gift-card-aperiolio-%f0%9f%ab%92%f0%9f%8d%b7%f0%9f%ab%92%f0%9f%8d%b7-per-1-persona\/#breadcrumb"},"inLanguage":"fr-FR","potentialAction":[{"@type":"ReadAction","target":["https:\/\/www.castellodirazzano.it\/prodotto\/gift-card-aperiolio-%f0%9f%ab%92%f0%9f%8d%b7%f0%9f%ab%92%f0%9f%8d%b7-per-1-persona\/"]}]},{"@type":"ImageObject","inLanguage":"fr-FR","@id":"https:\/\/www.castellodirazzano.it\/prodotto\/gift-card-aperiolio-%f0%9f%ab%92%f0%9f%8d%b7%f0%9f%ab%92%f0%9f%8d%b7-per-1-persona\/#primaryimage","url":"https:\/\/www.castellodirazzano.it\/wp-content\/uploads\/2025\/12\/olio-ook.png","contentUrl":"https:\/\/www.castellodirazzano.it\/wp-content\/uploads\/2025\/12\/olio-ook.png","width":423,"height":276},{"@type":"BreadcrumbList","@id":"https:\/\/www.castellodirazzano.it\/prodotto\/gift-card-aperiolio-%f0%9f%ab%92%f0%9f%8d%b7%f0%9f%ab%92%f0%9f%8d%b7-per-1-persona\/#breadcrumb","itemListElement":[{"@type":"ListItem","position":1,"name":"Home","item":"https:\/\/www.castellodirazzano.it\/"},{"@type":"ListItem","position":2,"name":"Shop","item":"https:\/\/www.castellodirazzano.it\/negozio\/"},{"@type":"ListItem","position":3,"name":"Gift Card \u201cAperiOlio&#8221; \ud83e\uded2\ud83c\udf77\ud83e\uded2\ud83c\udf77 (per 1 persona)"}]},{"@type":"WebSite","@id":"https:\/\/www.castellodirazzano.it\/en\/#website","url":"https:\/\/www.castellodirazzano.it\/en\/","name":"Castello di Razzano","description":"Cantine e Relais di Charme","potentialAction":[{"@type":"SearchAction","target":{"@type":"EntryPoint","urlTemplate":"https:\/\/www.castellodirazzano.it\/en\/?s={search_term_string}"},"query-input":{"@type":"PropertyValueSpecification","valueRequired":true,"valueName":"search_term_string"}}],"inLanguage":"fr-FR"}]}},"_links":{"self":[{"href":"https:\/\/www.castellodirazzano.it\/fr\/wp-json\/wp\/v2\/product\/19975","targetHints":{"allow":["GET"]}}],"collection":[{"href":"https:\/\/www.castellodirazzano.it\/fr\/wp-json\/wp\/v2\/product"}],"about":[{"href":"https:\/\/www.castellodirazzano.it\/fr\/wp-json\/wp\/v2\/types\/product"}],"wp:featuredmedia":[{"embeddable":true,"href":"https:\/\/www.castellodirazzano.it\/fr\/wp-json\/wp\/v2\/media\/19978"}],"wp:attachment":[{"href":"https:\/\/www.castellodirazzano.it\/fr\/wp-json\/wp\/v2\/media?parent=19975"}],"wp:term":[{"taxonomy":"product_cat","embeddable":true,"href":"https:\/\/www.castellodirazzano.it\/fr\/wp-json\/wp\/v2\/product_cat?post=19975"},{"taxonomy":"product_tag","embeddable":true,"href":"https:\/\/www.castellodirazzano.it\/fr\/wp-json\/wp\/v2\/product_tag?post=19975"},{"taxonomy":"giftcard-category","embeddable":true,"href":"https:\/\/www.castellodirazzano.it\/fr\/wp-json\/wp\/v2\/giftcard-category?post=19975"}],"curies":[{"name":"wp","href":"https:\/\/api.w.org\/{rel}","templated":true}]}}