{"id":19904,"date":"2025-12-05T13:08:44","date_gmt":"2025-12-05T13:08:44","guid":{"rendered":"https:\/\/www.castellodirazzano.it\/?post_type=product&#038;p=19904"},"modified":"2026-02-04T11:00:26","modified_gmt":"2026-02-04T11:00:26","slug":"gift-card-degustazione-largeper-1-persona","status":"publish","type":"product","link":"https:\/\/www.castellodirazzano.it\/fr\/prodotto\/gift-card-degustazione-largeper-1-persona\/","title":{"rendered":"Gift Card \u201cDegustazione LARGE\u201d(per 1 persona)"},"content":{"rendered":"<p>L\u2019exp\u00e9rience comprend une visite du\u00a0<a href=\"https:\/\/www.castellodirazzano.it\/fr\/museo\/\">Museo ArteVino Razzano<\/a> et caves de vieillissement avec d\u00e9gustation de 6 vins et d\u2019huile EVO accompagn\u00e9e d\u2019un plateau de charcuterie et de fromages typiques de la r\u00e9gion, gressins et eau.<\/p>\n<p><u>La visite du Mus\u00e9e n\u2019est pas guid\u00e9e.<\/u>\u00a0Un livret d\u2019information vous sera remis \u00e0 votre arriv\u00e9e.<\/p>\n<p><strong>Si vous avez d&rsquo;intol\u00e9rances alimentaires, d&rsquo;allergies ou si vous suivez un r\u00e9gime particulier, veuillez nous en informer au moment de votre r\u00e9servation.<\/strong><\/p>\n<p>R\u00e9servez votre visite en ligne en s\u00e9lectionnant la date souhait\u00e9e dans le <a href=\"https:\/\/www.castellodirazzano.it\/prodotto\/visita-al-museo-del-vino-e-cantine-di-invecchiamento-degustazione-6-vini-tagliere-salumi-e-formaggi\/\">calendrier<\/a>.<\/p>\n<p>Pour les r\u00e9servations de derni\u00e8re minute ou pour plus d\u2019informations n\u2019h\u00e9sitez pas \u00e0 nous\u00a0<a href=\"https:\/\/www.castellodirazzano.it\/fr\/contatti\/\">contacter<\/a>.<\/p>","protected":false},"excerpt":{"rendered":"<p><strong>Validit\u00e9 1 an \u00e0 compter de l&rsquo;\u00e9mission.<\/strong><\/p>\n<p><strong>Une fois le paiement effectu\u00e9, la Gift card sera envoy\u00e9e \u00e0 l&rsquo;adresse courriel indiqu\u00e9e dans le champ \u00ab RECIPIENT DATA \u00bb.<\/strong><\/p>\n<p>N.B. Si vous ne la recevez pas, veuillez v\u00e9rifier votre courriers ind\u00e9sirables.<\/p>\n","protected":false},"featured_media":3027,"template":"","meta":{"_genesis_hide_title":false,"_genesis_hide_breadcrumbs":false,"_genesis_hide_singular_image":false,"_genesis_hide_footer_widgets":false,"_genesis_custom_body_class":"","_genesis_custom_post_class":"","_genesis_layout":""},"product_cat":[77],"product_tag":[],"giftcard-category":[],"class_list":{"0":"post-19904","1":"product","2":"type-product","3":"status-publish","4":"has-post-thumbnail","6":"product_cat-gift-card","7":"entry","9":"first","10":"instock","11":"virtual","12":"purchasable","13":"product-type-gift-card"},"yoast_head":"<!-- This site is optimized with the Yoast SEO plugin v26.4 - https:\/\/yoast.com\/wordpress\/plugins\/seo\/ -->\n<title>Gift Card \u201cDegustazione LARGE\u201d(per 1 persona) - Castello di Razzano<\/title>\n<meta name=\"robots\" content=\"index, follow, max-snippet:-1, max-image-preview:large, max-video-preview:-1\" \/>\n<link rel=\"canonical\" href=\"https:\/\/www.castellodirazzano.it\/prodotto\/gift-card-degustazione-largeper-1-persona\/\" \/>\n<meta property=\"og:locale\" content=\"fr_FR\" \/>\n<meta property=\"og:type\" content=\"article\" \/>\n<meta property=\"og:title\" content=\"Gift Card \u201cDegustazione LARGE\u201d(per 1 persona) - Castello di Razzano\" \/>\n<meta property=\"og:description\" content=\"[:it]Validit\u00e0 1 anno dall&#039;emissione.  A pagamento avvenuto, la GIFT CARD verr\u00e0 inviata all\u2019indirizzo email inserito nel campo \u201cDATI DESTINATARIO\u201d.  N.B. In caso di mancata ricezione, vi suggeriamo di controllare la casella \u201cSpam\u201d[:en]Validity for 1 year from issuing.  Once payment has been made, the GIFT CARD will be sent to the email address entered in the &quot;RECIPIENT DATA&quot; field.  N.B. If you do not receive it, we recommend checking your spam folder.[:de]G\u00fcltigkeit 1 Jahr ab Ausstellung.  Nach Zahlungseingang wird die Geschenkkarte an die im Feld \u201eRECIPIENT DATA\u201c angegebene E-Mail-Adresse gesendet.  Hinweis: Sollten Sie die Karte nicht erhalten, \u00fcberpr\u00fcfen Sie bitte Ihren Spam-Ordner.[:fr]Validit\u00e9 1 an \u00e0 compter de l&#039;\u00e9mission.  Une fois le paiement effectu\u00e9, la Gift card sera envoy\u00e9e \u00e0 l&#039;adresse courriel indiqu\u00e9e dans le champ \u00ab RECIPIENT DATA \u00bb.  N.B. Si vous ne la recevez pas, veuillez v\u00e9rifier votre courriers ind\u00e9sirables.[:]\" \/>\n<meta property=\"og:url\" content=\"https:\/\/www.castellodirazzano.it\/prodotto\/gift-card-degustazione-largeper-1-persona\/\" \/>\n<meta property=\"og:site_name\" content=\"Castello di Razzano\" \/>\n<meta property=\"article:publisher\" content=\"https:\/\/www.facebook.com\/castellodirazzanomonferrato\/\" \/>\n<meta property=\"article:modified_time\" content=\"2026-02-04T11:00:26+00:00\" \/>\n<meta property=\"og:image\" content=\"https:\/\/www.castellodirazzano.it\/wp-content\/uploads\/2019\/07\/20664618_1496847323706588_7568004865522001898_n.jpg\" \/>\n\t<meta property=\"og:image:width\" content=\"960\" \/>\n\t<meta property=\"og:image:height\" content=\"640\" \/>\n\t<meta property=\"og:image:type\" content=\"image\/jpeg\" \/>\n<meta name=\"twitter:card\" content=\"summary_large_image\" \/>\n<meta name=\"twitter:label1\" content=\"Dur\u00e9e de lecture estim\u00e9e\" \/>\n\t<meta name=\"twitter:data1\" content=\"1 minute\" \/>\n<script type=\"application\/ld+json\" class=\"yoast-schema-graph\">{\"@context\":\"https:\/\/schema.org\",\"@graph\":[{\"@type\":\"WebPage\",\"@id\":\"https:\/\/www.castellodirazzano.it\/prodotto\/gift-card-degustazione-largeper-1-persona\/\",\"url\":\"https:\/\/www.castellodirazzano.it\/prodotto\/gift-card-degustazione-largeper-1-persona\/\",\"name\":\"Gift Card \u201cDegustazione LARGE\u201d(per 1 persona) - Castello di Razzano\",\"isPartOf\":{\"@id\":\"https:\/\/www.castellodirazzano.it\/en\/#website\"},\"primaryImageOfPage\":{\"@id\":\"https:\/\/www.castellodirazzano.it\/prodotto\/gift-card-degustazione-largeper-1-persona\/#primaryimage\"},\"image\":{\"@id\":\"https:\/\/www.castellodirazzano.it\/prodotto\/gift-card-degustazione-largeper-1-persona\/#primaryimage\"},\"thumbnailUrl\":\"https:\/\/www.castellodirazzano.it\/wp-content\/uploads\/2019\/07\/20664618_1496847323706588_7568004865522001898_n.jpg\",\"datePublished\":\"2025-12-05T13:08:44+00:00\",\"dateModified\":\"2026-02-04T11:00:26+00:00\",\"breadcrumb\":{\"@id\":\"https:\/\/www.castellodirazzano.it\/prodotto\/gift-card-degustazione-largeper-1-persona\/#breadcrumb\"},\"inLanguage\":\"fr-FR\",\"potentialAction\":[{\"@type\":\"ReadAction\",\"target\":[\"https:\/\/www.castellodirazzano.it\/prodotto\/gift-card-degustazione-largeper-1-persona\/\"]}]},{\"@type\":\"ImageObject\",\"inLanguage\":\"fr-FR\",\"@id\":\"https:\/\/www.castellodirazzano.it\/prodotto\/gift-card-degustazione-largeper-1-persona\/#primaryimage\",\"url\":\"https:\/\/www.castellodirazzano.it\/wp-content\/uploads\/2019\/07\/20664618_1496847323706588_7568004865522001898_n.jpg\",\"contentUrl\":\"https:\/\/www.castellodirazzano.it\/wp-content\/uploads\/2019\/07\/20664618_1496847323706588_7568004865522001898_n.jpg\",\"width\":960,\"height\":640},{\"@type\":\"BreadcrumbList\",\"@id\":\"https:\/\/www.castellodirazzano.it\/prodotto\/gift-card-degustazione-largeper-1-persona\/#breadcrumb\",\"itemListElement\":[{\"@type\":\"ListItem\",\"position\":1,\"name\":\"Home\",\"item\":\"https:\/\/www.castellodirazzano.it\/\"},{\"@type\":\"ListItem\",\"position\":2,\"name\":\"Shop\",\"item\":\"https:\/\/www.castellodirazzano.it\/negozio\/\"},{\"@type\":\"ListItem\",\"position\":3,\"name\":\"Gift Card \u201cDegustazione LARGE\u201d(per 1 persona)\"}]},{\"@type\":\"WebSite\",\"@id\":\"https:\/\/www.castellodirazzano.it\/en\/#website\",\"url\":\"https:\/\/www.castellodirazzano.it\/en\/\",\"name\":\"Castello di Razzano\",\"description\":\"Cantine e Relais di Charme\",\"potentialAction\":[{\"@type\":\"SearchAction\",\"target\":{\"@type\":\"EntryPoint\",\"urlTemplate\":\"https:\/\/www.castellodirazzano.it\/en\/?s={search_term_string}\"},\"query-input\":{\"@type\":\"PropertyValueSpecification\",\"valueRequired\":true,\"valueName\":\"search_term_string\"}}],\"inLanguage\":\"fr-FR\"}]}<\/script>\n<!-- \/ Yoast SEO plugin. -->","yoast_head_json":{"title":"Gift Card \u201cDegustazione LARGE\u201d(per 1 persona) - Castello di Razzano","robots":{"index":"index","follow":"follow","max-snippet":"max-snippet:-1","max-image-preview":"max-image-preview:large","max-video-preview":"max-video-preview:-1"},"canonical":"https:\/\/www.castellodirazzano.it\/prodotto\/gift-card-degustazione-largeper-1-persona\/","og_locale":"fr_FR","og_type":"article","og_title":"Gift Card \u201cDegustazione LARGE\u201d(per 1 persona) - Castello di Razzano","og_description":"[:it]Validit\u00e0 1 anno dall'emissione.  A pagamento avvenuto, la GIFT CARD verr\u00e0 inviata all\u2019indirizzo email inserito nel campo \u201cDATI DESTINATARIO\u201d.  N.B. In caso di mancata ricezione, vi suggeriamo di controllare la casella \u201cSpam\u201d[:en]Validity for 1 year from issuing.  Once payment has been made, the GIFT CARD will be sent to the email address entered in the \"RECIPIENT DATA\" field.  N.B. If you do not receive it, we recommend checking your spam folder.[:de]G\u00fcltigkeit 1 Jahr ab Ausstellung.  Nach Zahlungseingang wird die Geschenkkarte an die im Feld \u201eRECIPIENT DATA\u201c angegebene E-Mail-Adresse gesendet.  Hinweis: Sollten Sie die Karte nicht erhalten, \u00fcberpr\u00fcfen Sie bitte Ihren Spam-Ordner.[:fr]Validit\u00e9 1 an \u00e0 compter de l'\u00e9mission.  Une fois le paiement effectu\u00e9, la Gift card sera envoy\u00e9e \u00e0 l'adresse courriel indiqu\u00e9e dans le champ \u00ab RECIPIENT DATA \u00bb.  N.B. Si vous ne la recevez pas, veuillez v\u00e9rifier votre courriers ind\u00e9sirables.[:]","og_url":"https:\/\/www.castellodirazzano.it\/prodotto\/gift-card-degustazione-largeper-1-persona\/","og_site_name":"Castello di Razzano","article_publisher":"https:\/\/www.facebook.com\/castellodirazzanomonferrato\/","article_modified_time":"2026-02-04T11:00:26+00:00","og_image":[{"width":960,"height":640,"url":"https:\/\/www.castellodirazzano.it\/wp-content\/uploads\/2019\/07\/20664618_1496847323706588_7568004865522001898_n.jpg","type":"image\/jpeg"}],"twitter_card":"summary_large_image","twitter_misc":{"Dur\u00e9e de lecture estim\u00e9e":"1 minute"},"schema":{"@context":"https:\/\/schema.org","@graph":[{"@type":"WebPage","@id":"https:\/\/www.castellodirazzano.it\/prodotto\/gift-card-degustazione-largeper-1-persona\/","url":"https:\/\/www.castellodirazzano.it\/prodotto\/gift-card-degustazione-largeper-1-persona\/","name":"Gift Card \u201cDegustazione LARGE\u201d(per 1 persona) - Castello di Razzano","isPartOf":{"@id":"https:\/\/www.castellodirazzano.it\/en\/#website"},"primaryImageOfPage":{"@id":"https:\/\/www.castellodirazzano.it\/prodotto\/gift-card-degustazione-largeper-1-persona\/#primaryimage"},"image":{"@id":"https:\/\/www.castellodirazzano.it\/prodotto\/gift-card-degustazione-largeper-1-persona\/#primaryimage"},"thumbnailUrl":"https:\/\/www.castellodirazzano.it\/wp-content\/uploads\/2019\/07\/20664618_1496847323706588_7568004865522001898_n.jpg","datePublished":"2025-12-05T13:08:44+00:00","dateModified":"2026-02-04T11:00:26+00:00","breadcrumb":{"@id":"https:\/\/www.castellodirazzano.it\/prodotto\/gift-card-degustazione-largeper-1-persona\/#breadcrumb"},"inLanguage":"fr-FR","potentialAction":[{"@type":"ReadAction","target":["https:\/\/www.castellodirazzano.it\/prodotto\/gift-card-degustazione-largeper-1-persona\/"]}]},{"@type":"ImageObject","inLanguage":"fr-FR","@id":"https:\/\/www.castellodirazzano.it\/prodotto\/gift-card-degustazione-largeper-1-persona\/#primaryimage","url":"https:\/\/www.castellodirazzano.it\/wp-content\/uploads\/2019\/07\/20664618_1496847323706588_7568004865522001898_n.jpg","contentUrl":"https:\/\/www.castellodirazzano.it\/wp-content\/uploads\/2019\/07\/20664618_1496847323706588_7568004865522001898_n.jpg","width":960,"height":640},{"@type":"BreadcrumbList","@id":"https:\/\/www.castellodirazzano.it\/prodotto\/gift-card-degustazione-largeper-1-persona\/#breadcrumb","itemListElement":[{"@type":"ListItem","position":1,"name":"Home","item":"https:\/\/www.castellodirazzano.it\/"},{"@type":"ListItem","position":2,"name":"Shop","item":"https:\/\/www.castellodirazzano.it\/negozio\/"},{"@type":"ListItem","position":3,"name":"Gift Card \u201cDegustazione LARGE\u201d(per 1 persona)"}]},{"@type":"WebSite","@id":"https:\/\/www.castellodirazzano.it\/en\/#website","url":"https:\/\/www.castellodirazzano.it\/en\/","name":"Castello di Razzano","description":"Cantine e Relais di Charme","potentialAction":[{"@type":"SearchAction","target":{"@type":"EntryPoint","urlTemplate":"https:\/\/www.castellodirazzano.it\/en\/?s={search_term_string}"},"query-input":{"@type":"PropertyValueSpecification","valueRequired":true,"valueName":"search_term_string"}}],"inLanguage":"fr-FR"}]}},"_links":{"self":[{"href":"https:\/\/www.castellodirazzano.it\/fr\/wp-json\/wp\/v2\/product\/19904","targetHints":{"allow":["GET"]}}],"collection":[{"href":"https:\/\/www.castellodirazzano.it\/fr\/wp-json\/wp\/v2\/product"}],"about":[{"href":"https:\/\/www.castellodirazzano.it\/fr\/wp-json\/wp\/v2\/types\/product"}],"wp:featuredmedia":[{"embeddable":true,"href":"https:\/\/www.castellodirazzano.it\/fr\/wp-json\/wp\/v2\/media\/3027"}],"wp:attachment":[{"href":"https:\/\/www.castellodirazzano.it\/fr\/wp-json\/wp\/v2\/media?parent=19904"}],"wp:term":[{"taxonomy":"product_cat","embeddable":true,"href":"https:\/\/www.castellodirazzano.it\/fr\/wp-json\/wp\/v2\/product_cat?post=19904"},{"taxonomy":"product_tag","embeddable":true,"href":"https:\/\/www.castellodirazzano.it\/fr\/wp-json\/wp\/v2\/product_tag?post=19904"},{"taxonomy":"giftcard-category","embeddable":true,"href":"https:\/\/www.castellodirazzano.it\/fr\/wp-json\/wp\/v2\/giftcard-category?post=19904"}],"curies":[{"name":"wp","href":"https:\/\/api.w.org\/{rel}","templated":true}]}}