{"id":18490,"date":"2025-06-26T09:21:00","date_gmt":"2025-06-26T09:21:00","guid":{"rendered":"https:\/\/www.castellodirazzano.it\/?post_type=product&#038;p=18490"},"modified":"2026-02-10T14:20:25","modified_gmt":"2026-02-10T14:20:25","slug":"onero-piemonte-doc-pinot-nero","status":"publish","type":"product","link":"https:\/\/www.castellodirazzano.it\/fr\/prodotto\/onero-piemonte-doc-pinot-nero\/","title":{"rendered":"\u201cOnero\u201d Piemonte Doc Pinot Nero 2023"},"content":{"rendered":"<p>Un vin \u00e0 la robe rubis p\u00e2le aux reflets grenat.<\/p>\n<p>Un vin d&rsquo;une grande finesse et d&rsquo;une grande \u00e9l\u00e9gance, dot\u00e9 d&rsquo;une acidit\u00e9 marqu\u00e9e et de tanins soyeux.<\/p>\n<p>Taille de la bouteille: 75 cl.<\/p>\n<p>\u25b6\ufe0e<a href=\"https:\/\/www.castellodirazzano.it\/wp-content\/uploads\/2026\/02\/ONERO.pdf\">\u00a0Fiche technique du vin<\/a><\/p>\n<p>&nbsp;<\/p>","protected":false},"excerpt":{"rendered":"<p>100% Pinot nero &#8211; 13,5% vol<\/p>\n<p>Vieillissement : 1 ann\u00e9e dans des barriques fran\u00e7aises en bois<\/p>\n<p>Mill\u00e9sime disponible : 2023<\/p>\n","protected":false},"featured_media":19659,"template":"","meta":{"_genesis_hide_title":false,"_genesis_hide_breadcrumbs":false,"_genesis_hide_singular_image":false,"_genesis_hide_footer_widgets":false,"_genesis_custom_body_class":"","_genesis_custom_post_class":"","_genesis_layout":""},"product_cat":[40],"product_tag":[86],"giftcard-category":[],"class_list":{"0":"post-18490","1":"product","2":"type-product","3":"status-publish","4":"has-post-thumbnail","6":"product_cat-vini-rossi","7":"product_tag-vino-rosso","8":"entry","10":"first","11":"instock","12":"shipping-taxable","13":"purchasable","14":"product-type-simple"},"yoast_head":"<!-- This site is optimized with the Yoast SEO plugin v26.4 - https:\/\/yoast.com\/wordpress\/plugins\/seo\/ -->\n<title>\u201cOnero\u201d Piemonte Doc Pinot Nero 2023 - Castello di Razzano<\/title>\n<meta name=\"robots\" content=\"index, follow, max-snippet:-1, max-image-preview:large, max-video-preview:-1\" \/>\n<link rel=\"canonical\" href=\"https:\/\/www.castellodirazzano.it\/prodotto\/onero-piemonte-doc-pinot-nero\/\" \/>\n<meta property=\"og:locale\" content=\"fr_FR\" \/>\n<meta property=\"og:type\" content=\"article\" \/>\n<meta property=\"og:title\" content=\"\u201cOnero\u201d Piemonte Doc Pinot Nero 2023 - Castello di Razzano\" \/>\n<meta property=\"og:description\" content=\"[:it]100% Pinot nero - 13,5% vol  Affinamento: 1 anno in barrique di rovere francese  Annata disponibile: 2023[:en]100% Pinot nero - 13,5% vol  Ageing: 1 year in French oak barrels  Vintage available: 2023[:de]100% Pinot nero - 13,5% vol  Reifung: 1 Jahre in franz\u00f6sischen Eichenf\u00e4ssern  Verf\u00fcgbarer Jahrgang: 2023[:fr]100% Pinot nero - 13,5% vol  Vieillissement : 1 ann\u00e9e dans des barriques fran\u00e7aises en bois  Mill\u00e9sime disponible : 2023[:]\" \/>\n<meta property=\"og:url\" content=\"https:\/\/www.castellodirazzano.it\/prodotto\/onero-piemonte-doc-pinot-nero\/\" \/>\n<meta property=\"og:site_name\" content=\"Castello di Razzano\" \/>\n<meta property=\"article:publisher\" content=\"https:\/\/www.facebook.com\/castellodirazzanomonferrato\/\" \/>\n<meta property=\"article:modified_time\" content=\"2026-02-10T14:20:25+00:00\" \/>\n<meta property=\"og:image\" content=\"https:\/\/www.castellodirazzano.it\/wp-content\/uploads\/2025\/06\/ONERO.jpeg\" \/>\n\t<meta property=\"og:image:width\" content=\"928\" \/>\n\t<meta property=\"og:image:height\" content=\"1120\" \/>\n\t<meta property=\"og:image:type\" content=\"image\/jpeg\" \/>\n<meta name=\"twitter:card\" content=\"summary_large_image\" \/>\n<meta name=\"twitter:label1\" content=\"Dur\u00e9e de lecture estim\u00e9e\" \/>\n\t<meta name=\"twitter:data1\" content=\"1 minute\" \/>\n<script type=\"application\/ld+json\" class=\"yoast-schema-graph\">{\"@context\":\"https:\/\/schema.org\",\"@graph\":[{\"@type\":\"WebPage\",\"@id\":\"https:\/\/www.castellodirazzano.it\/prodotto\/onero-piemonte-doc-pinot-nero\/\",\"url\":\"https:\/\/www.castellodirazzano.it\/prodotto\/onero-piemonte-doc-pinot-nero\/\",\"name\":\"\u201cOnero\u201d Piemonte Doc Pinot Nero 2023 - Castello di Razzano\",\"isPartOf\":{\"@id\":\"https:\/\/www.castellodirazzano.it\/en\/#website\"},\"primaryImageOfPage\":{\"@id\":\"https:\/\/www.castellodirazzano.it\/prodotto\/onero-piemonte-doc-pinot-nero\/#primaryimage\"},\"image\":{\"@id\":\"https:\/\/www.castellodirazzano.it\/prodotto\/onero-piemonte-doc-pinot-nero\/#primaryimage\"},\"thumbnailUrl\":\"https:\/\/www.castellodirazzano.it\/wp-content\/uploads\/2025\/06\/ONERO.jpeg\",\"datePublished\":\"2025-06-26T09:21:00+00:00\",\"dateModified\":\"2026-02-10T14:20:25+00:00\",\"breadcrumb\":{\"@id\":\"https:\/\/www.castellodirazzano.it\/prodotto\/onero-piemonte-doc-pinot-nero\/#breadcrumb\"},\"inLanguage\":\"fr-FR\",\"potentialAction\":[{\"@type\":\"ReadAction\",\"target\":[\"https:\/\/www.castellodirazzano.it\/prodotto\/onero-piemonte-doc-pinot-nero\/\"]}]},{\"@type\":\"ImageObject\",\"inLanguage\":\"fr-FR\",\"@id\":\"https:\/\/www.castellodirazzano.it\/prodotto\/onero-piemonte-doc-pinot-nero\/#primaryimage\",\"url\":\"https:\/\/www.castellodirazzano.it\/wp-content\/uploads\/2025\/06\/ONERO.jpeg\",\"contentUrl\":\"https:\/\/www.castellodirazzano.it\/wp-content\/uploads\/2025\/06\/ONERO.jpeg\",\"width\":928,\"height\":1120},{\"@type\":\"BreadcrumbList\",\"@id\":\"https:\/\/www.castellodirazzano.it\/prodotto\/onero-piemonte-doc-pinot-nero\/#breadcrumb\",\"itemListElement\":[{\"@type\":\"ListItem\",\"position\":1,\"name\":\"Home\",\"item\":\"https:\/\/www.castellodirazzano.it\/\"},{\"@type\":\"ListItem\",\"position\":2,\"name\":\"Shop\",\"item\":\"https:\/\/www.castellodirazzano.it\/negozio\/\"},{\"@type\":\"ListItem\",\"position\":3,\"name\":\"\u201cOnero\u201d Piemonte Doc Pinot Nero 2023\"}]},{\"@type\":\"WebSite\",\"@id\":\"https:\/\/www.castellodirazzano.it\/en\/#website\",\"url\":\"https:\/\/www.castellodirazzano.it\/en\/\",\"name\":\"Castello di Razzano\",\"description\":\"Cantine e Relais di Charme\",\"potentialAction\":[{\"@type\":\"SearchAction\",\"target\":{\"@type\":\"EntryPoint\",\"urlTemplate\":\"https:\/\/www.castellodirazzano.it\/en\/?s={search_term_string}\"},\"query-input\":{\"@type\":\"PropertyValueSpecification\",\"valueRequired\":true,\"valueName\":\"search_term_string\"}}],\"inLanguage\":\"fr-FR\"}]}<\/script>\n<!-- \/ Yoast SEO plugin. -->","yoast_head_json":{"title":"\u201cOnero\u201d Piemonte Doc Pinot Nero 2023 - Castello di Razzano","robots":{"index":"index","follow":"follow","max-snippet":"max-snippet:-1","max-image-preview":"max-image-preview:large","max-video-preview":"max-video-preview:-1"},"canonical":"https:\/\/www.castellodirazzano.it\/prodotto\/onero-piemonte-doc-pinot-nero\/","og_locale":"fr_FR","og_type":"article","og_title":"\u201cOnero\u201d Piemonte Doc Pinot Nero 2023 - Castello di Razzano","og_description":"[:it]100% Pinot nero - 13,5% vol  Affinamento: 1 anno in barrique di rovere francese  Annata disponibile: 2023[:en]100% Pinot nero - 13,5% vol  Ageing: 1 year in French oak barrels  Vintage available: 2023[:de]100% Pinot nero - 13,5% vol  Reifung: 1 Jahre in franz\u00f6sischen Eichenf\u00e4ssern  Verf\u00fcgbarer Jahrgang: 2023[:fr]100% Pinot nero - 13,5% vol  Vieillissement : 1 ann\u00e9e dans des barriques fran\u00e7aises en bois  Mill\u00e9sime disponible : 2023[:]","og_url":"https:\/\/www.castellodirazzano.it\/prodotto\/onero-piemonte-doc-pinot-nero\/","og_site_name":"Castello di Razzano","article_publisher":"https:\/\/www.facebook.com\/castellodirazzanomonferrato\/","article_modified_time":"2026-02-10T14:20:25+00:00","og_image":[{"width":928,"height":1120,"url":"https:\/\/www.castellodirazzano.it\/wp-content\/uploads\/2025\/06\/ONERO.jpeg","type":"image\/jpeg"}],"twitter_card":"summary_large_image","twitter_misc":{"Dur\u00e9e de lecture estim\u00e9e":"1 minute"},"schema":{"@context":"https:\/\/schema.org","@graph":[{"@type":"WebPage","@id":"https:\/\/www.castellodirazzano.it\/prodotto\/onero-piemonte-doc-pinot-nero\/","url":"https:\/\/www.castellodirazzano.it\/prodotto\/onero-piemonte-doc-pinot-nero\/","name":"\u201cOnero\u201d Piemonte Doc Pinot Nero 2023 - Castello di Razzano","isPartOf":{"@id":"https:\/\/www.castellodirazzano.it\/en\/#website"},"primaryImageOfPage":{"@id":"https:\/\/www.castellodirazzano.it\/prodotto\/onero-piemonte-doc-pinot-nero\/#primaryimage"},"image":{"@id":"https:\/\/www.castellodirazzano.it\/prodotto\/onero-piemonte-doc-pinot-nero\/#primaryimage"},"thumbnailUrl":"https:\/\/www.castellodirazzano.it\/wp-content\/uploads\/2025\/06\/ONERO.jpeg","datePublished":"2025-06-26T09:21:00+00:00","dateModified":"2026-02-10T14:20:25+00:00","breadcrumb":{"@id":"https:\/\/www.castellodirazzano.it\/prodotto\/onero-piemonte-doc-pinot-nero\/#breadcrumb"},"inLanguage":"fr-FR","potentialAction":[{"@type":"ReadAction","target":["https:\/\/www.castellodirazzano.it\/prodotto\/onero-piemonte-doc-pinot-nero\/"]}]},{"@type":"ImageObject","inLanguage":"fr-FR","@id":"https:\/\/www.castellodirazzano.it\/prodotto\/onero-piemonte-doc-pinot-nero\/#primaryimage","url":"https:\/\/www.castellodirazzano.it\/wp-content\/uploads\/2025\/06\/ONERO.jpeg","contentUrl":"https:\/\/www.castellodirazzano.it\/wp-content\/uploads\/2025\/06\/ONERO.jpeg","width":928,"height":1120},{"@type":"BreadcrumbList","@id":"https:\/\/www.castellodirazzano.it\/prodotto\/onero-piemonte-doc-pinot-nero\/#breadcrumb","itemListElement":[{"@type":"ListItem","position":1,"name":"Home","item":"https:\/\/www.castellodirazzano.it\/"},{"@type":"ListItem","position":2,"name":"Shop","item":"https:\/\/www.castellodirazzano.it\/negozio\/"},{"@type":"ListItem","position":3,"name":"\u201cOnero\u201d Piemonte Doc Pinot Nero 2023"}]},{"@type":"WebSite","@id":"https:\/\/www.castellodirazzano.it\/en\/#website","url":"https:\/\/www.castellodirazzano.it\/en\/","name":"Castello di Razzano","description":"Cantine e Relais di Charme","potentialAction":[{"@type":"SearchAction","target":{"@type":"EntryPoint","urlTemplate":"https:\/\/www.castellodirazzano.it\/en\/?s={search_term_string}"},"query-input":{"@type":"PropertyValueSpecification","valueRequired":true,"valueName":"search_term_string"}}],"inLanguage":"fr-FR"}]}},"_links":{"self":[{"href":"https:\/\/www.castellodirazzano.it\/fr\/wp-json\/wp\/v2\/product\/18490","targetHints":{"allow":["GET"]}}],"collection":[{"href":"https:\/\/www.castellodirazzano.it\/fr\/wp-json\/wp\/v2\/product"}],"about":[{"href":"https:\/\/www.castellodirazzano.it\/fr\/wp-json\/wp\/v2\/types\/product"}],"wp:featuredmedia":[{"embeddable":true,"href":"https:\/\/www.castellodirazzano.it\/fr\/wp-json\/wp\/v2\/media\/19659"}],"wp:attachment":[{"href":"https:\/\/www.castellodirazzano.it\/fr\/wp-json\/wp\/v2\/media?parent=18490"}],"wp:term":[{"taxonomy":"product_cat","embeddable":true,"href":"https:\/\/www.castellodirazzano.it\/fr\/wp-json\/wp\/v2\/product_cat?post=18490"},{"taxonomy":"product_tag","embeddable":true,"href":"https:\/\/www.castellodirazzano.it\/fr\/wp-json\/wp\/v2\/product_tag?post=18490"},{"taxonomy":"giftcard-category","embeddable":true,"href":"https:\/\/www.castellodirazzano.it\/fr\/wp-json\/wp\/v2\/giftcard-category?post=18490"}],"curies":[{"name":"wp","href":"https:\/\/api.w.org\/{rel}","templated":true}]}}