{"id":17670,"date":"2025-04-03T09:03:57","date_gmt":"2025-04-03T09:03:57","guid":{"rendered":"https:\/\/www.castellodirazzano.it\/?post_type=product&#038;p=17670"},"modified":"2025-04-03T10:08:36","modified_gmt":"2025-04-03T10:08:36","slug":"trekking-in-monferrato","status":"publish","type":"product","link":"https:\/\/www.castellodirazzano.it\/fr\/prodotto\/trekking-in-monferrato\/","title":{"rendered":"MONFERRATO TREKKING"},"content":{"rendered":"<p>Silvia est une guide de randonn\u00e9e environnementale et une accompagnatrice certifi\u00e9e poss\u00e9dant des comp\u00e9tences linguistiques en anglais et en espagnol. Organise des excursions guid\u00e9es dans le Monferrato, promouvant un tourisme lent et durable.<\/p>\n<p>Des excursions peuvent \u00eatre\u00a0organis\u00e9es\u00a0en priv\u00e9 sur demande pour des individuels, des couples, des familles, des groupes, des entreprises ou il est possible de participer \u00e0 des excursions de groupe en consultant son <a href=\"https:\/\/hikingtaste.com\/calendario-2\/\">calendrier<\/a>.<\/p>\n<p>&nbsp;<\/p>\n<p><strong>Silvia\u00a0 +39 3393472871<\/strong><\/p>\n<p><strong>hikingtaste@gmail.com<\/strong><br \/>\n<img loading=\"lazy\" decoding=\"async\" class=\"size-medium wp-image-17681 alignleft\" src=\"https:\/\/www.castellodirazzano.it\/wp-content\/uploads\/2025\/04\/484052547_663553642854106_1325188330262855548_n-300x300.jpg\" alt=\"\" width=\"300\" height=\"300\" srcset=\"https:\/\/www.castellodirazzano.it\/wp-content\/uploads\/2025\/04\/484052547_663553642854106_1325188330262855548_n-300x300.jpg 300w, https:\/\/www.castellodirazzano.it\/wp-content\/uploads\/2025\/04\/484052547_663553642854106_1325188330262855548_n-1024x1024.jpg 1024w, https:\/\/www.castellodirazzano.it\/wp-content\/uploads\/2025\/04\/484052547_663553642854106_1325188330262855548_n-150x150.jpg 150w, https:\/\/www.castellodirazzano.it\/wp-content\/uploads\/2025\/04\/484052547_663553642854106_1325188330262855548_n-768x768.jpg 768w, https:\/\/www.castellodirazzano.it\/wp-content\/uploads\/2025\/04\/484052547_663553642854106_1325188330262855548_n-600x600.jpg 600w, https:\/\/www.castellodirazzano.it\/wp-content\/uploads\/2025\/04\/484052547_663553642854106_1325188330262855548_n-100x100.jpg 100w, https:\/\/www.castellodirazzano.it\/wp-content\/uploads\/2025\/04\/484052547_663553642854106_1325188330262855548_n.jpg 1080w\" sizes=\"auto, (max-width: 300px) 100vw, 300px\" \/><\/p>","protected":false},"excerpt":{"rendered":"<p>Trekking parmi les splendides collines du Monferrato.<\/p>\n","protected":false},"featured_media":17677,"template":"","meta":{"_genesis_hide_title":false,"_genesis_hide_breadcrumbs":false,"_genesis_hide_singular_image":false,"_genesis_hide_footer_widgets":false,"_genesis_custom_body_class":"","_genesis_custom_post_class":"","_genesis_layout":""},"product_cat":[84],"product_tag":[],"giftcard-category":[],"class_list":{"0":"post-17670","1":"product","2":"type-product","3":"status-publish","4":"has-post-thumbnail","6":"product_cat-esperienze-monferrato","7":"entry","9":"first","10":"instock","11":"shipping-taxable","12":"product-type-simple"},"yoast_head":"<!-- This site is optimized with the Yoast SEO plugin v26.4 - https:\/\/yoast.com\/wordpress\/plugins\/seo\/ -->\n<title>MONFERRATO TREKKING - Castello di Razzano<\/title>\n<meta name=\"robots\" content=\"index, follow, max-snippet:-1, max-image-preview:large, max-video-preview:-1\" \/>\n<link rel=\"canonical\" href=\"https:\/\/www.castellodirazzano.it\/prodotto\/trekking-in-monferrato\/\" \/>\n<meta property=\"og:locale\" content=\"fr_FR\" \/>\n<meta property=\"og:type\" content=\"article\" \/>\n<meta property=\"og:title\" content=\"MONFERRATO TREKKING - Castello di Razzano\" \/>\n<meta property=\"og:description\" content=\"[:it]Trekking tra le splendide colline del Monferrato.[:en]Trekking among the splendid hills of Monferrato.[:de]Trekking zwischen den herrlichen H\u00fcgeln des Monferrato.[:fr]Trekking parmi les splendides collines du Monferrato.[:]\" \/>\n<meta property=\"og:url\" content=\"https:\/\/www.castellodirazzano.it\/prodotto\/trekking-in-monferrato\/\" \/>\n<meta property=\"og:site_name\" content=\"Castello di Razzano\" \/>\n<meta property=\"article:publisher\" content=\"https:\/\/www.facebook.com\/castellodirazzanomonferrato\/\" \/>\n<meta property=\"article:modified_time\" content=\"2025-04-03T10:08:36+00:00\" \/>\n<meta property=\"og:image\" content=\"https:\/\/www.castellodirazzano.it\/wp-content\/uploads\/2025\/04\/Immagine-2025-04-03-114659.jpg\" \/>\n\t<meta property=\"og:image:width\" content=\"354\" \/>\n\t<meta property=\"og:image:height\" content=\"204\" \/>\n\t<meta property=\"og:image:type\" content=\"image\/jpeg\" \/>\n<meta name=\"twitter:card\" content=\"summary_large_image\" \/>\n<meta name=\"twitter:label1\" content=\"Dur\u00e9e de lecture estim\u00e9e\" \/>\n\t<meta name=\"twitter:data1\" content=\"1 minute\" \/>\n<script type=\"application\/ld+json\" class=\"yoast-schema-graph\">{\"@context\":\"https:\/\/schema.org\",\"@graph\":[{\"@type\":\"WebPage\",\"@id\":\"https:\/\/www.castellodirazzano.it\/prodotto\/trekking-in-monferrato\/\",\"url\":\"https:\/\/www.castellodirazzano.it\/prodotto\/trekking-in-monferrato\/\",\"name\":\"MONFERRATO TREKKING - Castello di Razzano\",\"isPartOf\":{\"@id\":\"https:\/\/www.castellodirazzano.it\/en\/#website\"},\"primaryImageOfPage\":{\"@id\":\"https:\/\/www.castellodirazzano.it\/prodotto\/trekking-in-monferrato\/#primaryimage\"},\"image\":{\"@id\":\"https:\/\/www.castellodirazzano.it\/prodotto\/trekking-in-monferrato\/#primaryimage\"},\"thumbnailUrl\":\"https:\/\/www.castellodirazzano.it\/wp-content\/uploads\/2025\/04\/Immagine-2025-04-03-114659.jpg\",\"datePublished\":\"2025-04-03T09:03:57+00:00\",\"dateModified\":\"2025-04-03T10:08:36+00:00\",\"breadcrumb\":{\"@id\":\"https:\/\/www.castellodirazzano.it\/prodotto\/trekking-in-monferrato\/#breadcrumb\"},\"inLanguage\":\"fr-FR\",\"potentialAction\":[{\"@type\":\"ReadAction\",\"target\":[\"https:\/\/www.castellodirazzano.it\/prodotto\/trekking-in-monferrato\/\"]}]},{\"@type\":\"ImageObject\",\"inLanguage\":\"fr-FR\",\"@id\":\"https:\/\/www.castellodirazzano.it\/prodotto\/trekking-in-monferrato\/#primaryimage\",\"url\":\"https:\/\/www.castellodirazzano.it\/wp-content\/uploads\/2025\/04\/Immagine-2025-04-03-114659.jpg\",\"contentUrl\":\"https:\/\/www.castellodirazzano.it\/wp-content\/uploads\/2025\/04\/Immagine-2025-04-03-114659.jpg\",\"width\":354,\"height\":204},{\"@type\":\"BreadcrumbList\",\"@id\":\"https:\/\/www.castellodirazzano.it\/prodotto\/trekking-in-monferrato\/#breadcrumb\",\"itemListElement\":[{\"@type\":\"ListItem\",\"position\":1,\"name\":\"Home\",\"item\":\"https:\/\/www.castellodirazzano.it\/\"},{\"@type\":\"ListItem\",\"position\":2,\"name\":\"Shop\",\"item\":\"https:\/\/www.castellodirazzano.it\/negozio\/\"},{\"@type\":\"ListItem\",\"position\":3,\"name\":\"TREKKING IN MONFERRATO\"}]},{\"@type\":\"WebSite\",\"@id\":\"https:\/\/www.castellodirazzano.it\/en\/#website\",\"url\":\"https:\/\/www.castellodirazzano.it\/en\/\",\"name\":\"Castello di Razzano\",\"description\":\"Cantine e Relais di Charme\",\"potentialAction\":[{\"@type\":\"SearchAction\",\"target\":{\"@type\":\"EntryPoint\",\"urlTemplate\":\"https:\/\/www.castellodirazzano.it\/en\/?s={search_term_string}\"},\"query-input\":{\"@type\":\"PropertyValueSpecification\",\"valueRequired\":true,\"valueName\":\"search_term_string\"}}],\"inLanguage\":\"fr-FR\"}]}<\/script>\n<!-- \/ Yoast SEO plugin. -->","yoast_head_json":{"title":"MONFERRATO TREKKING - Castello di Razzano","robots":{"index":"index","follow":"follow","max-snippet":"max-snippet:-1","max-image-preview":"max-image-preview:large","max-video-preview":"max-video-preview:-1"},"canonical":"https:\/\/www.castellodirazzano.it\/prodotto\/trekking-in-monferrato\/","og_locale":"fr_FR","og_type":"article","og_title":"MONFERRATO TREKKING - Castello di Razzano","og_description":"[:it]Trekking tra le splendide colline del Monferrato.[:en]Trekking among the splendid hills of Monferrato.[:de]Trekking zwischen den herrlichen H\u00fcgeln des Monferrato.[:fr]Trekking parmi les splendides collines du Monferrato.[:]","og_url":"https:\/\/www.castellodirazzano.it\/prodotto\/trekking-in-monferrato\/","og_site_name":"Castello di Razzano","article_publisher":"https:\/\/www.facebook.com\/castellodirazzanomonferrato\/","article_modified_time":"2025-04-03T10:08:36+00:00","og_image":[{"width":354,"height":204,"url":"https:\/\/www.castellodirazzano.it\/wp-content\/uploads\/2025\/04\/Immagine-2025-04-03-114659.jpg","type":"image\/jpeg"}],"twitter_card":"summary_large_image","twitter_misc":{"Dur\u00e9e de lecture estim\u00e9e":"1 minute"},"schema":{"@context":"https:\/\/schema.org","@graph":[{"@type":"WebPage","@id":"https:\/\/www.castellodirazzano.it\/prodotto\/trekking-in-monferrato\/","url":"https:\/\/www.castellodirazzano.it\/prodotto\/trekking-in-monferrato\/","name":"MONFERRATO TREKKING - Castello di Razzano","isPartOf":{"@id":"https:\/\/www.castellodirazzano.it\/en\/#website"},"primaryImageOfPage":{"@id":"https:\/\/www.castellodirazzano.it\/prodotto\/trekking-in-monferrato\/#primaryimage"},"image":{"@id":"https:\/\/www.castellodirazzano.it\/prodotto\/trekking-in-monferrato\/#primaryimage"},"thumbnailUrl":"https:\/\/www.castellodirazzano.it\/wp-content\/uploads\/2025\/04\/Immagine-2025-04-03-114659.jpg","datePublished":"2025-04-03T09:03:57+00:00","dateModified":"2025-04-03T10:08:36+00:00","breadcrumb":{"@id":"https:\/\/www.castellodirazzano.it\/prodotto\/trekking-in-monferrato\/#breadcrumb"},"inLanguage":"fr-FR","potentialAction":[{"@type":"ReadAction","target":["https:\/\/www.castellodirazzano.it\/prodotto\/trekking-in-monferrato\/"]}]},{"@type":"ImageObject","inLanguage":"fr-FR","@id":"https:\/\/www.castellodirazzano.it\/prodotto\/trekking-in-monferrato\/#primaryimage","url":"https:\/\/www.castellodirazzano.it\/wp-content\/uploads\/2025\/04\/Immagine-2025-04-03-114659.jpg","contentUrl":"https:\/\/www.castellodirazzano.it\/wp-content\/uploads\/2025\/04\/Immagine-2025-04-03-114659.jpg","width":354,"height":204},{"@type":"BreadcrumbList","@id":"https:\/\/www.castellodirazzano.it\/prodotto\/trekking-in-monferrato\/#breadcrumb","itemListElement":[{"@type":"ListItem","position":1,"name":"Home","item":"https:\/\/www.castellodirazzano.it\/"},{"@type":"ListItem","position":2,"name":"Shop","item":"https:\/\/www.castellodirazzano.it\/negozio\/"},{"@type":"ListItem","position":3,"name":"TREKKING IN MONFERRATO"}]},{"@type":"WebSite","@id":"https:\/\/www.castellodirazzano.it\/en\/#website","url":"https:\/\/www.castellodirazzano.it\/en\/","name":"Castello di Razzano","description":"Cantine e Relais di Charme","potentialAction":[{"@type":"SearchAction","target":{"@type":"EntryPoint","urlTemplate":"https:\/\/www.castellodirazzano.it\/en\/?s={search_term_string}"},"query-input":{"@type":"PropertyValueSpecification","valueRequired":true,"valueName":"search_term_string"}}],"inLanguage":"fr-FR"}]}},"_links":{"self":[{"href":"https:\/\/www.castellodirazzano.it\/fr\/wp-json\/wp\/v2\/product\/17670","targetHints":{"allow":["GET"]}}],"collection":[{"href":"https:\/\/www.castellodirazzano.it\/fr\/wp-json\/wp\/v2\/product"}],"about":[{"href":"https:\/\/www.castellodirazzano.it\/fr\/wp-json\/wp\/v2\/types\/product"}],"wp:featuredmedia":[{"embeddable":true,"href":"https:\/\/www.castellodirazzano.it\/fr\/wp-json\/wp\/v2\/media\/17677"}],"wp:attachment":[{"href":"https:\/\/www.castellodirazzano.it\/fr\/wp-json\/wp\/v2\/media?parent=17670"}],"wp:term":[{"taxonomy":"product_cat","embeddable":true,"href":"https:\/\/www.castellodirazzano.it\/fr\/wp-json\/wp\/v2\/product_cat?post=17670"},{"taxonomy":"product_tag","embeddable":true,"href":"https:\/\/www.castellodirazzano.it\/fr\/wp-json\/wp\/v2\/product_tag?post=17670"},{"taxonomy":"giftcard-category","embeddable":true,"href":"https:\/\/www.castellodirazzano.it\/fr\/wp-json\/wp\/v2\/giftcard-category?post=17670"}],"curies":[{"name":"wp","href":"https:\/\/api.w.org\/{rel}","templated":true}]}}