{"id":17387,"date":"2025-03-04T17:59:19","date_gmt":"2025-03-04T17:59:19","guid":{"rendered":"https:\/\/www.castellodirazzano.it\/?post_type=product&#038;p=17387"},"modified":"2025-03-07T09:00:58","modified_gmt":"2025-03-07T09:00:58","slug":"degustazione-formaggi-caprini","status":"publish","type":"product","link":"https:\/\/www.castellodirazzano.it\/fr\/prodotto\/degustazione-formaggi-caprini\/","title":{"rendered":"D\u00c9GUSTATION DE FROMAGE DE CH\u00c8VRE"},"content":{"rendered":"<p>Visite de l&rsquo;\u00e9curie o\u00f9 vous pourrez d\u00e9couvrir comment vivent les ch\u00e8vres et ce qu&rsquo;elles mangent.<\/p>\n<p>Vous pourrez assister \u00e0 la fabrication du fromage et d\u00e9couvrir les secrets de fabrication de la robiola fra\u00eeche et de la tome affin\u00e9e.<\/p>\n<p>Enfin, vous d\u00e9gusterez les diff\u00e9rents produits de l&rsquo;entreprise.<\/p>\n<p>&nbsp;<\/p>\n<p>Azienda Agricola Dorato<\/p>\n<p>Strada Borghi, 1 Alfiano Natta<\/p>\n<p><strong>R\u00e9servation obligatoire:<\/strong><\/p>\n<p>Stefania +39 3200845393<\/p>\n<p>doratostefania@gmail.com<\/p>","protected":false},"excerpt":{"rendered":"<p>A quelques minutes du Castello, visite de l&rsquo;\u00e9curie et d\u00e9gustation de fromages de ch\u00e8vre.<\/p>\n","protected":false},"featured_media":17388,"template":"","meta":{"_genesis_hide_title":false,"_genesis_hide_breadcrumbs":false,"_genesis_hide_singular_image":false,"_genesis_hide_footer_widgets":false,"_genesis_custom_body_class":"","_genesis_custom_post_class":"","_genesis_layout":""},"product_cat":[84],"product_tag":[],"giftcard-category":[],"class_list":{"0":"post-17387","1":"product","2":"type-product","3":"status-publish","4":"has-post-thumbnail","6":"product_cat-esperienze-monferrato","7":"entry","9":"first","10":"instock","11":"shipping-taxable","12":"product-type-simple"},"yoast_head":"<!-- This site is optimized with the Yoast SEO plugin v26.4 - https:\/\/yoast.com\/wordpress\/plugins\/seo\/ -->\n<title>D\u00c9GUSTATION DE FROMAGE DE CH\u00c8VRE - Castello di Razzano<\/title>\n<meta name=\"robots\" content=\"index, follow, max-snippet:-1, max-image-preview:large, max-video-preview:-1\" \/>\n<link rel=\"canonical\" href=\"https:\/\/www.castellodirazzano.it\/prodotto\/degustazione-formaggi-caprini\/\" \/>\n<meta property=\"og:locale\" content=\"fr_FR\" \/>\n<meta property=\"og:type\" content=\"article\" \/>\n<meta property=\"og:title\" content=\"D\u00c9GUSTATION DE FROMAGE DE CH\u00c8VRE - Castello di Razzano\" \/>\n<meta property=\"og:description\" content=\"[:it]A pochi minuti dal Castello visita in stalla e degustazione di formaggi caprini.[:en]A few minutes from the Castle, visit to the stable and tasting of goat cheeses.[:de]Ein paar Minuten vom Schloss entfernt besuchen Sie den Stall und probieren Ziegenk\u00e4se.[:fr]A quelques minutes du Castello, visite de l&#039;\u00e9curie et d\u00e9gustation de fromages de ch\u00e8vre.[:]\" \/>\n<meta property=\"og:url\" content=\"https:\/\/www.castellodirazzano.it\/prodotto\/degustazione-formaggi-caprini\/\" \/>\n<meta property=\"og:site_name\" content=\"Castello di Razzano\" \/>\n<meta property=\"article:publisher\" content=\"https:\/\/www.facebook.com\/castellodirazzanomonferrato\/\" \/>\n<meta property=\"article:modified_time\" content=\"2025-03-07T09:00:58+00:00\" \/>\n<meta property=\"og:image\" content=\"https:\/\/www.castellodirazzano.it\/wp-content\/uploads\/2025\/03\/AZ-AGRICOLA-STEFANIA.png\" \/>\n\t<meta property=\"og:image:width\" content=\"567\" \/>\n\t<meta property=\"og:image:height\" content=\"567\" \/>\n\t<meta property=\"og:image:type\" content=\"image\/png\" \/>\n<meta name=\"twitter:card\" content=\"summary_large_image\" \/>\n<meta name=\"twitter:label1\" content=\"Dur\u00e9e de lecture estim\u00e9e\" \/>\n\t<meta name=\"twitter:data1\" content=\"1 minute\" \/>\n<script type=\"application\/ld+json\" class=\"yoast-schema-graph\">{\"@context\":\"https:\/\/schema.org\",\"@graph\":[{\"@type\":\"WebPage\",\"@id\":\"https:\/\/www.castellodirazzano.it\/prodotto\/degustazione-formaggi-caprini\/\",\"url\":\"https:\/\/www.castellodirazzano.it\/prodotto\/degustazione-formaggi-caprini\/\",\"name\":\"D\u00c9GUSTATION DE FROMAGE DE CH\u00c8VRE - Castello di Razzano\",\"isPartOf\":{\"@id\":\"https:\/\/www.castellodirazzano.it\/en\/#website\"},\"primaryImageOfPage\":{\"@id\":\"https:\/\/www.castellodirazzano.it\/prodotto\/degustazione-formaggi-caprini\/#primaryimage\"},\"image\":{\"@id\":\"https:\/\/www.castellodirazzano.it\/prodotto\/degustazione-formaggi-caprini\/#primaryimage\"},\"thumbnailUrl\":\"https:\/\/www.castellodirazzano.it\/wp-content\/uploads\/2025\/03\/AZ-AGRICOLA-STEFANIA.png\",\"datePublished\":\"2025-03-04T17:59:19+00:00\",\"dateModified\":\"2025-03-07T09:00:58+00:00\",\"breadcrumb\":{\"@id\":\"https:\/\/www.castellodirazzano.it\/prodotto\/degustazione-formaggi-caprini\/#breadcrumb\"},\"inLanguage\":\"fr-FR\",\"potentialAction\":[{\"@type\":\"ReadAction\",\"target\":[\"https:\/\/www.castellodirazzano.it\/prodotto\/degustazione-formaggi-caprini\/\"]}]},{\"@type\":\"ImageObject\",\"inLanguage\":\"fr-FR\",\"@id\":\"https:\/\/www.castellodirazzano.it\/prodotto\/degustazione-formaggi-caprini\/#primaryimage\",\"url\":\"https:\/\/www.castellodirazzano.it\/wp-content\/uploads\/2025\/03\/AZ-AGRICOLA-STEFANIA.png\",\"contentUrl\":\"https:\/\/www.castellodirazzano.it\/wp-content\/uploads\/2025\/03\/AZ-AGRICOLA-STEFANIA.png\",\"width\":567,\"height\":567},{\"@type\":\"BreadcrumbList\",\"@id\":\"https:\/\/www.castellodirazzano.it\/prodotto\/degustazione-formaggi-caprini\/#breadcrumb\",\"itemListElement\":[{\"@type\":\"ListItem\",\"position\":1,\"name\":\"Home\",\"item\":\"https:\/\/www.castellodirazzano.it\/\"},{\"@type\":\"ListItem\",\"position\":2,\"name\":\"Shop\",\"item\":\"https:\/\/www.castellodirazzano.it\/negozio\/\"},{\"@type\":\"ListItem\",\"position\":3,\"name\":\"DEGUSTAZIONE FORMAGGI CAPRINI\"}]},{\"@type\":\"WebSite\",\"@id\":\"https:\/\/www.castellodirazzano.it\/en\/#website\",\"url\":\"https:\/\/www.castellodirazzano.it\/en\/\",\"name\":\"Castello di Razzano\",\"description\":\"Cantine e Relais di Charme\",\"potentialAction\":[{\"@type\":\"SearchAction\",\"target\":{\"@type\":\"EntryPoint\",\"urlTemplate\":\"https:\/\/www.castellodirazzano.it\/en\/?s={search_term_string}\"},\"query-input\":{\"@type\":\"PropertyValueSpecification\",\"valueRequired\":true,\"valueName\":\"search_term_string\"}}],\"inLanguage\":\"fr-FR\"}]}<\/script>\n<!-- \/ Yoast SEO plugin. -->","yoast_head_json":{"title":"D\u00c9GUSTATION DE FROMAGE DE CH\u00c8VRE - Castello di Razzano","robots":{"index":"index","follow":"follow","max-snippet":"max-snippet:-1","max-image-preview":"max-image-preview:large","max-video-preview":"max-video-preview:-1"},"canonical":"https:\/\/www.castellodirazzano.it\/prodotto\/degustazione-formaggi-caprini\/","og_locale":"fr_FR","og_type":"article","og_title":"D\u00c9GUSTATION DE FROMAGE DE CH\u00c8VRE - Castello di Razzano","og_description":"[:it]A pochi minuti dal Castello visita in stalla e degustazione di formaggi caprini.[:en]A few minutes from the Castle, visit to the stable and tasting of goat cheeses.[:de]Ein paar Minuten vom Schloss entfernt besuchen Sie den Stall und probieren Ziegenk\u00e4se.[:fr]A quelques minutes du Castello, visite de l'\u00e9curie et d\u00e9gustation de fromages de ch\u00e8vre.[:]","og_url":"https:\/\/www.castellodirazzano.it\/prodotto\/degustazione-formaggi-caprini\/","og_site_name":"Castello di Razzano","article_publisher":"https:\/\/www.facebook.com\/castellodirazzanomonferrato\/","article_modified_time":"2025-03-07T09:00:58+00:00","og_image":[{"width":567,"height":567,"url":"https:\/\/www.castellodirazzano.it\/wp-content\/uploads\/2025\/03\/AZ-AGRICOLA-STEFANIA.png","type":"image\/png"}],"twitter_card":"summary_large_image","twitter_misc":{"Dur\u00e9e de lecture estim\u00e9e":"1 minute"},"schema":{"@context":"https:\/\/schema.org","@graph":[{"@type":"WebPage","@id":"https:\/\/www.castellodirazzano.it\/prodotto\/degustazione-formaggi-caprini\/","url":"https:\/\/www.castellodirazzano.it\/prodotto\/degustazione-formaggi-caprini\/","name":"D\u00c9GUSTATION DE FROMAGE DE CH\u00c8VRE - Castello di Razzano","isPartOf":{"@id":"https:\/\/www.castellodirazzano.it\/en\/#website"},"primaryImageOfPage":{"@id":"https:\/\/www.castellodirazzano.it\/prodotto\/degustazione-formaggi-caprini\/#primaryimage"},"image":{"@id":"https:\/\/www.castellodirazzano.it\/prodotto\/degustazione-formaggi-caprini\/#primaryimage"},"thumbnailUrl":"https:\/\/www.castellodirazzano.it\/wp-content\/uploads\/2025\/03\/AZ-AGRICOLA-STEFANIA.png","datePublished":"2025-03-04T17:59:19+00:00","dateModified":"2025-03-07T09:00:58+00:00","breadcrumb":{"@id":"https:\/\/www.castellodirazzano.it\/prodotto\/degustazione-formaggi-caprini\/#breadcrumb"},"inLanguage":"fr-FR","potentialAction":[{"@type":"ReadAction","target":["https:\/\/www.castellodirazzano.it\/prodotto\/degustazione-formaggi-caprini\/"]}]},{"@type":"ImageObject","inLanguage":"fr-FR","@id":"https:\/\/www.castellodirazzano.it\/prodotto\/degustazione-formaggi-caprini\/#primaryimage","url":"https:\/\/www.castellodirazzano.it\/wp-content\/uploads\/2025\/03\/AZ-AGRICOLA-STEFANIA.png","contentUrl":"https:\/\/www.castellodirazzano.it\/wp-content\/uploads\/2025\/03\/AZ-AGRICOLA-STEFANIA.png","width":567,"height":567},{"@type":"BreadcrumbList","@id":"https:\/\/www.castellodirazzano.it\/prodotto\/degustazione-formaggi-caprini\/#breadcrumb","itemListElement":[{"@type":"ListItem","position":1,"name":"Home","item":"https:\/\/www.castellodirazzano.it\/"},{"@type":"ListItem","position":2,"name":"Shop","item":"https:\/\/www.castellodirazzano.it\/negozio\/"},{"@type":"ListItem","position":3,"name":"DEGUSTAZIONE FORMAGGI CAPRINI"}]},{"@type":"WebSite","@id":"https:\/\/www.castellodirazzano.it\/en\/#website","url":"https:\/\/www.castellodirazzano.it\/en\/","name":"Castello di Razzano","description":"Cantine e Relais di Charme","potentialAction":[{"@type":"SearchAction","target":{"@type":"EntryPoint","urlTemplate":"https:\/\/www.castellodirazzano.it\/en\/?s={search_term_string}"},"query-input":{"@type":"PropertyValueSpecification","valueRequired":true,"valueName":"search_term_string"}}],"inLanguage":"fr-FR"}]}},"_links":{"self":[{"href":"https:\/\/www.castellodirazzano.it\/fr\/wp-json\/wp\/v2\/product\/17387","targetHints":{"allow":["GET"]}}],"collection":[{"href":"https:\/\/www.castellodirazzano.it\/fr\/wp-json\/wp\/v2\/product"}],"about":[{"href":"https:\/\/www.castellodirazzano.it\/fr\/wp-json\/wp\/v2\/types\/product"}],"wp:featuredmedia":[{"embeddable":true,"href":"https:\/\/www.castellodirazzano.it\/fr\/wp-json\/wp\/v2\/media\/17388"}],"wp:attachment":[{"href":"https:\/\/www.castellodirazzano.it\/fr\/wp-json\/wp\/v2\/media?parent=17387"}],"wp:term":[{"taxonomy":"product_cat","embeddable":true,"href":"https:\/\/www.castellodirazzano.it\/fr\/wp-json\/wp\/v2\/product_cat?post=17387"},{"taxonomy":"product_tag","embeddable":true,"href":"https:\/\/www.castellodirazzano.it\/fr\/wp-json\/wp\/v2\/product_tag?post=17387"},{"taxonomy":"giftcard-category","embeddable":true,"href":"https:\/\/www.castellodirazzano.it\/fr\/wp-json\/wp\/v2\/giftcard-category?post=17387"}],"curies":[{"name":"wp","href":"https:\/\/api.w.org\/{rel}","templated":true}]}}