{"id":16857,"date":"2024-12-09T08:57:44","date_gmt":"2024-12-09T08:57:44","guid":{"rendered":"https:\/\/www.castellodirazzano.it\/?post_type=product&#038;p=16857"},"modified":"2025-12-20T16:30:43","modified_gmt":"2025-12-20T16:30:43","slug":"gift-card-cena-per-due-al-castello","status":"publish","type":"product","link":"https:\/\/www.castellodirazzano.it\/fr\/prodotto\/gift-card-cena-per-due-al-castello\/","title":{"rendered":"Gift Card \u00ab\u00a0Cena per due al Castello\u00a0\u00bb"},"content":{"rendered":"<p>D\u00eener pour deux personnes avec menu d\u00e9gustation.<\/p>\n<p>Pour r\u00e9server ou pour plus d\u2019informations <a href=\"https:\/\/www.castellodirazzano.it\/fr\/contatti\/\">n\u2019h\u00e9sitez pas \u00e0 nous contacter<\/a>.<\/p>\n<p><strong>Bon valable pour la saison 2026.<\/strong><\/p>","protected":false},"excerpt":{"rendered":"<p>Offrez un <strong>\u00ab\u00a0D\u00eener pour deux au Ch\u00e2teau\u00a0\u00bb<\/strong> avec un menu d\u00e9gustation compos\u00e9 de 4 plats (1 entr\u00e9e, 1 entr\u00e9e, 1 plat et 1 dessert), 3 verres de vin assortis, 1 bouteille d&rsquo;eau et 2 caf\u00e9s .<\/p>\n<p>R\u00e9servation obligatoire<a href=\"https:\/\/www.castellodirazzano.it\/fr\/contatti\/\"> (contacts)<\/a>.<\/p>\n<p><strong>Bon valable pour la saison 2026.<\/strong><\/p>\n<p><strong>Une fois le paiement effectu\u00e9, la Gift card sera envoy\u00e9e \u00e0 l&rsquo;adresse courriel indiqu\u00e9e dans le champ \u00ab RECIPIENT DATA \u00bb.<\/strong><\/p>\n<p>N.B. Si vous ne la recevez pas, veuillez v\u00e9rifier votre courriers ind\u00e9sirables.<\/p>\n","protected":false},"featured_media":19875,"template":"","meta":{"_genesis_hide_title":false,"_genesis_hide_breadcrumbs":false,"_genesis_hide_singular_image":false,"_genesis_hide_footer_widgets":false,"_genesis_custom_body_class":"","_genesis_custom_post_class":"","_genesis_layout":""},"product_cat":[77],"product_tag":[],"giftcard-category":[],"class_list":{"0":"post-16857","1":"product","2":"type-product","3":"status-publish","4":"has-post-thumbnail","6":"product_cat-gift-card","7":"entry","9":"first","10":"instock","11":"virtual","12":"purchasable","13":"product-type-gift-card"},"yoast_head":"<!-- This site is optimized with the Yoast SEO plugin v26.4 - https:\/\/yoast.com\/wordpress\/plugins\/seo\/ -->\n<title>Gift Card &quot;Cena per due al Castello&quot; - Castello di Razzano<\/title>\n<meta name=\"robots\" content=\"index, follow, max-snippet:-1, max-image-preview:large, max-video-preview:-1\" \/>\n<link rel=\"canonical\" href=\"https:\/\/www.castellodirazzano.it\/prodotto\/gift-card-cena-per-due-al-castello\/\" \/>\n<meta property=\"og:locale\" content=\"fr_FR\" \/>\n<meta property=\"og:type\" content=\"article\" \/>\n<meta property=\"og:title\" content=\"Gift Card &quot;Cena per due al Castello&quot; - Castello di Razzano\" \/>\n<meta property=\"og:description\" content=\"[:it]Regala una &quot;Cena per due al Castello&quot; con men\u00f9 degustazione composto da 4 portate (1 antipasto, 1 primo, 1 secondo e 1 dessert), 3 calici di vino in abbinamento, 1 bottiglia di acqua e 2 caff\u00e8.  Prenotazione obbligatoria (contatti).  Buono valido per la stagione 2026.  A pagamento avvenuto, la GIFT CARD verr\u00e0 inviata all\u2019indirizzo email inserito nel campo \u201cDATI DESTINATARIO\u201d.  N.B. In caso di mancata ricezione, vi suggeriamo di controllare la casella \u201cSpam\u201d[:en]Give the gift of a &quot;Dinner for two at the Castle&quot; with a tasting menu consisting of 4 courses (1 starter, 1 first course, 1 second course and 1 dessert), 3 matching glasses of wine, 1 bottle of water and 2 coffees.  Reservation required (contacts)  Voucher valid for the 2026 season.  Once payment has been made, the GIFT CARD will be sent to the email address entered in the &quot;RECIPIENT DATA&quot; field.  N.B. If you do not receive it, we recommend checking your spam folder.[:de]Verschenken Sie ein \u201eDinner for two at the Castle\u201c mit einem Degustationsmen\u00fc bestehend aus 4 G\u00e4ngen (1 Vorspeise, 1 erster Gang, 1 zweiter Gang und 1 Dessert), 3 passenden Gl\u00e4sern Wein, 1 Flasche Wasser und 2 Kaffees .  Reservierung erforderlich (Kontakte).  Gutschein g\u00fcltig f\u00fcr die Saison 2026.  Nach Zahlungseingang wird die Geschenkkarte an die im Feld \u201eRECIPIENT DATA\u201c angegebene E-Mail-Adresse gesendet.  Hinweis: Sollten Sie die Karte nicht erhalten, \u00fcberpr\u00fcfen Sie bitte Ihren Spam-Ordner.[:fr]Offrez un &quot;D\u00eener pour deux au Ch\u00e2teau&quot; avec un menu d\u00e9gustation compos\u00e9 de 4 plats (1 entr\u00e9e, 1 entr\u00e9e, 1 plat et 1 dessert), 3 verres de vin assortis, 1 bouteille d&#039;eau et 2 caf\u00e9s .  R\u00e9servation obligatoire (contacts).  Bon valable pour la saison 2026.  Une fois le paiement effectu\u00e9, la Gift card sera envoy\u00e9e \u00e0 l&#039;adresse courriel indiqu\u00e9e dans le champ \u00ab RECIPIENT DATA \u00bb.  N.B. Si vous ne la recevez pas, veuillez v\u00e9rifier votre courriers ind\u00e9sirables.[:]\" \/>\n<meta property=\"og:url\" content=\"https:\/\/www.castellodirazzano.it\/prodotto\/gift-card-cena-per-due-al-castello\/\" \/>\n<meta property=\"og:site_name\" content=\"Castello di Razzano\" \/>\n<meta property=\"article:publisher\" content=\"https:\/\/www.facebook.com\/castellodirazzanomonferrato\/\" \/>\n<meta property=\"article:modified_time\" content=\"2025-12-20T16:30:43+00:00\" \/>\n<meta property=\"og:image\" content=\"https:\/\/www.castellodirazzano.it\/wp-content\/uploads\/2023\/12\/cena.jpg\" \/>\n\t<meta property=\"og:image:width\" content=\"1440\" \/>\n\t<meta property=\"og:image:height\" content=\"960\" \/>\n\t<meta property=\"og:image:type\" content=\"image\/jpeg\" \/>\n<meta name=\"twitter:card\" content=\"summary_large_image\" \/>\n<meta name=\"twitter:label1\" content=\"Dur\u00e9e de lecture estim\u00e9e\" \/>\n\t<meta name=\"twitter:data1\" content=\"1 minute\" \/>\n<script type=\"application\/ld+json\" class=\"yoast-schema-graph\">{\"@context\":\"https:\/\/schema.org\",\"@graph\":[{\"@type\":\"WebPage\",\"@id\":\"https:\/\/www.castellodirazzano.it\/prodotto\/gift-card-cena-per-due-al-castello\/\",\"url\":\"https:\/\/www.castellodirazzano.it\/prodotto\/gift-card-cena-per-due-al-castello\/\",\"name\":\"Gift Card \\\"Cena per due al Castello\\\" - Castello di Razzano\",\"isPartOf\":{\"@id\":\"https:\/\/www.castellodirazzano.it\/en\/#website\"},\"primaryImageOfPage\":{\"@id\":\"https:\/\/www.castellodirazzano.it\/prodotto\/gift-card-cena-per-due-al-castello\/#primaryimage\"},\"image\":{\"@id\":\"https:\/\/www.castellodirazzano.it\/prodotto\/gift-card-cena-per-due-al-castello\/#primaryimage\"},\"thumbnailUrl\":\"https:\/\/www.castellodirazzano.it\/wp-content\/uploads\/2023\/12\/cena.jpg\",\"datePublished\":\"2024-12-09T08:57:44+00:00\",\"dateModified\":\"2025-12-20T16:30:43+00:00\",\"breadcrumb\":{\"@id\":\"https:\/\/www.castellodirazzano.it\/prodotto\/gift-card-cena-per-due-al-castello\/#breadcrumb\"},\"inLanguage\":\"fr-FR\",\"potentialAction\":[{\"@type\":\"ReadAction\",\"target\":[\"https:\/\/www.castellodirazzano.it\/prodotto\/gift-card-cena-per-due-al-castello\/\"]}]},{\"@type\":\"ImageObject\",\"inLanguage\":\"fr-FR\",\"@id\":\"https:\/\/www.castellodirazzano.it\/prodotto\/gift-card-cena-per-due-al-castello\/#primaryimage\",\"url\":\"https:\/\/www.castellodirazzano.it\/wp-content\/uploads\/2023\/12\/cena.jpg\",\"contentUrl\":\"https:\/\/www.castellodirazzano.it\/wp-content\/uploads\/2023\/12\/cena.jpg\",\"width\":1440,\"height\":960},{\"@type\":\"BreadcrumbList\",\"@id\":\"https:\/\/www.castellodirazzano.it\/prodotto\/gift-card-cena-per-due-al-castello\/#breadcrumb\",\"itemListElement\":[{\"@type\":\"ListItem\",\"position\":1,\"name\":\"Home\",\"item\":\"https:\/\/www.castellodirazzano.it\/\"},{\"@type\":\"ListItem\",\"position\":2,\"name\":\"Shop\",\"item\":\"https:\/\/www.castellodirazzano.it\/negozio\/\"},{\"@type\":\"ListItem\",\"position\":3,\"name\":\"Gift Card &#8220;Cena per due al Castello&#8221;\"}]},{\"@type\":\"WebSite\",\"@id\":\"https:\/\/www.castellodirazzano.it\/en\/#website\",\"url\":\"https:\/\/www.castellodirazzano.it\/en\/\",\"name\":\"Castello di Razzano\",\"description\":\"Cantine e Relais di Charme\",\"potentialAction\":[{\"@type\":\"SearchAction\",\"target\":{\"@type\":\"EntryPoint\",\"urlTemplate\":\"https:\/\/www.castellodirazzano.it\/en\/?s={search_term_string}\"},\"query-input\":{\"@type\":\"PropertyValueSpecification\",\"valueRequired\":true,\"valueName\":\"search_term_string\"}}],\"inLanguage\":\"fr-FR\"}]}<\/script>\n<!-- \/ Yoast SEO plugin. -->","yoast_head_json":{"title":"Gift Card \"Cena per due al Castello\" - Castello di Razzano","robots":{"index":"index","follow":"follow","max-snippet":"max-snippet:-1","max-image-preview":"max-image-preview:large","max-video-preview":"max-video-preview:-1"},"canonical":"https:\/\/www.castellodirazzano.it\/prodotto\/gift-card-cena-per-due-al-castello\/","og_locale":"fr_FR","og_type":"article","og_title":"Gift Card \"Cena per due al Castello\" - Castello di Razzano","og_description":"[:it]Regala una \"Cena per due al Castello\" con men\u00f9 degustazione composto da 4 portate (1 antipasto, 1 primo, 1 secondo e 1 dessert), 3 calici di vino in abbinamento, 1 bottiglia di acqua e 2 caff\u00e8.  Prenotazione obbligatoria (contatti).  Buono valido per la stagione 2026.  A pagamento avvenuto, la GIFT CARD verr\u00e0 inviata all\u2019indirizzo email inserito nel campo \u201cDATI DESTINATARIO\u201d.  N.B. In caso di mancata ricezione, vi suggeriamo di controllare la casella \u201cSpam\u201d[:en]Give the gift of a \"Dinner for two at the Castle\" with a tasting menu consisting of 4 courses (1 starter, 1 first course, 1 second course and 1 dessert), 3 matching glasses of wine, 1 bottle of water and 2 coffees.  Reservation required (contacts)  Voucher valid for the 2026 season.  Once payment has been made, the GIFT CARD will be sent to the email address entered in the \"RECIPIENT DATA\" field.  N.B. If you do not receive it, we recommend checking your spam folder.[:de]Verschenken Sie ein \u201eDinner for two at the Castle\u201c mit einem Degustationsmen\u00fc bestehend aus 4 G\u00e4ngen (1 Vorspeise, 1 erster Gang, 1 zweiter Gang und 1 Dessert), 3 passenden Gl\u00e4sern Wein, 1 Flasche Wasser und 2 Kaffees .  Reservierung erforderlich (Kontakte).  Gutschein g\u00fcltig f\u00fcr die Saison 2026.  Nach Zahlungseingang wird die Geschenkkarte an die im Feld \u201eRECIPIENT DATA\u201c angegebene E-Mail-Adresse gesendet.  Hinweis: Sollten Sie die Karte nicht erhalten, \u00fcberpr\u00fcfen Sie bitte Ihren Spam-Ordner.[:fr]Offrez un \"D\u00eener pour deux au Ch\u00e2teau\" avec un menu d\u00e9gustation compos\u00e9 de 4 plats (1 entr\u00e9e, 1 entr\u00e9e, 1 plat et 1 dessert), 3 verres de vin assortis, 1 bouteille d'eau et 2 caf\u00e9s .  R\u00e9servation obligatoire (contacts).  Bon valable pour la saison 2026.  Une fois le paiement effectu\u00e9, la Gift card sera envoy\u00e9e \u00e0 l'adresse courriel indiqu\u00e9e dans le champ \u00ab RECIPIENT DATA \u00bb.  N.B. Si vous ne la recevez pas, veuillez v\u00e9rifier votre courriers ind\u00e9sirables.[:]","og_url":"https:\/\/www.castellodirazzano.it\/prodotto\/gift-card-cena-per-due-al-castello\/","og_site_name":"Castello di Razzano","article_publisher":"https:\/\/www.facebook.com\/castellodirazzanomonferrato\/","article_modified_time":"2025-12-20T16:30:43+00:00","og_image":[{"width":1440,"height":960,"url":"https:\/\/www.castellodirazzano.it\/wp-content\/uploads\/2023\/12\/cena.jpg","type":"image\/jpeg"}],"twitter_card":"summary_large_image","twitter_misc":{"Dur\u00e9e de lecture estim\u00e9e":"1 minute"},"schema":{"@context":"https:\/\/schema.org","@graph":[{"@type":"WebPage","@id":"https:\/\/www.castellodirazzano.it\/prodotto\/gift-card-cena-per-due-al-castello\/","url":"https:\/\/www.castellodirazzano.it\/prodotto\/gift-card-cena-per-due-al-castello\/","name":"Gift Card \"Cena per due al Castello\" - Castello di Razzano","isPartOf":{"@id":"https:\/\/www.castellodirazzano.it\/en\/#website"},"primaryImageOfPage":{"@id":"https:\/\/www.castellodirazzano.it\/prodotto\/gift-card-cena-per-due-al-castello\/#primaryimage"},"image":{"@id":"https:\/\/www.castellodirazzano.it\/prodotto\/gift-card-cena-per-due-al-castello\/#primaryimage"},"thumbnailUrl":"https:\/\/www.castellodirazzano.it\/wp-content\/uploads\/2023\/12\/cena.jpg","datePublished":"2024-12-09T08:57:44+00:00","dateModified":"2025-12-20T16:30:43+00:00","breadcrumb":{"@id":"https:\/\/www.castellodirazzano.it\/prodotto\/gift-card-cena-per-due-al-castello\/#breadcrumb"},"inLanguage":"fr-FR","potentialAction":[{"@type":"ReadAction","target":["https:\/\/www.castellodirazzano.it\/prodotto\/gift-card-cena-per-due-al-castello\/"]}]},{"@type":"ImageObject","inLanguage":"fr-FR","@id":"https:\/\/www.castellodirazzano.it\/prodotto\/gift-card-cena-per-due-al-castello\/#primaryimage","url":"https:\/\/www.castellodirazzano.it\/wp-content\/uploads\/2023\/12\/cena.jpg","contentUrl":"https:\/\/www.castellodirazzano.it\/wp-content\/uploads\/2023\/12\/cena.jpg","width":1440,"height":960},{"@type":"BreadcrumbList","@id":"https:\/\/www.castellodirazzano.it\/prodotto\/gift-card-cena-per-due-al-castello\/#breadcrumb","itemListElement":[{"@type":"ListItem","position":1,"name":"Home","item":"https:\/\/www.castellodirazzano.it\/"},{"@type":"ListItem","position":2,"name":"Shop","item":"https:\/\/www.castellodirazzano.it\/negozio\/"},{"@type":"ListItem","position":3,"name":"Gift Card &#8220;Cena per due al Castello&#8221;"}]},{"@type":"WebSite","@id":"https:\/\/www.castellodirazzano.it\/en\/#website","url":"https:\/\/www.castellodirazzano.it\/en\/","name":"Castello di Razzano","description":"Cantine e Relais di Charme","potentialAction":[{"@type":"SearchAction","target":{"@type":"EntryPoint","urlTemplate":"https:\/\/www.castellodirazzano.it\/en\/?s={search_term_string}"},"query-input":{"@type":"PropertyValueSpecification","valueRequired":true,"valueName":"search_term_string"}}],"inLanguage":"fr-FR"}]}},"_links":{"self":[{"href":"https:\/\/www.castellodirazzano.it\/fr\/wp-json\/wp\/v2\/product\/16857","targetHints":{"allow":["GET"]}}],"collection":[{"href":"https:\/\/www.castellodirazzano.it\/fr\/wp-json\/wp\/v2\/product"}],"about":[{"href":"https:\/\/www.castellodirazzano.it\/fr\/wp-json\/wp\/v2\/types\/product"}],"wp:featuredmedia":[{"embeddable":true,"href":"https:\/\/www.castellodirazzano.it\/fr\/wp-json\/wp\/v2\/media\/19875"}],"wp:attachment":[{"href":"https:\/\/www.castellodirazzano.it\/fr\/wp-json\/wp\/v2\/media?parent=16857"}],"wp:term":[{"taxonomy":"product_cat","embeddable":true,"href":"https:\/\/www.castellodirazzano.it\/fr\/wp-json\/wp\/v2\/product_cat?post=16857"},{"taxonomy":"product_tag","embeddable":true,"href":"https:\/\/www.castellodirazzano.it\/fr\/wp-json\/wp\/v2\/product_tag?post=16857"},{"taxonomy":"giftcard-category","embeddable":true,"href":"https:\/\/www.castellodirazzano.it\/fr\/wp-json\/wp\/v2\/giftcard-category?post=16857"}],"curies":[{"name":"wp","href":"https:\/\/api.w.org\/{rel}","templated":true}]}}