{"id":40,"date":"2017-01-23T14:26:26","date_gmt":"2017-01-23T14:26:26","guid":{"rendered":"http:\/\/demo.castellodirazzano.artband.net\/?page_id=40"},"modified":"2026-03-03T10:11:22","modified_gmt":"2026-03-03T10:11:22","slug":"contatti","status":"publish","type":"page","link":"https:\/\/www.castellodirazzano.it\/fr\/contatti\/","title":{"rendered":"Contacts"},"content":{"rendered":"<p><strong><span style=\"color: #ff0000;\">SEASON 2025 <\/span><\/strong><strong><span style=\"color: #ff0000;\">&#8211; CLOSING NOVEMBER 30<\/span><\/strong><\/p>\n<p><strong><span style=\"color: #ff0000;\">SEASON 2026 <\/span><\/strong><strong><span style=\"color: #ff0000;\">&#8211;\u00a0OPENING MARCH 20<\/span><\/strong><\/p>\n<div class=\"group\">\n<div class=\"right\">\n<div class=\"wpcf7 no-js\" id=\"wpcf7-f1104-o4\" lang=\"en-US\" dir=\"ltr\" data-wpcf7-id=\"1104\">\n<div class=\"screen-reader-response\"><p role=\"status\" aria-live=\"polite\" aria-atomic=\"true\"><\/p> <ul><\/ul><\/div>\n<form action=\"\/fr\/wp-json\/wp\/v2\/pages\/40#wpcf7-f1104-o4\" method=\"post\" class=\"wpcf7-form init\" aria-label=\"Contact form\" novalidate=\"novalidate\" data-status=\"init\">\n<fieldset class=\"hidden-fields-container\"><input type=\"hidden\" name=\"_wpcf7\" value=\"1104\" \/><input type=\"hidden\" name=\"_wpcf7_version\" value=\"6.1.4\" \/><input type=\"hidden\" name=\"_wpcf7_locale\" value=\"en_US\" \/><input type=\"hidden\" name=\"_wpcf7_unit_tag\" value=\"wpcf7-f1104-o4\" \/><input type=\"hidden\" name=\"_wpcf7_container_post\" value=\"0\" \/><input type=\"hidden\" name=\"_wpcf7_posted_data_hash\" value=\"\" \/><input type=\"hidden\" name=\"_wpcf7_recaptcha_response\" value=\"\" \/>\n<\/fieldset>\n<p><label> Votre Nom (demand\u00e9)<br \/>\n<span class=\"wpcf7-form-control-wrap\" data-name=\"your-name\"><input size=\"40\" maxlength=\"400\" class=\"wpcf7-form-control wpcf7-text wpcf7-validates-as-required\" aria-required=\"true\" aria-invalid=\"false\" value=\"\" type=\"text\" name=\"your-name\" \/><\/span> <\/label>\n<\/p>\n<p><label> Votre E-mail (demand\u00e9e)<br \/>\n<span class=\"wpcf7-form-control-wrap\" data-name=\"your-email\"><input size=\"40\" maxlength=\"400\" class=\"wpcf7-form-control wpcf7-email wpcf7-validates-as-required wpcf7-text wpcf7-validates-as-email\" aria-required=\"true\" aria-invalid=\"false\" value=\"\" type=\"email\" name=\"your-email\" \/><\/span> <\/label>\n<\/p>\n<p><label> Objet<br \/>\n<span class=\"wpcf7-form-control-wrap\" data-name=\"your-subject\"><input size=\"40\" maxlength=\"400\" class=\"wpcf7-form-control wpcf7-text\" aria-invalid=\"false\" value=\"\" type=\"text\" name=\"your-subject\" \/><\/span> <\/label>\n<\/p>\n<p><label> Votre Message<br \/>\n<span class=\"wpcf7-form-control-wrap\" data-name=\"your-message\"><textarea cols=\"40\" rows=\"10\" maxlength=\"2000\" class=\"wpcf7-form-control wpcf7-textarea\" aria-invalid=\"false\" name=\"your-message\"><\/textarea><\/span> <\/label><br \/>\n<span class=\"wpcf7-form-control-wrap\" data-name=\"checkbox-842\"><span class=\"wpcf7-form-control wpcf7-checkbox wpcf7-validates-as-required\"><span class=\"wpcf7-list-item first last\"><input type=\"checkbox\" name=\"checkbox-842[]\" value=\"J\u2019autorise le traitement des donn\u00e9es personnelles selon les dispositions de l\u2019art. 13 of Reg. UE 2016\/679\" \/><span class=\"wpcf7-list-item-label\">J\u2019autorise le traitement des donn\u00e9es personnelles selon les dispositions de l\u2019art. 13 of Reg. UE 2016\/679<\/span><\/span><\/span><\/span><br \/>\n&nbsp;<br \/>\n<input class=\"wpcf7-form-control wpcf7-submit has-spinner\" type=\"submit\" value=\"envoie\" \/>\n<\/p><p style=\"display: none !important;\" class=\"akismet-fields-container\" data-prefix=\"_wpcf7_ak_\"><label>&#916;<textarea name=\"_wpcf7_ak_hp_textarea\" cols=\"45\" rows=\"8\" maxlength=\"100\"><\/textarea><\/label><input type=\"hidden\" id=\"ak_js_4\" name=\"_wpcf7_ak_js\" value=\"29\"\/><script>document.getElementById( \"ak_js_4\" ).setAttribute( \"value\", ( new Date() ).getTime() );<\/script><\/p><input type='hidden' class='wpcf7-pum' value='{\"closepopup\":false,\"closedelay\":0,\"openpopup\":false,\"openpopup_id\":0}' \/><div class=\"wpcf7-response-output\" aria-hidden=\"true\"><\/div>\n<\/form>\n<\/div>\n<\/div>\n<div class=\"left\">\n<h1>Contactez-nous directement<\/h1>\n<p>Pour r\u00e9servations, offres sp\u00e9ciales, \u00e9v\u00e9nements ou tout autre renseignement n\u2019h\u00e9sitez pas \u00e0 nous contacter.<\/p>\n<p>Vous pouvez t\u00e9l\u00e9phoner, envoyer un e-mail ou bien nous contacter directement en utilisant le formulaire ci-contre.<br \/>\nNous serons heureux de vous donner tous les renseignements dont vous aurez besoin.<\/p>\n<p>R\u00e9servez au meilleur tarif en ligne: \u00a0 <a class=\"button large red\" href=\"https:\/\/www.secure-reservation.cloud\/booking-engine\/?portal=relaiscastellodirazzano-alfianonatta&amp;lang=fr\" target=\"_blank\" rel=\"noopener noreferrer\"> R\u00c9SERVEZ D\u00c8S MAINTENANT <\/a><br \/>\nAdresse: Strada Gessi 2<br \/>\nFrazione Casarello,<br \/>\n15021 Alfiano Natta (AL) Italia<\/p>\n<p>T\u00e9l: <a href=\"tel:+390141922535\">+39 0141 922535<\/a><br \/>\nE-mail: <span style=\"color: #993300;\">info@castellodirazzano.it<\/span><br \/>\nE-mail restaurant:<span style=\"color: #993300;\"> ristorante@castellodirazzano.it<\/span><\/p>\n<p><img loading=\"lazy\" decoding=\"async\" class=\"wp-image-17543 alignleft\" src=\"https:\/\/www.castellodirazzano.it\/wp-content\/uploads\/2025\/03\/logo-whatsapp.jpg\" alt=\"\" width=\"57\" height=\"48\" \/><\/p>\n<p><a href=\"https:\/\/wa.me\/+393514922535\">WhastApp +39 351 4922535<\/a><\/p>\n<\/div>\n<p>&nbsp;<\/p>\n<p><iframe loading=\"lazy\" style=\"border: 0;\" src=\"https:\/\/www.google.com\/maps\/embed?pb=!1m14!1m12!1m3!1d2812.0730605095105!2d8.199595841508138!3d45.041024156201466!2m3!1f0!2f0!3f0!3m2!1i1024!2i768!4f13.1!5e1!3m2!1sit!2sit!4v1704187494382!5m2!1sit!2sit\" width=\"600\" height=\"450\" allowfullscreen=\"allowfullscreen\"><\/iframe><\/p>\n<hr \/>\n<h2><strong>INFORMATIONS UTILES<\/strong><\/h2>\n<h3><strong>Saison 2024<\/strong><\/h3>\n<p>Vernissage : 22 mars<br \/>\nFermeture : 1er d\u00e9cembre<\/p>\n<h4><strong>La r\u00e9ception est ouverte de 8h30 \u00e0 20h00.<\/strong><\/h4>\n<p><strong>Check-in <\/strong>de 14h30 \u00e0 20h00<br \/>\n<strong>D\u00e9part <\/strong>avant 11h00<\/p>\n<p><strong>Le restaurant du Ch\u00e2teau est ouvert uniquement pour le d\u00eener.<\/strong><br \/>\n<strong>Jour de fermeture du restaurant : mercredi<\/strong><\/p>\n<div class=\"fb-page\" data-href=\"https:\/\/www.facebook.com\/castellodirazzanomonferrato\/\" data-tabs=\"\" data-width=\"\" data-height=\"\" data-small-header=\"false\" data-adapt-container-width=\"true\" data-hide-cover=\"false\" data-show-facepile=\"true\">\n<blockquote class=\"fb-xfbml-parse-ignore\" cite=\"https:\/\/www.facebook.com\/castellodirazzanomonferrato\/\"><p><a href=\"https:\/\/www.facebook.com\/castellodirazzanomonferrato\/\">Castello di Razzano &#8211; Cantine &amp; Relais<\/a><\/p><\/blockquote>\n<\/div>\n<\/div>\n<p><\/p>","protected":false},"excerpt":{"rendered":"<p>SEASON 2025 &#8211; CLOSING NOVEMBER 30 SEASON 2026 &#8211;\u00a0OPENING MARCH 20 Contactez-nous directement Pour r\u00e9servations, offres sp\u00e9ciales, \u00e9v\u00e9nements ou tout autre renseignement n\u2019h\u00e9sitez pas \u00e0 nous contacter. Vous pouvez t\u00e9l\u00e9phoner, envoyer un e-mail ou bien nous contacter directement en utilisant le formulaire ci-contre. Nous serons heureux de vous donner tous les renseignements dont vous aurez [&hellip;]<\/p>\n","protected":false},"author":1,"featured_media":0,"parent":0,"menu_order":0,"comment_status":"closed","ping_status":"closed","template":"","meta":{"_genesis_hide_title":false,"_genesis_hide_breadcrumbs":false,"_genesis_hide_singular_image":false,"_genesis_hide_footer_widgets":false,"_genesis_custom_body_class":"","_genesis_custom_post_class":"","_genesis_layout":"","footnotes":""},"class_list":{"0":"post-40","1":"page","2":"type-page","3":"status-publish","5":"entry"},"yoast_head":"<!-- This site is optimized with the Yoast SEO plugin v26.4 - https:\/\/yoast.com\/wordpress\/plugins\/seo\/ -->\n<title>Contacts - Castello di Razzano<\/title>\n<meta name=\"description\" content=\"Potete telefonare, inviare una e-mail oppure contattarci direttamente con il modulo. Saremo lieti di darvi tutte le informazioni di cui avete bisogno.\" \/>\n<meta name=\"robots\" content=\"index, follow, max-snippet:-1, max-image-preview:large, max-video-preview:-1\" \/>\n<link rel=\"canonical\" href=\"https:\/\/www.castellodirazzano.it\/contatti\/\" \/>\n<meta property=\"og:locale\" content=\"fr_FR\" \/>\n<meta property=\"og:type\" content=\"article\" \/>\n<meta property=\"og:title\" content=\"Contacts - Castello di Razzano\" \/>\n<meta property=\"og:description\" content=\"Potete telefonare, inviare una e-mail oppure contattarci direttamente con il modulo. Saremo lieti di darvi tutte le informazioni di cui avete bisogno.\" \/>\n<meta property=\"og:url\" content=\"https:\/\/www.castellodirazzano.it\/contatti\/\" \/>\n<meta property=\"og:site_name\" content=\"Castello di Razzano\" \/>\n<meta property=\"article:publisher\" content=\"https:\/\/www.facebook.com\/castellodirazzanomonferrato\/\" \/>\n<meta property=\"article:modified_time\" content=\"2026-03-03T10:11:22+00:00\" \/>\n<meta property=\"og:image\" content=\"https:\/\/www.castellodirazzano.it\/wp-content\/uploads\/2025\/03\/logo-whatsapp.jpg\" \/>\n\t<meta property=\"og:image:width\" content=\"140\" \/>\n\t<meta property=\"og:image:height\" content=\"118\" \/>\n\t<meta property=\"og:image:type\" content=\"image\/jpeg\" \/>\n<meta name=\"twitter:card\" content=\"summary_large_image\" \/>\n<meta name=\"twitter:label1\" content=\"Dur\u00e9e de lecture estim\u00e9e\" \/>\n\t<meta name=\"twitter:data1\" content=\"1 minute\" \/>\n<script type=\"application\/ld+json\" class=\"yoast-schema-graph\">{\"@context\":\"https:\/\/schema.org\",\"@graph\":[{\"@type\":\"WebPage\",\"@id\":\"https:\/\/www.castellodirazzano.it\/contatti\/\",\"url\":\"https:\/\/www.castellodirazzano.it\/contatti\/\",\"name\":\"Contacts - Castello di Razzano\",\"isPartOf\":{\"@id\":\"https:\/\/www.castellodirazzano.it\/en\/#website\"},\"primaryImageOfPage\":{\"@id\":\"https:\/\/www.castellodirazzano.it\/contatti\/#primaryimage\"},\"image\":{\"@id\":\"https:\/\/www.castellodirazzano.it\/contatti\/#primaryimage\"},\"thumbnailUrl\":\"https:\/\/www.castellodirazzano.it\/wp-content\/uploads\/2025\/03\/logo-whatsapp.jpg\",\"datePublished\":\"2017-01-23T14:26:26+00:00\",\"dateModified\":\"2026-03-03T10:11:22+00:00\",\"description\":\"Potete telefonare, inviare una e-mail oppure contattarci direttamente con il modulo. Saremo lieti di darvi tutte le informazioni di cui avete bisogno.\",\"breadcrumb\":{\"@id\":\"https:\/\/www.castellodirazzano.it\/contatti\/#breadcrumb\"},\"inLanguage\":\"fr-FR\",\"potentialAction\":[{\"@type\":\"ReadAction\",\"target\":[\"https:\/\/www.castellodirazzano.it\/contatti\/\"]}]},{\"@type\":\"ImageObject\",\"inLanguage\":\"fr-FR\",\"@id\":\"https:\/\/www.castellodirazzano.it\/contatti\/#primaryimage\",\"url\":\"https:\/\/www.castellodirazzano.it\/wp-content\/uploads\/2025\/03\/logo-whatsapp.jpg\",\"contentUrl\":\"https:\/\/www.castellodirazzano.it\/wp-content\/uploads\/2025\/03\/logo-whatsapp.jpg\"},{\"@type\":\"BreadcrumbList\",\"@id\":\"https:\/\/www.castellodirazzano.it\/contatti\/#breadcrumb\",\"itemListElement\":[{\"@type\":\"ListItem\",\"position\":1,\"name\":\"Home\",\"item\":\"https:\/\/www.castellodirazzano.it\/\"},{\"@type\":\"ListItem\",\"position\":2,\"name\":\"Contatti\"}]},{\"@type\":\"WebSite\",\"@id\":\"https:\/\/www.castellodirazzano.it\/en\/#website\",\"url\":\"https:\/\/www.castellodirazzano.it\/en\/\",\"name\":\"Castello di Razzano\",\"description\":\"Cantine e Relais di Charme\",\"potentialAction\":[{\"@type\":\"SearchAction\",\"target\":{\"@type\":\"EntryPoint\",\"urlTemplate\":\"https:\/\/www.castellodirazzano.it\/en\/?s={search_term_string}\"},\"query-input\":{\"@type\":\"PropertyValueSpecification\",\"valueRequired\":true,\"valueName\":\"search_term_string\"}}],\"inLanguage\":\"fr-FR\"}]}<\/script>\n<!-- \/ Yoast SEO plugin. -->","yoast_head_json":{"title":"Contacts - Castello di Razzano","description":"Potete telefonare, inviare una e-mail oppure contattarci direttamente con il modulo. Saremo lieti di darvi tutte le informazioni di cui avete bisogno.","robots":{"index":"index","follow":"follow","max-snippet":"max-snippet:-1","max-image-preview":"max-image-preview:large","max-video-preview":"max-video-preview:-1"},"canonical":"https:\/\/www.castellodirazzano.it\/contatti\/","og_locale":"fr_FR","og_type":"article","og_title":"Contacts - Castello di Razzano","og_description":"Potete telefonare, inviare una e-mail oppure contattarci direttamente con il modulo. Saremo lieti di darvi tutte le informazioni di cui avete bisogno.","og_url":"https:\/\/www.castellodirazzano.it\/contatti\/","og_site_name":"Castello di Razzano","article_publisher":"https:\/\/www.facebook.com\/castellodirazzanomonferrato\/","article_modified_time":"2026-03-03T10:11:22+00:00","og_image":[{"width":140,"height":118,"url":"https:\/\/www.castellodirazzano.it\/wp-content\/uploads\/2025\/03\/logo-whatsapp.jpg","type":"image\/jpeg"}],"twitter_card":"summary_large_image","twitter_misc":{"Dur\u00e9e de lecture estim\u00e9e":"1 minute"},"schema":{"@context":"https:\/\/schema.org","@graph":[{"@type":"WebPage","@id":"https:\/\/www.castellodirazzano.it\/contatti\/","url":"https:\/\/www.castellodirazzano.it\/contatti\/","name":"Contacts - Castello di Razzano","isPartOf":{"@id":"https:\/\/www.castellodirazzano.it\/en\/#website"},"primaryImageOfPage":{"@id":"https:\/\/www.castellodirazzano.it\/contatti\/#primaryimage"},"image":{"@id":"https:\/\/www.castellodirazzano.it\/contatti\/#primaryimage"},"thumbnailUrl":"https:\/\/www.castellodirazzano.it\/wp-content\/uploads\/2025\/03\/logo-whatsapp.jpg","datePublished":"2017-01-23T14:26:26+00:00","dateModified":"2026-03-03T10:11:22+00:00","description":"Potete telefonare, inviare una e-mail oppure contattarci direttamente con il modulo. Saremo lieti di darvi tutte le informazioni di cui avete bisogno.","breadcrumb":{"@id":"https:\/\/www.castellodirazzano.it\/contatti\/#breadcrumb"},"inLanguage":"fr-FR","potentialAction":[{"@type":"ReadAction","target":["https:\/\/www.castellodirazzano.it\/contatti\/"]}]},{"@type":"ImageObject","inLanguage":"fr-FR","@id":"https:\/\/www.castellodirazzano.it\/contatti\/#primaryimage","url":"https:\/\/www.castellodirazzano.it\/wp-content\/uploads\/2025\/03\/logo-whatsapp.jpg","contentUrl":"https:\/\/www.castellodirazzano.it\/wp-content\/uploads\/2025\/03\/logo-whatsapp.jpg"},{"@type":"BreadcrumbList","@id":"https:\/\/www.castellodirazzano.it\/contatti\/#breadcrumb","itemListElement":[{"@type":"ListItem","position":1,"name":"Home","item":"https:\/\/www.castellodirazzano.it\/"},{"@type":"ListItem","position":2,"name":"Contatti"}]},{"@type":"WebSite","@id":"https:\/\/www.castellodirazzano.it\/en\/#website","url":"https:\/\/www.castellodirazzano.it\/en\/","name":"Castello di Razzano","description":"Cantine e Relais di Charme","potentialAction":[{"@type":"SearchAction","target":{"@type":"EntryPoint","urlTemplate":"https:\/\/www.castellodirazzano.it\/en\/?s={search_term_string}"},"query-input":{"@type":"PropertyValueSpecification","valueRequired":true,"valueName":"search_term_string"}}],"inLanguage":"fr-FR"}]}},"_links":{"self":[{"href":"https:\/\/www.castellodirazzano.it\/fr\/wp-json\/wp\/v2\/pages\/40","targetHints":{"allow":["GET"]}}],"collection":[{"href":"https:\/\/www.castellodirazzano.it\/fr\/wp-json\/wp\/v2\/pages"}],"about":[{"href":"https:\/\/www.castellodirazzano.it\/fr\/wp-json\/wp\/v2\/types\/page"}],"author":[{"embeddable":true,"href":"https:\/\/www.castellodirazzano.it\/fr\/wp-json\/wp\/v2\/users\/1"}],"replies":[{"embeddable":true,"href":"https:\/\/www.castellodirazzano.it\/fr\/wp-json\/wp\/v2\/comments?post=40"}],"version-history":[{"count":58,"href":"https:\/\/www.castellodirazzano.it\/fr\/wp-json\/wp\/v2\/pages\/40\/revisions"}],"predecessor-version":[{"id":20736,"href":"https:\/\/www.castellodirazzano.it\/fr\/wp-json\/wp\/v2\/pages\/40\/revisions\/20736"}],"wp:attachment":[{"href":"https:\/\/www.castellodirazzano.it\/fr\/wp-json\/wp\/v2\/media?parent=40"}],"curies":[{"name":"wp","href":"https:\/\/api.w.org\/{rel}","templated":true}]}}