{"id":32,"date":"2017-01-23T14:25:48","date_gmt":"2017-01-23T14:25:48","guid":{"rendered":"http:\/\/demo.castellodirazzano.artband.net\/?page_id=32"},"modified":"2017-06-02T09:07:34","modified_gmt":"2017-06-02T09:07:34","slug":"la-famiglia","status":"publish","type":"page","link":"https:\/\/www.castellodirazzano.it\/fr\/la-famiglia\/","title":{"rendered":"La famille"},"content":{"rendered":"<p><\/p>\n<div class=\"central\">\n<h4>DES G\u00c9N\u00c9RATIONS DANS LE MONFERRATO <\/h4>\n<h1> La famille et le Ch\u00e2teau <\/h1>\n<p><img decoding=\"async\" class=\"alignright\" src=\"http:\/\/castellodirazzano.it\/wp-content\/uploads\/2017\/02\/Olearo-Ernesto.jpg\" \/><br \/>\nL\u2019activit\u00e9 commen\u00e7a d\u00e9but 1900 gr\u00e2ce \u00e0 l\u2019arri\u00e8re-grand-p\u00e8re Ernesto Olearo et \u00e0 sa femme Clementina Razzano qui b\u00e2tirent la premi\u00e8re cave de petite taille sur la localit\u00e9 Casarello, hameau d\u2019Alfiano Natta avec quelques hectares de vigne, en initiant la production vinicole.<\/p>\n<hr \/>\n<p><img decoding=\"async\" class=\"alignright\" src=\"http:\/\/castellodirazzano.it\/wp-content\/uploads\/2017\/02\/Olearo-giuseppe-eugenio.jpg\" \/><br \/>\nDans les ann\u00e9es \u201940 ce fut le tour du fils Giuseppe Eugenio appel\u00e9 Genio, une personne de grande intuition et ouverture d\u2019esprit qui avec courage \u00e9largit son activit\u00e9 \u00e0 la production et au commerce, en achetant les premiers raisins et ensuite petit \u00e0 petit en produisant dans ses vignobles, suite \u00e0 l\u2019achat de plusieurs domaines viticoles, parmi lesquels le Ch\u00e2teau de Razzano en 1968 appartenant \u00e0 la famille Caligaris, une famille qui eut une certaine importance dans la vie et dans la politique italienne.<\/p>\n<hr \/>\n<p><img decoding=\"async\" class=\"alignright\" src=\"http:\/\/castellodirazzano.it\/wp-content\/uploads\/2017\/02\/Olearo-valentino-caligaris-.jpg\" \/><br \/>\nL\u2019avocat Valentino Caligaris, h\u00e9ritier du ch\u00e2teau et du domaine de son oncle le G\u00e9n\u00e9ral Eugenio Caligaris, fut le premier avocat g\u00e9n\u00e9ral d\u2019\u00c9tat de la R\u00e9publique naissante en 1946 apr\u00e8s la Deuxi\u00e8me Guerre Mondiale\u00a0; le fils g\u00e9n\u00e9ral Luigi Caligaris est un important expert de strat\u00e9gie militaire et tr\u00e8s connu au niveau international.<\/p>\n<hr \/>\n<p><img decoding=\"async\" class=\"alignright\" src=\"http:\/\/castellodirazzano.it\/wp-content\/uploads\/2017\/02\/Castello-di-Razzano-Rita-e-Augusto-Olearo.jpg\" width=\"200\" \/><br \/>\nDans les ann\u00e9es \u201980 Augusto Olearo entre dans l\u2019entreprise: apr\u00e8s avoir fr\u00e9quent\u00e9 l\u2019\u00e9cole d\u2019\u0152nologie de Alba, il commen\u00e7a une grande transformation et innovation, en apportant une nouvelle technologie dans la cave qui lui permettra de se pr\u00e9senter sur les march\u00e9s avec de nouveaux produits d\u2019une qualit\u00e9 et int\u00e9grit\u00e9 de plus en plus optimales.<\/p>\n<hr \/>\n<p><img decoding=\"async\" class=\"wp-image-451 alignright\" src=\"http:\/\/castellodirazzano.it\/wp-content\/uploads\/2017\/01\/Castello-di-Razzano-famiglia-Olearo.jpg\" alt=\"\" width=\"200\" srcset=\"https:\/\/www.castellodirazzano.it\/wp-content\/uploads\/2017\/01\/Castello-di-Razzano-famiglia-Olearo.jpg 553w, https:\/\/www.castellodirazzano.it\/wp-content\/uploads\/2017\/01\/Castello-di-Razzano-famiglia-Olearo-300x246.jpg 300w\" sizes=\"(max-width: 553px) 100vw, 553px\" \/> D\u2019autres terrains furent achet\u00e9s et les vignobles agrandis, jusqu\u2019\u00e0 l\u2019entr\u00e9e dans l\u2019entreprise de ses fils en 2006, Federico \u0153nologue form\u00e9 dans la m\u00eame \u00e9cole que son p\u00e8re et Riccardo dans une \u00e9cole d\u2019administration, lorsqu\u2019on initie un vaste programme de r\u00e9novation du Ch\u00e2teau qui donne \u00e0 l\u2019entreprise une orientation touristique aussi, en donnant vie au Relais de Charme actuel, une destination exclusive pour une client\u00e8le internationale, attir\u00e9e par un lieu plein de charme, par les vins produits dans le ch\u00e2teau et par le territoire du Monferrato.<\/p>\n<\/div>\n<p><\/p>","protected":false},"excerpt":{"rendered":"<p>DES G\u00c9N\u00c9RATIONS DANS LE MONFERRATO La famille et le Ch\u00e2teau L\u2019activit\u00e9 commen\u00e7a d\u00e9but 1900 gr\u00e2ce \u00e0 l\u2019arri\u00e8re-grand-p\u00e8re Ernesto Olearo et \u00e0 sa femme Clementina Razzano qui b\u00e2tirent la premi\u00e8re cave de petite taille sur la localit\u00e9 Casarello, hameau d\u2019Alfiano Natta avec quelques hectares de vigne, en initiant la production vinicole. Dans les ann\u00e9es \u201940 ce [&hellip;]<\/p>\n","protected":false},"author":1,"featured_media":0,"parent":0,"menu_order":0,"comment_status":"closed","ping_status":"closed","template":"","meta":{"_genesis_hide_title":false,"_genesis_hide_breadcrumbs":false,"_genesis_hide_singular_image":false,"_genesis_hide_footer_widgets":false,"_genesis_custom_body_class":"","_genesis_custom_post_class":"","_genesis_layout":"","footnotes":""},"class_list":{"0":"post-32","1":"page","2":"type-page","3":"status-publish","5":"entry","6":"has-post-thumbnail"},"yoast_head":"<!-- This site is optimized with the Yoast SEO plugin v26.4 - https:\/\/yoast.com\/wordpress\/plugins\/seo\/ -->\n<title>La famille - Castello di Razzano<\/title>\n<meta name=\"description\" content=\"Nei primi del \u2019900 dal bisnonno Ernesto Olearo e moglie Clementina Razzano costruirono la prima cantina di piccole dimensioni in localit\u00e0 Casarello\" \/>\n<meta name=\"robots\" content=\"index, follow, max-snippet:-1, max-image-preview:large, max-video-preview:-1\" \/>\n<link rel=\"canonical\" href=\"https:\/\/www.castellodirazzano.it\/la-famiglia\/\" \/>\n<meta property=\"og:locale\" content=\"fr_FR\" \/>\n<meta property=\"og:type\" content=\"article\" \/>\n<meta property=\"og:title\" content=\"La famille - Castello di Razzano\" \/>\n<meta property=\"og:description\" content=\"Nei primi del \u2019900 dal bisnonno Ernesto Olearo e moglie Clementina Razzano costruirono la prima cantina di piccole dimensioni in localit\u00e0 Casarello\" \/>\n<meta property=\"og:url\" content=\"https:\/\/www.castellodirazzano.it\/la-famiglia\/\" \/>\n<meta property=\"og:site_name\" content=\"Castello di Razzano\" \/>\n<meta property=\"article:publisher\" content=\"https:\/\/www.facebook.com\/castellodirazzanomonferrato\/\" \/>\n<meta property=\"article:modified_time\" content=\"2017-06-02T09:07:34+00:00\" \/>\n<meta property=\"og:image\" content=\"http:\/\/castellodirazzano.it\/wp-content\/uploads\/2017\/02\/Olearo-Ernesto.jpg\" \/>\n<meta name=\"twitter:card\" content=\"summary_large_image\" \/>\n<meta name=\"twitter:label1\" content=\"Dur\u00e9e de lecture estim\u00e9e\" \/>\n\t<meta name=\"twitter:data1\" content=\"6 minutes\" \/>\n<script type=\"application\/ld+json\" class=\"yoast-schema-graph\">{\"@context\":\"https:\/\/schema.org\",\"@graph\":[{\"@type\":\"WebPage\",\"@id\":\"https:\/\/www.castellodirazzano.it\/la-famiglia\/\",\"url\":\"https:\/\/www.castellodirazzano.it\/la-famiglia\/\",\"name\":\"La famille - Castello di Razzano\",\"isPartOf\":{\"@id\":\"https:\/\/www.castellodirazzano.it\/en\/#website\"},\"primaryImageOfPage\":{\"@id\":\"https:\/\/www.castellodirazzano.it\/la-famiglia\/#primaryimage\"},\"image\":{\"@id\":\"https:\/\/www.castellodirazzano.it\/la-famiglia\/#primaryimage\"},\"thumbnailUrl\":\"http:\/\/castellodirazzano.it\/wp-content\/uploads\/2017\/02\/Olearo-Ernesto.jpg\",\"datePublished\":\"2017-01-23T14:25:48+00:00\",\"dateModified\":\"2017-06-02T09:07:34+00:00\",\"description\":\"Nei primi del \u2019900 dal bisnonno Ernesto Olearo e moglie Clementina Razzano costruirono la prima cantina di piccole dimensioni in localit\u00e0 Casarello\",\"breadcrumb\":{\"@id\":\"https:\/\/www.castellodirazzano.it\/la-famiglia\/#breadcrumb\"},\"inLanguage\":\"fr-FR\",\"potentialAction\":[{\"@type\":\"ReadAction\",\"target\":[\"https:\/\/www.castellodirazzano.it\/la-famiglia\/\"]}]},{\"@type\":\"ImageObject\",\"inLanguage\":\"fr-FR\",\"@id\":\"https:\/\/www.castellodirazzano.it\/la-famiglia\/#primaryimage\",\"url\":\"http:\/\/castellodirazzano.it\/wp-content\/uploads\/2017\/02\/Olearo-Ernesto.jpg\",\"contentUrl\":\"http:\/\/castellodirazzano.it\/wp-content\/uploads\/2017\/02\/Olearo-Ernesto.jpg\"},{\"@type\":\"BreadcrumbList\",\"@id\":\"https:\/\/www.castellodirazzano.it\/la-famiglia\/#breadcrumb\",\"itemListElement\":[{\"@type\":\"ListItem\",\"position\":1,\"name\":\"Home\",\"item\":\"https:\/\/www.castellodirazzano.it\/\"},{\"@type\":\"ListItem\",\"position\":2,\"name\":\"La Famiglia\"}]},{\"@type\":\"WebSite\",\"@id\":\"https:\/\/www.castellodirazzano.it\/en\/#website\",\"url\":\"https:\/\/www.castellodirazzano.it\/en\/\",\"name\":\"Castello di Razzano\",\"description\":\"Cantine e Relais di Charme\",\"potentialAction\":[{\"@type\":\"SearchAction\",\"target\":{\"@type\":\"EntryPoint\",\"urlTemplate\":\"https:\/\/www.castellodirazzano.it\/en\/?s={search_term_string}\"},\"query-input\":{\"@type\":\"PropertyValueSpecification\",\"valueRequired\":true,\"valueName\":\"search_term_string\"}}],\"inLanguage\":\"fr-FR\"}]}<\/script>\n<!-- \/ Yoast SEO plugin. -->","yoast_head_json":{"title":"La famille - Castello di Razzano","description":"Nei primi del \u2019900 dal bisnonno Ernesto Olearo e moglie Clementina Razzano costruirono la prima cantina di piccole dimensioni in localit\u00e0 Casarello","robots":{"index":"index","follow":"follow","max-snippet":"max-snippet:-1","max-image-preview":"max-image-preview:large","max-video-preview":"max-video-preview:-1"},"canonical":"https:\/\/www.castellodirazzano.it\/la-famiglia\/","og_locale":"fr_FR","og_type":"article","og_title":"La famille - Castello di Razzano","og_description":"Nei primi del \u2019900 dal bisnonno Ernesto Olearo e moglie Clementina Razzano costruirono la prima cantina di piccole dimensioni in localit\u00e0 Casarello","og_url":"https:\/\/www.castellodirazzano.it\/la-famiglia\/","og_site_name":"Castello di Razzano","article_publisher":"https:\/\/www.facebook.com\/castellodirazzanomonferrato\/","article_modified_time":"2017-06-02T09:07:34+00:00","og_image":[{"url":"http:\/\/castellodirazzano.it\/wp-content\/uploads\/2017\/02\/Olearo-Ernesto.jpg","type":"","width":"","height":""}],"twitter_card":"summary_large_image","twitter_misc":{"Dur\u00e9e de lecture estim\u00e9e":"6 minutes"},"schema":{"@context":"https:\/\/schema.org","@graph":[{"@type":"WebPage","@id":"https:\/\/www.castellodirazzano.it\/la-famiglia\/","url":"https:\/\/www.castellodirazzano.it\/la-famiglia\/","name":"La famille - Castello di Razzano","isPartOf":{"@id":"https:\/\/www.castellodirazzano.it\/en\/#website"},"primaryImageOfPage":{"@id":"https:\/\/www.castellodirazzano.it\/la-famiglia\/#primaryimage"},"image":{"@id":"https:\/\/www.castellodirazzano.it\/la-famiglia\/#primaryimage"},"thumbnailUrl":"http:\/\/castellodirazzano.it\/wp-content\/uploads\/2017\/02\/Olearo-Ernesto.jpg","datePublished":"2017-01-23T14:25:48+00:00","dateModified":"2017-06-02T09:07:34+00:00","description":"Nei primi del \u2019900 dal bisnonno Ernesto Olearo e moglie Clementina Razzano costruirono la prima cantina di piccole dimensioni in localit\u00e0 Casarello","breadcrumb":{"@id":"https:\/\/www.castellodirazzano.it\/la-famiglia\/#breadcrumb"},"inLanguage":"fr-FR","potentialAction":[{"@type":"ReadAction","target":["https:\/\/www.castellodirazzano.it\/la-famiglia\/"]}]},{"@type":"ImageObject","inLanguage":"fr-FR","@id":"https:\/\/www.castellodirazzano.it\/la-famiglia\/#primaryimage","url":"http:\/\/castellodirazzano.it\/wp-content\/uploads\/2017\/02\/Olearo-Ernesto.jpg","contentUrl":"http:\/\/castellodirazzano.it\/wp-content\/uploads\/2017\/02\/Olearo-Ernesto.jpg"},{"@type":"BreadcrumbList","@id":"https:\/\/www.castellodirazzano.it\/la-famiglia\/#breadcrumb","itemListElement":[{"@type":"ListItem","position":1,"name":"Home","item":"https:\/\/www.castellodirazzano.it\/"},{"@type":"ListItem","position":2,"name":"La Famiglia"}]},{"@type":"WebSite","@id":"https:\/\/www.castellodirazzano.it\/en\/#website","url":"https:\/\/www.castellodirazzano.it\/en\/","name":"Castello di Razzano","description":"Cantine e Relais di Charme","potentialAction":[{"@type":"SearchAction","target":{"@type":"EntryPoint","urlTemplate":"https:\/\/www.castellodirazzano.it\/en\/?s={search_term_string}"},"query-input":{"@type":"PropertyValueSpecification","valueRequired":true,"valueName":"search_term_string"}}],"inLanguage":"fr-FR"}]}},"_links":{"self":[{"href":"https:\/\/www.castellodirazzano.it\/fr\/wp-json\/wp\/v2\/pages\/32","targetHints":{"allow":["GET"]}}],"collection":[{"href":"https:\/\/www.castellodirazzano.it\/fr\/wp-json\/wp\/v2\/pages"}],"about":[{"href":"https:\/\/www.castellodirazzano.it\/fr\/wp-json\/wp\/v2\/types\/page"}],"author":[{"embeddable":true,"href":"https:\/\/www.castellodirazzano.it\/fr\/wp-json\/wp\/v2\/users\/1"}],"replies":[{"embeddable":true,"href":"https:\/\/www.castellodirazzano.it\/fr\/wp-json\/wp\/v2\/comments?post=32"}],"version-history":[{"count":62,"href":"https:\/\/www.castellodirazzano.it\/fr\/wp-json\/wp\/v2\/pages\/32\/revisions"}],"predecessor-version":[{"id":1100,"href":"https:\/\/www.castellodirazzano.it\/fr\/wp-json\/wp\/v2\/pages\/32\/revisions\/1100"}],"wp:attachment":[{"href":"https:\/\/www.castellodirazzano.it\/fr\/wp-json\/wp\/v2\/media?parent=32"}],"curies":[{"name":"wp","href":"https:\/\/api.w.org\/{rel}","templated":true}]}}