{"id":13014,"date":"2024-01-18T10:49:24","date_gmt":"2024-01-18T10:49:24","guid":{"rendered":"https:\/\/www.castellodirazzano.it\/?page_id=13014"},"modified":"2024-01-18T13:17:02","modified_gmt":"2024-01-18T13:17:02","slug":"eventi-privati","status":"publish","type":"page","link":"https:\/\/www.castellodirazzano.it\/fr\/relais\/eventi-privati\/","title":{"rendered":"\u00c9v\u00e9nements priv\u00e9s"},"content":{"rendered":"<p><link href=\"https:\/\/fonts.googleapis.com\/css?family=Playfair+Display:italic\" rel=\"stylesheet\" property=\"stylesheet\" type=\"text\/css\" media=\"all\">\n<div id=\"rev_slider_68_4_wrapper\" class=\"rev_slider_wrapper fullscreen-container\" data-source=\"gallery\" style=\"background:transparent;padding:0px;\">\n<!-- START REVOLUTION SLIDER 5.4.2 fullscreen mode -->\n\t<div id=\"rev_slider_68_4\" class=\"rev_slider fullscreenbanner\" style=\"display:none;\" data-version=\"5.4.2\">\n<ul>\t<!-- SLIDE  -->\n\t<li data-index=\"rs-526\" data-transition=\"fade\" data-slotamount=\"default\" data-hideafterloop=\"0\" data-hideslideonmobile=\"off\"  data-easein=\"default\" data-easeout=\"default\" data-masterspeed=\"300\"  data-rotate=\"0\"  data-saveperformance=\"off\"  data-title=\"Slide\" data-param1=\"\" data-param2=\"\" data-param3=\"\" data-param4=\"\" data-param5=\"\" data-param6=\"\" data-param7=\"\" data-param8=\"\" data-param9=\"\" data-param10=\"\" data-description=\"\">\n\t\t<!-- MAIN IMAGE -->\n\t\t<img loading=\"lazy\" decoding=\"async\" src=\"https:\/\/www.castellodirazzano.it\/wp-content\/uploads\/2024\/01\/P4200396-scaled.jpg\"  alt=\"\" title=\"OLYMPUS DIGITAL CAMERA\"  width=\"2560\" height=\"1920\" data-bgposition=\"center center\" data-bgfit=\"cover\" data-bgrepeat=\"no-repeat\" class=\"rev-slidebg\" data-no-retina>\n\t\t<!-- LAYERS -->\n\n\t\t<!-- LAYER NR. 1 -->\n\t\t<div class=\"tp-caption   tp-resizeme\" \n\t\t\t id=\"slide-526-layer-1\" \n\t\t\t data-x=\"['center','center','center','center']\" data-hoffset=\"['0','0','0','0']\" \n\t\t\t data-y=\"['top','top','middle','middle']\" data-voffset=\"['1070','1070','341','239']\" \n\t\t\t\t\t\tdata-fontsize=\"['40','40','40','36']\"\n\t\t\tdata-width=\"none\"\n\t\t\tdata-height=\"none\"\n\t\t\tdata-whitespace=\"nowrap\"\n \n\t\t\tdata-type=\"text\" \n\t\t\tdata-responsive_offset=\"on\" \n\n\t\t\tdata-frames='[{\"delay\":500,\"speed\":2000,\"frame\":\"0\",\"from\":\"z:0;rX:0;rY:0;rZ:0;sX:0.9;sY:0.9;skX:0;skY:0;opacity:0;\",\"to\":\"o:1;\",\"ease\":\"Power3.easeInOut\"},{\"delay\":\"wait\",\"speed\":300,\"frame\":\"999\",\"to\":\"opacity:0;\",\"ease\":\"nothing\"}]'\n\t\t\tdata-textAlign=\"['left','left','left','left']\"\n\t\t\tdata-paddingtop=\"[0,0,0,0]\"\n\t\t\tdata-paddingright=\"[0,0,0,0]\"\n\t\t\tdata-paddingbottom=\"[0,0,0,0]\"\n\t\t\tdata-paddingleft=\"[0,0,0,0]\"\n\n\t\t\tstyle=\"z-index: 5; white-space: nowrap; font-size: 40px; line-height: 22px; font-weight: 400; color: rgba(255,255,255,1); letter-spacing: px;font-family:Playfair Display;font-style:italic;\">\u00c9v\u00e9nements exclusifs <\/div>\n\n\t\t<!-- LAYER NR. 2 -->\n\t\t<div class=\"tp-caption   tp-resizeme tp-svg-layer\" \n\t\t\t id=\"slide-526-layer-4\" \n\t\t\t data-x=\"['center','center','center','center']\" data-hoffset=\"['0','0','0','0']\" \n\t\t\t data-y=\"['top','top','middle','bottom']\" data-voffset=\"['1109','1109','420','10']\" \n\t\t\t\t\t\tdata-width=\"102\"\n\t\t\tdata-height=\"102\"\n\t\t\tdata-whitespace=\"normal\"\n \n\t\t\tdata-type=\"svg\" \n\t\t\tdata-actions='[{\"event\":\"click\",\"action\":\"scrollbelow\",\"offset\":\"px\",\"delay\":\"\",\"speed\":\"300\",\"ease\":\"Linear.easeNone\"}]'\n\t\t\tdata-svg_src=\"http:\/\/www.castellodirazzano.it\/wp-content\/plugins\/revslider\/public\/assets\/assets\/svg\/navigation\/ic_expand_more_36px.svg\" \n\t\t\tdata-svg_idle=\"sc:transparent;sw:0;sda:0;sdo:0;\" \n\t\t\tdata-responsive_offset=\"on\" \n\n\t\t\tdata-frames='[{\"delay\":500,\"speed\":300,\"frame\":\"0\",\"from\":\"opacity:0;\",\"to\":\"o:1;\",\"ease\":\"Power2.easeInOut\"},{\"delay\":\"wait\",\"speed\":300,\"frame\":\"999\",\"to\":\"opacity:0;\",\"ease\":\"nothing\"}]'\n\t\t\tdata-textAlign=\"['left','left','left','left']\"\n\t\t\tdata-paddingtop=\"[0,0,0,0]\"\n\t\t\tdata-paddingright=\"[0,0,0,0]\"\n\t\t\tdata-paddingbottom=\"[0,0,0,0]\"\n\t\t\tdata-paddingleft=\"[0,0,0,0]\"\n\n\t\t\tstyle=\"z-index: 6; min-width: 102px; max-width: 102px; max-width: 102px; max-width: 102px; color: rgba(255,255,255,1);cursor:pointer;\">\n<div class=\"rs-looped rs-pulse\"  data-easing=\"Power0.easeIn\" data-speed=\"2\" data-zoomstart=\"1\" data-zoomend=\"1.3\"> <\/div><\/div>\n\t<\/li>\n<\/ul>\n<div class=\"tp-bannertimer tp-bottom\" style=\"visibility: hidden !important;\"><\/div>\t<\/div>\n<script>var htmlDiv = document.getElementById(\"rs-plugin-settings-inline-css\"); var htmlDivCss=\"\";\r\n\t\t\t\tif(htmlDiv) {\r\n\t\t\t\t\thtmlDiv.innerHTML = htmlDiv.innerHTML + htmlDivCss;\r\n\t\t\t\t}else{\r\n\t\t\t\t\tvar htmlDiv = document.createElement(\"div\");\r\n\t\t\t\t\thtmlDiv.innerHTML = \"<style>\" + htmlDivCss + \"<\/style>\";\r\n\t\t\t\t\tdocument.getElementsByTagName(\"head\")[0].appendChild(htmlDiv.childNodes[0]);\r\n\t\t\t\t}\r\n\t\t\t<\/script>\n\t\t<script type=\"text\/javascript\">\r\n\t\t\t\t\t\t\/******************************************\r\n\t\t\t\t-\tPREPARE PLACEHOLDER FOR SLIDER\t-\r\n\t\t\t******************************************\/\r\n\r\n\t\t\tvar setREVStartSize=function(){\r\n\t\t\t\ttry{var e=new Object,i=jQuery(window).width(),t=9999,r=0,n=0,l=0,f=0,s=0,h=0;\r\n\t\t\t\t\te.c = jQuery('#rev_slider_68_4');\r\n\t\t\t\t\te.responsiveLevels = [1240,1240,778,480];\r\n\t\t\t\t\te.gridwidth = [1800,1024,778,480];\r\n\t\t\t\t\te.gridheight = [1200,768,960,720];\r\n\t\t\t\t\t\t\t\r\n\t\t\t\t\te.sliderLayout = \"fullscreen\";\r\n\t\t\t\t\te.fullScreenAutoWidth='off';\r\n\t\t\t\t\te.fullScreenAlignForce='off';\r\n\t\t\t\t\te.fullScreenOffsetContainer= '';\r\n\t\t\t\t\te.fullScreenOffset='';\r\n\t\t\t\t\tif(e.responsiveLevels&&(jQuery.each(e.responsiveLevels,function(e,f){f>i&&(t=r=f,l=e),i>f&&f>r&&(r=f,n=e)}),t>r&&(l=n)),f=e.gridheight[l]||e.gridheight[0]||e.gridheight,s=e.gridwidth[l]||e.gridwidth[0]||e.gridwidth,h=i\/s,h=h>1?1:h,f=Math.round(h*f),\"fullscreen\"==e.sliderLayout){var u=(e.c.width(),jQuery(window).height());if(void 0!=e.fullScreenOffsetContainer){var c=e.fullScreenOffsetContainer.split(\",\");if (c) jQuery.each(c,function(e,i){u=jQuery(i).length>0?u-jQuery(i).outerHeight(!0):u}),e.fullScreenOffset.split(\"%\").length>1&&void 0!=e.fullScreenOffset&&e.fullScreenOffset.length>0?u-=jQuery(window).height()*parseInt(e.fullScreenOffset,0)\/100:void 0!=e.fullScreenOffset&&e.fullScreenOffset.length>0&&(u-=parseInt(e.fullScreenOffset,0))}f=u}else void 0!=e.minHeight&&f<e.minHeight&&(f=e.minHeight);e.c.closest(\".rev_slider_wrapper\").css({height:f})\r\n\t\t\t\t\t\r\n\t\t\t\t}catch(d){console.log(\"Failure at Presize of Slider:\"+d)}\r\n\t\t\t};\r\n\t\t\t\r\n\t\t\tsetREVStartSize();\r\n\t\t\t\r\n\t\t\t\t\t\tvar tpj=jQuery;\r\n\t\t\t\r\n\t\t\tvar revapi68;\r\n\t\t\ttpj(document).ready(function() {\n\t\t\t\tif(tpj(\"#rev_slider_68_4\").revolution == undefined){\n\t\t\t\t\trevslider_showDoubleJqueryError(\"#rev_slider_68_4\");\n\t\t\t\t}else{\n\t\t\t\t\trevapi68 = tpj(\"#rev_slider_68_4\").show().revolution({\n\t\t\t\t\t\tsliderType:\"hero\",\njsFileLocation:\"\/\/www.castellodirazzano.it\/wp-content\/plugins\/revslider\/public\/assets\/js\/\",\n\t\t\t\t\t\tsliderLayout:\"fullscreen\",\n\t\t\t\t\t\tdottedOverlay:\"none\",\n\t\t\t\t\t\tdelay:9000,\n\t\t\t\t\t\tnavigation: {\n\t\t\t\t\t\t},\n\t\t\t\t\t\tresponsiveLevels:[1240,1240,778,480],\n\t\t\t\t\t\tvisibilityLevels:[1240,1240,778,480],\n\t\t\t\t\t\tgridwidth:[1800,1024,778,480],\n\t\t\t\t\t\tgridheight:[1200,768,960,720],\n\t\t\t\t\t\tlazyType:\"none\",\n\t\t\t\t\t\tshadow:0,\n\t\t\t\t\t\tspinner:\"spinner2\",\n\t\t\t\t\t\tautoHeight:\"off\",\n\t\t\t\t\t\tfullScreenAutoWidth:\"off\",\n\t\t\t\t\t\tfullScreenAlignForce:\"off\",\n\t\t\t\t\t\tfullScreenOffsetContainer: \"\",\n\t\t\t\t\t\tfullScreenOffset: \"\",\n\t\t\t\t\t\tdisableProgressBar:\"on\",\n\t\t\t\t\t\thideThumbsOnMobile:\"off\",\n\t\t\t\t\t\thideSliderAtLimit:0,\n\t\t\t\t\t\thideCaptionAtLimit:0,\n\t\t\t\t\t\thideAllCaptionAtLilmit:0,\n\t\t\t\t\t\tdebugMode:false,\n\t\t\t\t\t\tfallbacks: {\n\t\t\t\t\t\t\tsimplifyAll:\"off\",\n\t\t\t\t\t\t\tdisableFocusListener:false,\n\t\t\t\t\t\t}\n\t\t\t\t\t});\n\t\t\t\t}\n\t\t\t});\t\/*ready*\/\n\t\t<\/script>\r\n\t\t<script>\r\n\t\t\t\t\tvar htmlDivCss = ' #rev_slider_68_4_wrapper .tp-loader.spinner2{ background-color: #FFFFFF !important; } ';\r\n\t\t\t\t\tvar htmlDiv = document.getElementById('rs-plugin-settings-inline-css');\r\n\t\t\t\t\tif(htmlDiv) {\r\n\t\t\t\t\t\thtmlDiv.innerHTML = htmlDiv.innerHTML + htmlDivCss;\r\n\t\t\t\t\t}\r\n\t\t\t\t\telse{\r\n\t\t\t\t\t\tvar htmlDiv = document.createElement('div');\r\n\t\t\t\t\t\thtmlDiv.innerHTML = '<style>' + htmlDivCss + '<\/style>';\r\n\t\t\t\t\t\tdocument.getElementsByTagName('head')[0].appendChild(htmlDiv.childNodes[0]);\r\n\t\t\t\t\t}\r\n\t\t\t\t\t<\/script>\r\n\t\t\t\t\t<\/div><!-- END REVOLUTION SLIDER --><\/p>\n<div>\n<p style=\"padding-left: 40px;\"><img loading=\"lazy\" decoding=\"async\" class=\"alignleft wp-image-13018\" src=\"https:\/\/www.castellodirazzano.it\/wp-content\/uploads\/2024\/01\/FGFUE8803-scaled-e1705574294954-251x300.jpg\" alt=\"\" width=\"400\" height=\"479\" srcset=\"https:\/\/www.castellodirazzano.it\/wp-content\/uploads\/2024\/01\/FGFUE8803-scaled-e1705574294954-251x300.jpg 251w, https:\/\/www.castellodirazzano.it\/wp-content\/uploads\/2024\/01\/FGFUE8803-scaled-e1705574294954-855x1024.jpg 855w, https:\/\/www.castellodirazzano.it\/wp-content\/uploads\/2024\/01\/FGFUE8803-scaled-e1705574294954-768x919.jpg 768w, https:\/\/www.castellodirazzano.it\/wp-content\/uploads\/2024\/01\/FGFUE8803-scaled-e1705574294954-1283x1536.jpg 1283w, https:\/\/www.castellodirazzano.it\/wp-content\/uploads\/2024\/01\/FGFUE8803-scaled-e1705574294954-300x359.jpg 300w, https:\/\/www.castellodirazzano.it\/wp-content\/uploads\/2024\/01\/FGFUE8803-scaled-e1705574294954-600x718.jpg 600w, https:\/\/www.castellodirazzano.it\/wp-content\/uploads\/2024\/01\/FGFUE8803-scaled-e1705574294954.jpg 1425w\" sizes=\"auto, (max-width: 400px) 100vw, 400px\" \/><\/p>\n<div class=\"group\">\n<div class=\"left\">\n<h1>Lieu id\u00e9al pour des \u00e9v\u00e9nements priv\u00e9s dans le Monferrato<\/h1>\n<p>Tenuta Castello di Razzano est le lieu id\u00e9al pour organiser un \u00e9v\u00e9nement priv\u00e9 unique et inoubliable.<\/p>\n<p>Les propri\u00e9taires se feront un plaisir de vous accueillir et de personnaliser chacune de vos demandes, en profitant des diff\u00e9rents et nombreux espaces du domaine.<\/p>\n<p><img loading=\"lazy\" decoding=\"async\" class=\"alignright wp-image-13017\" src=\"https:\/\/www.castellodirazzano.it\/wp-content\/uploads\/2024\/01\/Tavolo-riunioni-225x300.jpg\" alt=\"\" width=\"359\" height=\"479\" srcset=\"https:\/\/www.castellodirazzano.it\/wp-content\/uploads\/2024\/01\/Tavolo-riunioni-225x300.jpg 225w, https:\/\/www.castellodirazzano.it\/wp-content\/uploads\/2024\/01\/Tavolo-riunioni-768x1024.jpg 768w, https:\/\/www.castellodirazzano.it\/wp-content\/uploads\/2024\/01\/Tavolo-riunioni-1152x1536.jpg 1152w, https:\/\/www.castellodirazzano.it\/wp-content\/uploads\/2024\/01\/Tavolo-riunioni-1536x2048.jpg 1536w, https:\/\/www.castellodirazzano.it\/wp-content\/uploads\/2024\/01\/Tavolo-riunioni-1800x2400.jpg 1800w, https:\/\/www.castellodirazzano.it\/wp-content\/uploads\/2024\/01\/Tavolo-riunioni-300x400.jpg 300w, https:\/\/www.castellodirazzano.it\/wp-content\/uploads\/2024\/01\/Tavolo-riunioni-600x800.jpg 600w, https:\/\/www.castellodirazzano.it\/wp-content\/uploads\/2024\/01\/Tavolo-riunioni-scaled.jpg 1920w\" sizes=\"auto, (max-width: 359px) 100vw, 359px\" \/><\/p>\n<p>Pour une petite c\u00e9r\u00e9monie, pour un team building, pour une r\u00e9union de travail, pour une visite de groupe, Tenuta Castello di Razzano est l&rsquo;endroit id\u00e9al pour une exp\u00e9rience sans pr\u00e9c\u00e9dent dans le Monferrato.<\/p>\n<h4>Contactez-nous pour organiser votre \u00e9v\u00e9nement.<\/h4>\n<p><a class=\"button large red\" href=\"https:\/\/www.castellodirazzano.it\/contatti\/\">CONTACTS<\/a><\/p>\n<\/div>\n<\/div>\n<\/div>\n<p><\/p>","protected":false},"excerpt":{"rendered":"<p>Lieu id\u00e9al pour des \u00e9v\u00e9nements priv\u00e9s dans le Monferrato Tenuta Castello di Razzano est le lieu id\u00e9al pour organiser un \u00e9v\u00e9nement priv\u00e9 unique et inoubliable. Les propri\u00e9taires se feront un plaisir de vous accueillir et de personnaliser chacune de vos demandes, en profitant des diff\u00e9rents et nombreux espaces du domaine. Pour une petite c\u00e9r\u00e9monie, pour [&hellip;]<\/p>\n","protected":false},"author":2,"featured_media":12066,"parent":14,"menu_order":0,"comment_status":"closed","ping_status":"closed","template":"","meta":{"_genesis_hide_title":false,"_genesis_hide_breadcrumbs":false,"_genesis_hide_singular_image":false,"_genesis_hide_footer_widgets":false,"_genesis_custom_body_class":"","_genesis_custom_post_class":"","_genesis_layout":"","footnotes":""},"class_list":{"0":"post-13014","1":"page","2":"type-page","3":"status-publish","4":"has-post-thumbnail","6":"entry"},"yoast_head":"<!-- This site is optimized with the Yoast SEO plugin v26.4 - https:\/\/yoast.com\/wordpress\/plugins\/seo\/ -->\n<title>\u00c9v\u00e9nements priv\u00e9s - Castello di Razzano<\/title>\n<meta name=\"robots\" content=\"index, follow, max-snippet:-1, max-image-preview:large, max-video-preview:-1\" \/>\n<link rel=\"canonical\" href=\"https:\/\/www.castellodirazzano.it\/relais\/eventi-privati\/\" \/>\n<meta property=\"og:locale\" content=\"fr_FR\" \/>\n<meta property=\"og:type\" content=\"article\" \/>\n<meta property=\"og:title\" content=\"\u00c9v\u00e9nements priv\u00e9s - Castello di Razzano\" \/>\n<meta property=\"og:description\" content=\"Lieu id\u00e9al pour des \u00e9v\u00e9nements priv\u00e9s dans le Monferrato Tenuta Castello di Razzano est le lieu id\u00e9al pour organiser un \u00e9v\u00e9nement priv\u00e9 unique et inoubliable. Les propri\u00e9taires se feront un plaisir de vous accueillir et de personnaliser chacune de vos demandes, en profitant des diff\u00e9rents et nombreux espaces du domaine. Pour une petite c\u00e9r\u00e9monie, pour [&hellip;]\" \/>\n<meta property=\"og:url\" content=\"https:\/\/www.castellodirazzano.it\/relais\/eventi-privati\/\" \/>\n<meta property=\"og:site_name\" content=\"Castello di Razzano\" \/>\n<meta property=\"article:publisher\" content=\"https:\/\/www.facebook.com\/castellodirazzanomonferrato\/\" \/>\n<meta property=\"article:modified_time\" content=\"2024-01-18T13:17:02+00:00\" \/>\n<meta property=\"og:image\" content=\"https:\/\/www.castellodirazzano.it\/wp-content\/uploads\/2022\/05\/DSC3120-OP.jpg\" \/>\n\t<meta property=\"og:image:width\" content=\"1920\" \/>\n\t<meta property=\"og:image:height\" content=\"1285\" \/>\n\t<meta property=\"og:image:type\" content=\"image\/jpeg\" \/>\n<meta name=\"twitter:card\" content=\"summary_large_image\" \/>\n<meta name=\"twitter:label1\" content=\"Dur\u00e9e de lecture estim\u00e9e\" \/>\n\t<meta name=\"twitter:data1\" content=\"1 minute\" \/>\n<script type=\"application\/ld+json\" class=\"yoast-schema-graph\">{\"@context\":\"https:\/\/schema.org\",\"@graph\":[{\"@type\":\"WebPage\",\"@id\":\"https:\/\/www.castellodirazzano.it\/relais\/eventi-privati\/\",\"url\":\"https:\/\/www.castellodirazzano.it\/relais\/eventi-privati\/\",\"name\":\"\u00c9v\u00e9nements priv\u00e9s - Castello di Razzano\",\"isPartOf\":{\"@id\":\"https:\/\/www.castellodirazzano.it\/en\/#website\"},\"primaryImageOfPage\":{\"@id\":\"https:\/\/www.castellodirazzano.it\/relais\/eventi-privati\/#primaryimage\"},\"image\":{\"@id\":\"https:\/\/www.castellodirazzano.it\/relais\/eventi-privati\/#primaryimage\"},\"thumbnailUrl\":\"https:\/\/www.castellodirazzano.it\/wp-content\/uploads\/2023\/12\/IMG_1398-002-scaled.jpg\",\"datePublished\":\"2024-01-18T10:49:24+00:00\",\"dateModified\":\"2024-01-18T13:17:02+00:00\",\"breadcrumb\":{\"@id\":\"https:\/\/www.castellodirazzano.it\/relais\/eventi-privati\/#breadcrumb\"},\"inLanguage\":\"fr-FR\",\"potentialAction\":[{\"@type\":\"ReadAction\",\"target\":[\"https:\/\/www.castellodirazzano.it\/relais\/eventi-privati\/\"]}]},{\"@type\":\"ImageObject\",\"inLanguage\":\"fr-FR\",\"@id\":\"https:\/\/www.castellodirazzano.it\/relais\/eventi-privati\/#primaryimage\",\"url\":\"https:\/\/www.castellodirazzano.it\/wp-content\/uploads\/2023\/12\/IMG_1398-002-scaled.jpg\",\"contentUrl\":\"https:\/\/www.castellodirazzano.it\/wp-content\/uploads\/2023\/12\/IMG_1398-002-scaled.jpg\",\"width\":1920,\"height\":2560},{\"@type\":\"BreadcrumbList\",\"@id\":\"https:\/\/www.castellodirazzano.it\/relais\/eventi-privati\/#breadcrumb\",\"itemListElement\":[{\"@type\":\"ListItem\",\"position\":1,\"name\":\"Home\",\"item\":\"https:\/\/www.castellodirazzano.it\/\"},{\"@type\":\"ListItem\",\"position\":2,\"name\":\"Relais\",\"item\":\"https:\/\/www.castellodirazzano.it\/relais\/\"},{\"@type\":\"ListItem\",\"position\":3,\"name\":\"Eventi Privati\"}]},{\"@type\":\"WebSite\",\"@id\":\"https:\/\/www.castellodirazzano.it\/en\/#website\",\"url\":\"https:\/\/www.castellodirazzano.it\/en\/\",\"name\":\"Castello di Razzano\",\"description\":\"Cantine e Relais di Charme\",\"potentialAction\":[{\"@type\":\"SearchAction\",\"target\":{\"@type\":\"EntryPoint\",\"urlTemplate\":\"https:\/\/www.castellodirazzano.it\/en\/?s={search_term_string}\"},\"query-input\":{\"@type\":\"PropertyValueSpecification\",\"valueRequired\":true,\"valueName\":\"search_term_string\"}}],\"inLanguage\":\"fr-FR\"}]}<\/script>\n<!-- \/ Yoast SEO plugin. -->","yoast_head_json":{"title":"\u00c9v\u00e9nements priv\u00e9s - Castello di Razzano","robots":{"index":"index","follow":"follow","max-snippet":"max-snippet:-1","max-image-preview":"max-image-preview:large","max-video-preview":"max-video-preview:-1"},"canonical":"https:\/\/www.castellodirazzano.it\/relais\/eventi-privati\/","og_locale":"fr_FR","og_type":"article","og_title":"\u00c9v\u00e9nements priv\u00e9s - Castello di Razzano","og_description":"Lieu id\u00e9al pour des \u00e9v\u00e9nements priv\u00e9s dans le Monferrato Tenuta Castello di Razzano est le lieu id\u00e9al pour organiser un \u00e9v\u00e9nement priv\u00e9 unique et inoubliable. Les propri\u00e9taires se feront un plaisir de vous accueillir et de personnaliser chacune de vos demandes, en profitant des diff\u00e9rents et nombreux espaces du domaine. Pour une petite c\u00e9r\u00e9monie, pour [&hellip;]","og_url":"https:\/\/www.castellodirazzano.it\/relais\/eventi-privati\/","og_site_name":"Castello di Razzano","article_publisher":"https:\/\/www.facebook.com\/castellodirazzanomonferrato\/","article_modified_time":"2024-01-18T13:17:02+00:00","og_image":[{"width":1920,"height":1285,"url":"https:\/\/www.castellodirazzano.it\/wp-content\/uploads\/2022\/05\/DSC3120-OP.jpg","type":"image\/jpeg"}],"twitter_card":"summary_large_image","twitter_misc":{"Dur\u00e9e de lecture estim\u00e9e":"1 minute"},"schema":{"@context":"https:\/\/schema.org","@graph":[{"@type":"WebPage","@id":"https:\/\/www.castellodirazzano.it\/relais\/eventi-privati\/","url":"https:\/\/www.castellodirazzano.it\/relais\/eventi-privati\/","name":"\u00c9v\u00e9nements priv\u00e9s - Castello di Razzano","isPartOf":{"@id":"https:\/\/www.castellodirazzano.it\/en\/#website"},"primaryImageOfPage":{"@id":"https:\/\/www.castellodirazzano.it\/relais\/eventi-privati\/#primaryimage"},"image":{"@id":"https:\/\/www.castellodirazzano.it\/relais\/eventi-privati\/#primaryimage"},"thumbnailUrl":"https:\/\/www.castellodirazzano.it\/wp-content\/uploads\/2023\/12\/IMG_1398-002-scaled.jpg","datePublished":"2024-01-18T10:49:24+00:00","dateModified":"2024-01-18T13:17:02+00:00","breadcrumb":{"@id":"https:\/\/www.castellodirazzano.it\/relais\/eventi-privati\/#breadcrumb"},"inLanguage":"fr-FR","potentialAction":[{"@type":"ReadAction","target":["https:\/\/www.castellodirazzano.it\/relais\/eventi-privati\/"]}]},{"@type":"ImageObject","inLanguage":"fr-FR","@id":"https:\/\/www.castellodirazzano.it\/relais\/eventi-privati\/#primaryimage","url":"https:\/\/www.castellodirazzano.it\/wp-content\/uploads\/2023\/12\/IMG_1398-002-scaled.jpg","contentUrl":"https:\/\/www.castellodirazzano.it\/wp-content\/uploads\/2023\/12\/IMG_1398-002-scaled.jpg","width":1920,"height":2560},{"@type":"BreadcrumbList","@id":"https:\/\/www.castellodirazzano.it\/relais\/eventi-privati\/#breadcrumb","itemListElement":[{"@type":"ListItem","position":1,"name":"Home","item":"https:\/\/www.castellodirazzano.it\/"},{"@type":"ListItem","position":2,"name":"Relais","item":"https:\/\/www.castellodirazzano.it\/relais\/"},{"@type":"ListItem","position":3,"name":"Eventi Privati"}]},{"@type":"WebSite","@id":"https:\/\/www.castellodirazzano.it\/en\/#website","url":"https:\/\/www.castellodirazzano.it\/en\/","name":"Castello di Razzano","description":"Cantine e Relais di Charme","potentialAction":[{"@type":"SearchAction","target":{"@type":"EntryPoint","urlTemplate":"https:\/\/www.castellodirazzano.it\/en\/?s={search_term_string}"},"query-input":{"@type":"PropertyValueSpecification","valueRequired":true,"valueName":"search_term_string"}}],"inLanguage":"fr-FR"}]}},"_links":{"self":[{"href":"https:\/\/www.castellodirazzano.it\/fr\/wp-json\/wp\/v2\/pages\/13014","targetHints":{"allow":["GET"]}}],"collection":[{"href":"https:\/\/www.castellodirazzano.it\/fr\/wp-json\/wp\/v2\/pages"}],"about":[{"href":"https:\/\/www.castellodirazzano.it\/fr\/wp-json\/wp\/v2\/types\/page"}],"author":[{"embeddable":true,"href":"https:\/\/www.castellodirazzano.it\/fr\/wp-json\/wp\/v2\/users\/2"}],"replies":[{"embeddable":true,"href":"https:\/\/www.castellodirazzano.it\/fr\/wp-json\/wp\/v2\/comments?post=13014"}],"version-history":[{"count":15,"href":"https:\/\/www.castellodirazzano.it\/fr\/wp-json\/wp\/v2\/pages\/13014\/revisions"}],"predecessor-version":[{"id":13041,"href":"https:\/\/www.castellodirazzano.it\/fr\/wp-json\/wp\/v2\/pages\/13014\/revisions\/13041"}],"up":[{"embeddable":true,"href":"https:\/\/www.castellodirazzano.it\/fr\/wp-json\/wp\/v2\/pages\/14"}],"wp:featuredmedia":[{"embeddable":true,"href":"https:\/\/www.castellodirazzano.it\/fr\/wp-json\/wp\/v2\/media\/12066"}],"wp:attachment":[{"href":"https:\/\/www.castellodirazzano.it\/fr\/wp-json\/wp\/v2\/media?parent=13014"}],"curies":[{"name":"wp","href":"https:\/\/api.w.org\/{rel}","templated":true}]}}