{"id":17199,"date":"2025-01-24T10:59:40","date_gmt":"2025-01-24T10:59:40","guid":{"rendered":"https:\/\/www.castellodirazzano.it\/?post_type=product&#038;p=17199"},"modified":"2026-03-30T13:06:53","modified_gmt":"2026-03-30T13:06:53","slug":"gift-card-pic-nic-del-castello-per-1-persona-disponibile-da-aprile-a-ottobre","status":"publish","type":"product","link":"https:\/\/www.castellodirazzano.it\/en\/prodotto\/gift-card-pic-nic-del-castello-per-1-persona-disponibile-da-aprile-a-ottobre\/","title":{"rendered":"Gift Card &#8211; Pic Nic del Castello (per 1 persona) disponibile da aprile a settembre 2026"},"content":{"rendered":"<p><\/p>\n<p id=\"tw-target-text\" class=\"tw-data-text tw-text-large tw-ta\" dir=\"ltr\" data-placeholder=\"Traduzione\" data-ved=\"2ahUKEwiJm6OHy6KDAxX_hv0HHf8MA24Q3ewLegQIBRAQ\"><span style=\"font-weight: 400;\">A basket with typical Monferrato dishes based on the season and our daily preparations, local cured meats, cheeses and a dessert, <\/span>with a bottle of our wines to choose between Barbera d\u2019Asti \u201cLa Leona\u201d, Grignolino del Monferrato Casalese \u201cPianaccio\u201d, Nebbiolo Monferrato \u201cSerra del Bosco\u201d or Sauvignon Blanc \u201cSanspirit\u201d (1 bottle for every 2 people), to enjoy a moment of pure pleasure and carefreeness, immersed in the greenery of our PIC NIC area or among the rows of our vineyards.<\/p>\n<p>&nbsp;<\/p>\n<p dir=\"ltr\" data-placeholder=\"Traduzione\" data-ved=\"2ahUKEwiJm6OHy6KDAxX_hv0HHf8MA24Q3ewLegQIBRAQ\">The experience includes a free visit to the Museo ArteVino Razzano and the aging cellars.<\/p>\n<p><strong>EXPERIENCE AVAILABLE FROM APRIL TO SEPTEMBER (EXCEPT WEATHER CONDITIONS)<\/strong><\/p>\n<p dir=\"ltr\" data-placeholder=\"Traduzione\" data-ved=\"2ahUKEwiJm6OHy6KDAxX_hv0HHf8MA24Q3ewLegQIBRAQ\"><b>If you have any food intolerances, allergies, or special diets, please let us know at the time of booking.<\/b><\/p>\n<p dir=\"ltr\" data-placeholder=\"Traduzione\" data-ved=\"2ahUKEwiJm6OHy6KDAxX_hv0HHf8MA24Q3ewLegQIBRAQ\">Book online by selecting the relevant date in the <a href=\"https:\/\/www.castellodirazzano.it\/prodotto\/pic-nic-del-castello\/\">calendar<\/a>.<\/p>\n<p id=\"tw-target-text\" class=\"tw-data-text tw-text-large tw-ta\" dir=\"ltr\" data-placeholder=\"Traduzione\" data-ved=\"2ahUKEwiJm6OHy6KDAxX_hv0HHf8MA24Q3ewLegQIBRAQ\"><span class=\"Y2IQFc\" lang=\"en\">For more information do not hesitate\u00a0<a href=\"https:\/\/www.castellodirazzano.it\/en\/contatti\/\">to contact us.<\/a><\/span><\/p>\n<p><img loading=\"lazy\" decoding=\"async\" class=\"size-medium wp-image-17201 alignright\" src=\"https:\/\/www.castellodirazzano.it\/wp-content\/uploads\/2025\/01\/pic-nic-3-248x300.jpg\" alt=\"\" width=\"248\" height=\"300\" srcset=\"https:\/\/www.castellodirazzano.it\/wp-content\/uploads\/2025\/01\/pic-nic-3-248x300.jpg 248w, https:\/\/www.castellodirazzano.it\/wp-content\/uploads\/2025\/01\/pic-nic-3-845x1024.jpg 845w, https:\/\/www.castellodirazzano.it\/wp-content\/uploads\/2025\/01\/pic-nic-3-768x931.jpg 768w, https:\/\/www.castellodirazzano.it\/wp-content\/uploads\/2025\/01\/pic-nic-3-1268x1536.jpg 1268w, https:\/\/www.castellodirazzano.it\/wp-content\/uploads\/2025\/01\/pic-nic-3-1690x2048.jpg 1690w, https:\/\/www.castellodirazzano.it\/wp-content\/uploads\/2025\/01\/pic-nic-3-1800x2181.jpg 1800w, https:\/\/www.castellodirazzano.it\/wp-content\/uploads\/2025\/01\/pic-nic-3-300x363.jpg 300w, https:\/\/www.castellodirazzano.it\/wp-content\/uploads\/2025\/01\/pic-nic-3-600x727.jpg 600w\" sizes=\"auto, (max-width: 248px) 100vw, 248px\" \/><\/p>\n<p>&nbsp;<\/p>","protected":false},"excerpt":{"rendered":"<p>Price for 1 person<\/p>\n<p><strong>Once payment has been made, the GIFT CARD will be sent to the email address entered in the &#8220;RECIPIENT DATA&#8221; field.<\/strong><\/p>\n<p>N.B. If you do not receive it, we recommend checking your spam folder.<\/p>\n","protected":false},"featured_media":19876,"template":"","meta":{"_genesis_hide_title":false,"_genesis_hide_breadcrumbs":false,"_genesis_hide_singular_image":false,"_genesis_hide_footer_widgets":false,"_genesis_custom_body_class":"","_genesis_custom_post_class":"","_genesis_layout":""},"product_cat":[77],"product_tag":[],"giftcard-category":[],"class_list":{"0":"post-17199","1":"product","2":"type-product","3":"status-publish","4":"has-post-thumbnail","6":"product_cat-gift-card","7":"entry","9":"first","10":"instock","11":"virtual","12":"purchasable","13":"product-type-gift-card"},"yoast_head":"<!-- This site is optimized with the Yoast SEO plugin v26.4 - https:\/\/yoast.com\/wordpress\/plugins\/seo\/ -->\n<title>Gift Card - Pic Nic del Castello (per 1 persona) disponibile da aprile a settembre 2026 - Castello di Razzano<\/title>\n<meta name=\"robots\" content=\"index, follow, max-snippet:-1, max-image-preview:large, max-video-preview:-1\" \/>\n<link rel=\"canonical\" href=\"https:\/\/www.castellodirazzano.it\/prodotto\/gift-card-pic-nic-del-castello-per-1-persona-disponibile-da-aprile-a-ottobre\/\" \/>\n<meta property=\"og:locale\" content=\"en_US\" \/>\n<meta property=\"og:type\" content=\"article\" \/>\n<meta property=\"og:title\" content=\"Gift Card - Pic Nic del Castello (per 1 persona) disponibile da aprile a settembre 2026 - Castello di Razzano\" \/>\n<meta property=\"og:description\" content=\"[:it]Prezzo per 1 persona  A pagamento avvenuto, la GIFT CARD verr\u00e0 inviata all\u2019indirizzo email inserito nel campo \u201cDATI DESTINATARIO\u201d.  N.B. In caso di mancata ricezione, vi suggeriamo di controllare la casella \u201cSpam\u201d[:en]Price for 1 person  Once payment has been made, the GIFT CARD will be sent to the email address entered in the &quot;RECIPIENT DATA&quot; field.  N.B. If you do not receive it, we recommend checking your spam folder.[:de]Preis f\u00fcr 1 Personen  Nach Zahlungseingang wird die Geschenkkarte an die im Feld \u201eRECIPIENT DATA\u201c angegebene E-Mail-Adresse gesendet.  Hinweis: Sollten Sie die Karte nicht erhalten, \u00fcberpr\u00fcfen Sie bitte Ihren Spam-Ordner.[:fr]Prix pour 1 personne  Une fois le paiement effectu\u00e9, la Gift card sera envoy\u00e9e \u00e0 l&#039;adresse courriel indiqu\u00e9e dans le champ \u00ab RECIPIENT DATA \u00bb.  N.B. Si vous ne la recevez pas, veuillez v\u00e9rifier votre courriers ind\u00e9sirables.[:]\" \/>\n<meta property=\"og:url\" content=\"https:\/\/www.castellodirazzano.it\/prodotto\/gift-card-pic-nic-del-castello-per-1-persona-disponibile-da-aprile-a-ottobre\/\" \/>\n<meta property=\"og:site_name\" content=\"Castello di Razzano\" \/>\n<meta property=\"article:publisher\" content=\"https:\/\/www.facebook.com\/castellodirazzanomonferrato\/\" \/>\n<meta property=\"article:modified_time\" content=\"2026-03-30T13:06:53+00:00\" \/>\n<meta property=\"og:image\" content=\"https:\/\/www.castellodirazzano.it\/wp-content\/uploads\/2023\/12\/picnic.jpg\" \/>\n\t<meta property=\"og:image:width\" content=\"1440\" \/>\n\t<meta property=\"og:image:height\" content=\"960\" \/>\n\t<meta property=\"og:image:type\" content=\"image\/jpeg\" \/>\n<meta name=\"twitter:card\" content=\"summary_large_image\" \/>\n<meta name=\"twitter:label1\" content=\"Est. reading time\" \/>\n\t<meta name=\"twitter:data1\" content=\"2 minutes\" \/>\n<script type=\"application\/ld+json\" class=\"yoast-schema-graph\">{\"@context\":\"https:\/\/schema.org\",\"@graph\":[{\"@type\":\"WebPage\",\"@id\":\"https:\/\/www.castellodirazzano.it\/prodotto\/gift-card-pic-nic-del-castello-per-1-persona-disponibile-da-aprile-a-ottobre\/\",\"url\":\"https:\/\/www.castellodirazzano.it\/prodotto\/gift-card-pic-nic-del-castello-per-1-persona-disponibile-da-aprile-a-ottobre\/\",\"name\":\"Gift Card - Pic Nic del Castello (per 1 persona) disponibile da aprile a settembre 2026 - Castello di Razzano\",\"isPartOf\":{\"@id\":\"https:\/\/www.castellodirazzano.it\/en\/#website\"},\"primaryImageOfPage\":{\"@id\":\"https:\/\/www.castellodirazzano.it\/prodotto\/gift-card-pic-nic-del-castello-per-1-persona-disponibile-da-aprile-a-ottobre\/#primaryimage\"},\"image\":{\"@id\":\"https:\/\/www.castellodirazzano.it\/prodotto\/gift-card-pic-nic-del-castello-per-1-persona-disponibile-da-aprile-a-ottobre\/#primaryimage\"},\"thumbnailUrl\":\"https:\/\/www.castellodirazzano.it\/wp-content\/uploads\/2023\/12\/picnic.jpg\",\"datePublished\":\"2025-01-24T10:59:40+00:00\",\"dateModified\":\"2026-03-30T13:06:53+00:00\",\"breadcrumb\":{\"@id\":\"https:\/\/www.castellodirazzano.it\/prodotto\/gift-card-pic-nic-del-castello-per-1-persona-disponibile-da-aprile-a-ottobre\/#breadcrumb\"},\"inLanguage\":\"en-US\",\"potentialAction\":[{\"@type\":\"ReadAction\",\"target\":[\"https:\/\/www.castellodirazzano.it\/prodotto\/gift-card-pic-nic-del-castello-per-1-persona-disponibile-da-aprile-a-ottobre\/\"]}]},{\"@type\":\"ImageObject\",\"inLanguage\":\"en-US\",\"@id\":\"https:\/\/www.castellodirazzano.it\/prodotto\/gift-card-pic-nic-del-castello-per-1-persona-disponibile-da-aprile-a-ottobre\/#primaryimage\",\"url\":\"https:\/\/www.castellodirazzano.it\/wp-content\/uploads\/2023\/12\/picnic.jpg\",\"contentUrl\":\"https:\/\/www.castellodirazzano.it\/wp-content\/uploads\/2023\/12\/picnic.jpg\",\"width\":1440,\"height\":960},{\"@type\":\"BreadcrumbList\",\"@id\":\"https:\/\/www.castellodirazzano.it\/prodotto\/gift-card-pic-nic-del-castello-per-1-persona-disponibile-da-aprile-a-ottobre\/#breadcrumb\",\"itemListElement\":[{\"@type\":\"ListItem\",\"position\":1,\"name\":\"Home\",\"item\":\"https:\/\/www.castellodirazzano.it\/\"},{\"@type\":\"ListItem\",\"position\":2,\"name\":\"Shop\",\"item\":\"https:\/\/www.castellodirazzano.it\/negozio\/\"},{\"@type\":\"ListItem\",\"position\":3,\"name\":\"Gift Card &#8211; Pic Nic del Castello (per 1 persona) disponibile da aprile a settembre 2026\"}]},{\"@type\":\"WebSite\",\"@id\":\"https:\/\/www.castellodirazzano.it\/en\/#website\",\"url\":\"https:\/\/www.castellodirazzano.it\/en\/\",\"name\":\"Castello di Razzano\",\"description\":\"Cantine e Relais di Charme\",\"potentialAction\":[{\"@type\":\"SearchAction\",\"target\":{\"@type\":\"EntryPoint\",\"urlTemplate\":\"https:\/\/www.castellodirazzano.it\/en\/?s={search_term_string}\"},\"query-input\":{\"@type\":\"PropertyValueSpecification\",\"valueRequired\":true,\"valueName\":\"search_term_string\"}}],\"inLanguage\":\"en-US\"}]}<\/script>\n<!-- \/ Yoast SEO plugin. -->","yoast_head_json":{"title":"Gift Card - Pic Nic del Castello (per 1 persona) disponibile da aprile a settembre 2026 - Castello di Razzano","robots":{"index":"index","follow":"follow","max-snippet":"max-snippet:-1","max-image-preview":"max-image-preview:large","max-video-preview":"max-video-preview:-1"},"canonical":"https:\/\/www.castellodirazzano.it\/prodotto\/gift-card-pic-nic-del-castello-per-1-persona-disponibile-da-aprile-a-ottobre\/","og_locale":"en_US","og_type":"article","og_title":"Gift Card - Pic Nic del Castello (per 1 persona) disponibile da aprile a settembre 2026 - Castello di Razzano","og_description":"[:it]Prezzo per 1 persona  A pagamento avvenuto, la GIFT CARD verr\u00e0 inviata all\u2019indirizzo email inserito nel campo \u201cDATI DESTINATARIO\u201d.  N.B. In caso di mancata ricezione, vi suggeriamo di controllare la casella \u201cSpam\u201d[:en]Price for 1 person  Once payment has been made, the GIFT CARD will be sent to the email address entered in the \"RECIPIENT DATA\" field.  N.B. If you do not receive it, we recommend checking your spam folder.[:de]Preis f\u00fcr 1 Personen  Nach Zahlungseingang wird die Geschenkkarte an die im Feld \u201eRECIPIENT DATA\u201c angegebene E-Mail-Adresse gesendet.  Hinweis: Sollten Sie die Karte nicht erhalten, \u00fcberpr\u00fcfen Sie bitte Ihren Spam-Ordner.[:fr]Prix pour 1 personne  Une fois le paiement effectu\u00e9, la Gift card sera envoy\u00e9e \u00e0 l'adresse courriel indiqu\u00e9e dans le champ \u00ab RECIPIENT DATA \u00bb.  N.B. Si vous ne la recevez pas, veuillez v\u00e9rifier votre courriers ind\u00e9sirables.[:]","og_url":"https:\/\/www.castellodirazzano.it\/prodotto\/gift-card-pic-nic-del-castello-per-1-persona-disponibile-da-aprile-a-ottobre\/","og_site_name":"Castello di Razzano","article_publisher":"https:\/\/www.facebook.com\/castellodirazzanomonferrato\/","article_modified_time":"2026-03-30T13:06:53+00:00","og_image":[{"width":1440,"height":960,"url":"https:\/\/www.castellodirazzano.it\/wp-content\/uploads\/2023\/12\/picnic.jpg","type":"image\/jpeg"}],"twitter_card":"summary_large_image","twitter_misc":{"Est. reading time":"2 minutes"},"schema":{"@context":"https:\/\/schema.org","@graph":[{"@type":"WebPage","@id":"https:\/\/www.castellodirazzano.it\/prodotto\/gift-card-pic-nic-del-castello-per-1-persona-disponibile-da-aprile-a-ottobre\/","url":"https:\/\/www.castellodirazzano.it\/prodotto\/gift-card-pic-nic-del-castello-per-1-persona-disponibile-da-aprile-a-ottobre\/","name":"Gift Card - Pic Nic del Castello (per 1 persona) disponibile da aprile a settembre 2026 - Castello di Razzano","isPartOf":{"@id":"https:\/\/www.castellodirazzano.it\/en\/#website"},"primaryImageOfPage":{"@id":"https:\/\/www.castellodirazzano.it\/prodotto\/gift-card-pic-nic-del-castello-per-1-persona-disponibile-da-aprile-a-ottobre\/#primaryimage"},"image":{"@id":"https:\/\/www.castellodirazzano.it\/prodotto\/gift-card-pic-nic-del-castello-per-1-persona-disponibile-da-aprile-a-ottobre\/#primaryimage"},"thumbnailUrl":"https:\/\/www.castellodirazzano.it\/wp-content\/uploads\/2023\/12\/picnic.jpg","datePublished":"2025-01-24T10:59:40+00:00","dateModified":"2026-03-30T13:06:53+00:00","breadcrumb":{"@id":"https:\/\/www.castellodirazzano.it\/prodotto\/gift-card-pic-nic-del-castello-per-1-persona-disponibile-da-aprile-a-ottobre\/#breadcrumb"},"inLanguage":"en-US","potentialAction":[{"@type":"ReadAction","target":["https:\/\/www.castellodirazzano.it\/prodotto\/gift-card-pic-nic-del-castello-per-1-persona-disponibile-da-aprile-a-ottobre\/"]}]},{"@type":"ImageObject","inLanguage":"en-US","@id":"https:\/\/www.castellodirazzano.it\/prodotto\/gift-card-pic-nic-del-castello-per-1-persona-disponibile-da-aprile-a-ottobre\/#primaryimage","url":"https:\/\/www.castellodirazzano.it\/wp-content\/uploads\/2023\/12\/picnic.jpg","contentUrl":"https:\/\/www.castellodirazzano.it\/wp-content\/uploads\/2023\/12\/picnic.jpg","width":1440,"height":960},{"@type":"BreadcrumbList","@id":"https:\/\/www.castellodirazzano.it\/prodotto\/gift-card-pic-nic-del-castello-per-1-persona-disponibile-da-aprile-a-ottobre\/#breadcrumb","itemListElement":[{"@type":"ListItem","position":1,"name":"Home","item":"https:\/\/www.castellodirazzano.it\/"},{"@type":"ListItem","position":2,"name":"Shop","item":"https:\/\/www.castellodirazzano.it\/negozio\/"},{"@type":"ListItem","position":3,"name":"Gift Card &#8211; Pic Nic del Castello (per 1 persona) disponibile da aprile a settembre 2026"}]},{"@type":"WebSite","@id":"https:\/\/www.castellodirazzano.it\/en\/#website","url":"https:\/\/www.castellodirazzano.it\/en\/","name":"Castello di Razzano","description":"Cantine e Relais di Charme","potentialAction":[{"@type":"SearchAction","target":{"@type":"EntryPoint","urlTemplate":"https:\/\/www.castellodirazzano.it\/en\/?s={search_term_string}"},"query-input":{"@type":"PropertyValueSpecification","valueRequired":true,"valueName":"search_term_string"}}],"inLanguage":"en-US"}]}},"_links":{"self":[{"href":"https:\/\/www.castellodirazzano.it\/en\/wp-json\/wp\/v2\/product\/17199","targetHints":{"allow":["GET"]}}],"collection":[{"href":"https:\/\/www.castellodirazzano.it\/en\/wp-json\/wp\/v2\/product"}],"about":[{"href":"https:\/\/www.castellodirazzano.it\/en\/wp-json\/wp\/v2\/types\/product"}],"wp:featuredmedia":[{"embeddable":true,"href":"https:\/\/www.castellodirazzano.it\/en\/wp-json\/wp\/v2\/media\/19876"}],"wp:attachment":[{"href":"https:\/\/www.castellodirazzano.it\/en\/wp-json\/wp\/v2\/media?parent=17199"}],"wp:term":[{"taxonomy":"product_cat","embeddable":true,"href":"https:\/\/www.castellodirazzano.it\/en\/wp-json\/wp\/v2\/product_cat?post=17199"},{"taxonomy":"product_tag","embeddable":true,"href":"https:\/\/www.castellodirazzano.it\/en\/wp-json\/wp\/v2\/product_tag?post=17199"},{"taxonomy":"giftcard-category","embeddable":true,"href":"https:\/\/www.castellodirazzano.it\/en\/wp-json\/wp\/v2\/giftcard-category?post=17199"}],"curies":[{"name":"wp","href":"https:\/\/api.w.org\/{rel}","templated":true}]}}