{"id":7113,"date":"2020-06-18T11:46:57","date_gmt":"2020-06-18T11:46:57","guid":{"rendered":"https:\/\/www.castellodirazzano.it\/?post_type=product&#038;p=7113"},"modified":"2026-02-26T11:01:41","modified_gmt":"2026-02-26T11:01:41","slug":"visita-al-museo-del-vino-e-cantine-di-invecchiamento-degustazione-6-vini-tagliere-salumi-e-formaggi","status":"publish","type":"product","link":"https:\/\/www.castellodirazzano.it\/de\/prodotto\/visita-al-museo-del-vino-e-cantine-di-invecchiamento-degustazione-6-vini-tagliere-salumi-e-formaggi\/","title":{"rendered":"Weinprobe &#8222;LARGE&#8220;"},"content":{"rendered":"<p>Das Erlebnis beinhaltet einen Besuch des <a href=\"https:\/\/www.castellodirazzano.it\/de\/museo\/\">Museo ArteVino Razzano\u00a0<\/a>und der <a href=\"https:\/\/www.castellodirazzano.it\/en\/relais\/tenuta-castello-di-razzano\/\">Reifekeller<\/a> mit Verkostung von 6 Weinen und EVO-\u00d6l, begleitet von einer Platte mit typischen lokalen Wurstwaren und K\u00e4sesorten, Grissini und Wasser.<\/p>\n<p><u>Der Besuch des Museums ist nicht gef\u00fchrt.<\/u> Eine Informationsbrosch\u00fcre wird bei der Ankunft zur Verf\u00fcgung gestellt.<\/p>\n<p><strong>Falls Sie Lebensmittelunvertr\u00e4glichkeiten, Allergien oder spezielle Ern\u00e4hrungsbed\u00fcrfnisse haben, teilen Sie uns dies bitte bei der Buchung mit.<\/strong><\/p>\n<p>Buchen Sie Ihren Besuch online, indem Sie das entsprechende Datum im Kalender und die Anzahl der Teilnehmer ausw\u00e4hlen.<\/p>\n<p>F\u00fcr Last-Minute-Buchungen oder f\u00fcr weitere Informationen z\u00f6gern Sie nicht, uns zu <a href=\"https:\/\/www.castellodirazzano.it\/de\/contatti\/\">kontaktieren<\/a>.<\/p>\n<p><a class=\"button large red\" href=\"https:\/\/www.castellodirazzano.it\/wp-content\/uploads\/2020\/06\/en.TERMINI-E-CONDIZIONI.pdf\" target=\"\" rel=\"noopener noreferrer\">TERMS AND CONDITIONS<\/a><\/p>","protected":false},"excerpt":{"rendered":"<p>Preis pro person<\/p>\n<p><img loading=\"lazy\" decoding=\"async\" class=\"alignnone wp-image-20593\" src=\"https:\/\/www.castellodirazzano.it\/wp-content\/uploads\/2020\/06\/icona-museo.png\" alt=\"\" width=\"44\" height=\"44\" srcset=\"https:\/\/www.castellodirazzano.it\/wp-content\/uploads\/2020\/06\/icona-museo.png 250w, https:\/\/www.castellodirazzano.it\/wp-content\/uploads\/2020\/06\/icona-museo-150x150.png 150w, https:\/\/www.castellodirazzano.it\/wp-content\/uploads\/2020\/06\/icona-museo-100x100.png 100w\" sizes=\"auto, (max-width: 44px) 100vw, 44px\" \/> <img loading=\"lazy\" decoding=\"async\" class=\"alignnone wp-image-20594\" src=\"https:\/\/www.castellodirazzano.it\/wp-content\/uploads\/2020\/06\/icona-botti-e1771078317221.png\" alt=\"\" width=\"44\" height=\"43\" \/><img loading=\"lazy\" decoding=\"async\" class=\"alignnone wp-image-20595\" src=\"https:\/\/www.castellodirazzano.it\/wp-content\/uploads\/2020\/06\/icona-calice.png\" alt=\"\" width=\"45\" height=\"44\" srcset=\"https:\/\/www.castellodirazzano.it\/wp-content\/uploads\/2020\/06\/icona-calice.png 121w, https:\/\/www.castellodirazzano.it\/wp-content\/uploads\/2020\/06\/icona-calice-100x100.png 100w\" sizes=\"auto, (max-width: 45px) 100vw, 45px\" \/><img loading=\"lazy\" decoding=\"async\" class=\"alignnone wp-image-20601\" src=\"https:\/\/www.castellodirazzano.it\/wp-content\/uploads\/2020\/06\/ICONA-OLIO.png\" alt=\"\" width=\"48\" height=\"45\" \/><img loading=\"lazy\" decoding=\"async\" class=\"alignnone wp-image-20630\" src=\"https:\/\/www.castellodirazzano.it\/wp-content\/uploads\/2020\/06\/icona-tagliere-1.png\" alt=\"\" width=\"51\" height=\"47\" \/><\/p>\n<p>Besuch des Museo ArteVino Razzano und der Reifekeller mit Verkostung von 6 Weinen und EVO-\u00d6l, begleitet von einer Platte mit Aufschnitt und K\u00e4se<\/p>\n<p>\u2192<a href=\"https:\/\/www.castellodirazzano.it\/de\/prodotto\/ticket-visita-degustazione-vini-salumi-formaggi\/\">Geben Sie dieses Erlebnis einem Freund.<\/a><\/p>\n","protected":false},"featured_media":3027,"template":"","meta":{"_genesis_hide_title":false,"_genesis_hide_breadcrumbs":false,"_genesis_hide_singular_image":false,"_genesis_hide_footer_widgets":false,"_genesis_custom_body_class":"","_genesis_custom_post_class":"","_genesis_layout":""},"product_cat":[66],"product_tag":[],"giftcard-category":[],"class_list":{"0":"post-7113","1":"product","2":"type-product","3":"status-publish","4":"has-post-thumbnail","6":"product_cat-visite-e-degustazioni","7":"entry","9":"first","10":"instock","11":"virtual","12":"sold-individually","13":"purchasable","14":"product-type-booking"},"yoast_head":"<!-- This site is optimized with the Yoast SEO plugin v26.4 - https:\/\/yoast.com\/wordpress\/plugins\/seo\/ -->\n<title>Weinprobe &quot;LARGE&quot; - Castello di Razzano<\/title>\n<meta name=\"robots\" content=\"index, follow, max-snippet:-1, max-image-preview:large, max-video-preview:-1\" \/>\n<link rel=\"canonical\" href=\"https:\/\/www.castellodirazzano.it\/prodotto\/visita-al-museo-del-vino-e-cantine-di-invecchiamento-degustazione-6-vini-tagliere-salumi-e-formaggi\/\" \/>\n<meta property=\"og:locale\" content=\"de_DE\" \/>\n<meta property=\"og:type\" content=\"article\" \/>\n<meta property=\"og:title\" content=\"Weinprobe &quot;LARGE&quot; - Castello di Razzano\" \/>\n<meta property=\"og:description\" content=\"[:it]Prezzo per persona     Visita al Museo ArteVino Razzano e alle Cantine di invecchiamento con degustazione di 6 vini a scelta e di Olio EVO accompagnata da tagliere di salumi e formaggi  \u2192Regala questa esperienza a un amico.[:en]Price per person     Visit to the ArteVino Razzano Museum and Aging Cellars with tasting of 6 wines and EVO oil accompanied by a platter of cold cuts and cheeses  \u2192Gift this experience to a friend.[:de]Preis pro person     Besuch des Museo ArteVino Razzano und der Reifekeller mit Verkostung von 6 Weinen und EVO-\u00d6l, begleitet von einer Platte mit Aufschnitt und K\u00e4se  \u2192Geben Sie dieses Erlebnis einem Freund.[:fr]Prix par personne.     \u2192Offrez cette exp\u00e9rience \u00e0 un ami.[:]\" \/>\n<meta property=\"og:url\" content=\"https:\/\/www.castellodirazzano.it\/prodotto\/visita-al-museo-del-vino-e-cantine-di-invecchiamento-degustazione-6-vini-tagliere-salumi-e-formaggi\/\" \/>\n<meta property=\"og:site_name\" content=\"Castello di Razzano\" \/>\n<meta property=\"article:publisher\" content=\"https:\/\/www.facebook.com\/castellodirazzanomonferrato\/\" \/>\n<meta property=\"article:modified_time\" content=\"2026-02-26T11:01:41+00:00\" \/>\n<meta property=\"og:image\" content=\"https:\/\/www.castellodirazzano.it\/wp-content\/uploads\/2019\/07\/20664618_1496847323706588_7568004865522001898_n.jpg\" \/>\n\t<meta property=\"og:image:width\" content=\"960\" \/>\n\t<meta property=\"og:image:height\" content=\"640\" \/>\n\t<meta property=\"og:image:type\" content=\"image\/jpeg\" \/>\n<meta name=\"twitter:card\" content=\"summary_large_image\" \/>\n<meta name=\"twitter:label1\" content=\"Gesch\u00e4tzte Lesezeit\" \/>\n\t<meta name=\"twitter:data1\" content=\"1\u00a0Minute\" \/>\n<script type=\"application\/ld+json\" class=\"yoast-schema-graph\">{\"@context\":\"https:\/\/schema.org\",\"@graph\":[{\"@type\":\"WebPage\",\"@id\":\"https:\/\/www.castellodirazzano.it\/prodotto\/visita-al-museo-del-vino-e-cantine-di-invecchiamento-degustazione-6-vini-tagliere-salumi-e-formaggi\/\",\"url\":\"https:\/\/www.castellodirazzano.it\/prodotto\/visita-al-museo-del-vino-e-cantine-di-invecchiamento-degustazione-6-vini-tagliere-salumi-e-formaggi\/\",\"name\":\"Weinprobe \\\"LARGE\\\" - Castello di Razzano\",\"isPartOf\":{\"@id\":\"https:\/\/www.castellodirazzano.it\/en\/#website\"},\"primaryImageOfPage\":{\"@id\":\"https:\/\/www.castellodirazzano.it\/prodotto\/visita-al-museo-del-vino-e-cantine-di-invecchiamento-degustazione-6-vini-tagliere-salumi-e-formaggi\/#primaryimage\"},\"image\":{\"@id\":\"https:\/\/www.castellodirazzano.it\/prodotto\/visita-al-museo-del-vino-e-cantine-di-invecchiamento-degustazione-6-vini-tagliere-salumi-e-formaggi\/#primaryimage\"},\"thumbnailUrl\":\"https:\/\/www.castellodirazzano.it\/wp-content\/uploads\/2019\/07\/20664618_1496847323706588_7568004865522001898_n.jpg\",\"datePublished\":\"2020-06-18T11:46:57+00:00\",\"dateModified\":\"2026-02-26T11:01:41+00:00\",\"breadcrumb\":{\"@id\":\"https:\/\/www.castellodirazzano.it\/prodotto\/visita-al-museo-del-vino-e-cantine-di-invecchiamento-degustazione-6-vini-tagliere-salumi-e-formaggi\/#breadcrumb\"},\"inLanguage\":\"de\",\"potentialAction\":[{\"@type\":\"ReadAction\",\"target\":[\"https:\/\/www.castellodirazzano.it\/prodotto\/visita-al-museo-del-vino-e-cantine-di-invecchiamento-degustazione-6-vini-tagliere-salumi-e-formaggi\/\"]}]},{\"@type\":\"ImageObject\",\"inLanguage\":\"de\",\"@id\":\"https:\/\/www.castellodirazzano.it\/prodotto\/visita-al-museo-del-vino-e-cantine-di-invecchiamento-degustazione-6-vini-tagliere-salumi-e-formaggi\/#primaryimage\",\"url\":\"https:\/\/www.castellodirazzano.it\/wp-content\/uploads\/2019\/07\/20664618_1496847323706588_7568004865522001898_n.jpg\",\"contentUrl\":\"https:\/\/www.castellodirazzano.it\/wp-content\/uploads\/2019\/07\/20664618_1496847323706588_7568004865522001898_n.jpg\",\"width\":960,\"height\":640},{\"@type\":\"BreadcrumbList\",\"@id\":\"https:\/\/www.castellodirazzano.it\/prodotto\/visita-al-museo-del-vino-e-cantine-di-invecchiamento-degustazione-6-vini-tagliere-salumi-e-formaggi\/#breadcrumb\",\"itemListElement\":[{\"@type\":\"ListItem\",\"position\":1,\"name\":\"Home\",\"item\":\"https:\/\/www.castellodirazzano.it\/\"},{\"@type\":\"ListItem\",\"position\":2,\"name\":\"Shop\",\"item\":\"https:\/\/www.castellodirazzano.it\/negozio\/\"},{\"@type\":\"ListItem\",\"position\":3,\"name\":\"Degustazione &#8220;LARGE&#8221;\"}]},{\"@type\":\"WebSite\",\"@id\":\"https:\/\/www.castellodirazzano.it\/en\/#website\",\"url\":\"https:\/\/www.castellodirazzano.it\/en\/\",\"name\":\"Castello di Razzano\",\"description\":\"Cantine e Relais di Charme\",\"potentialAction\":[{\"@type\":\"SearchAction\",\"target\":{\"@type\":\"EntryPoint\",\"urlTemplate\":\"https:\/\/www.castellodirazzano.it\/en\/?s={search_term_string}\"},\"query-input\":{\"@type\":\"PropertyValueSpecification\",\"valueRequired\":true,\"valueName\":\"search_term_string\"}}],\"inLanguage\":\"de\"}]}<\/script>\n<!-- \/ Yoast SEO plugin. -->","yoast_head_json":{"title":"Weinprobe \"LARGE\" - Castello di Razzano","robots":{"index":"index","follow":"follow","max-snippet":"max-snippet:-1","max-image-preview":"max-image-preview:large","max-video-preview":"max-video-preview:-1"},"canonical":"https:\/\/www.castellodirazzano.it\/prodotto\/visita-al-museo-del-vino-e-cantine-di-invecchiamento-degustazione-6-vini-tagliere-salumi-e-formaggi\/","og_locale":"de_DE","og_type":"article","og_title":"Weinprobe \"LARGE\" - Castello di Razzano","og_description":"[:it]Prezzo per persona     Visita al Museo ArteVino Razzano e alle Cantine di invecchiamento con degustazione di 6 vini a scelta e di Olio EVO accompagnata da tagliere di salumi e formaggi  \u2192Regala questa esperienza a un amico.[:en]Price per person     Visit to the ArteVino Razzano Museum and Aging Cellars with tasting of 6 wines and EVO oil accompanied by a platter of cold cuts and cheeses  \u2192Gift this experience to a friend.[:de]Preis pro person     Besuch des Museo ArteVino Razzano und der Reifekeller mit Verkostung von 6 Weinen und EVO-\u00d6l, begleitet von einer Platte mit Aufschnitt und K\u00e4se  \u2192Geben Sie dieses Erlebnis einem Freund.[:fr]Prix par personne.     \u2192Offrez cette exp\u00e9rience \u00e0 un ami.[:]","og_url":"https:\/\/www.castellodirazzano.it\/prodotto\/visita-al-museo-del-vino-e-cantine-di-invecchiamento-degustazione-6-vini-tagliere-salumi-e-formaggi\/","og_site_name":"Castello di Razzano","article_publisher":"https:\/\/www.facebook.com\/castellodirazzanomonferrato\/","article_modified_time":"2026-02-26T11:01:41+00:00","og_image":[{"width":960,"height":640,"url":"https:\/\/www.castellodirazzano.it\/wp-content\/uploads\/2019\/07\/20664618_1496847323706588_7568004865522001898_n.jpg","type":"image\/jpeg"}],"twitter_card":"summary_large_image","twitter_misc":{"Gesch\u00e4tzte Lesezeit":"1\u00a0Minute"},"schema":{"@context":"https:\/\/schema.org","@graph":[{"@type":"WebPage","@id":"https:\/\/www.castellodirazzano.it\/prodotto\/visita-al-museo-del-vino-e-cantine-di-invecchiamento-degustazione-6-vini-tagliere-salumi-e-formaggi\/","url":"https:\/\/www.castellodirazzano.it\/prodotto\/visita-al-museo-del-vino-e-cantine-di-invecchiamento-degustazione-6-vini-tagliere-salumi-e-formaggi\/","name":"Weinprobe \"LARGE\" - Castello di Razzano","isPartOf":{"@id":"https:\/\/www.castellodirazzano.it\/en\/#website"},"primaryImageOfPage":{"@id":"https:\/\/www.castellodirazzano.it\/prodotto\/visita-al-museo-del-vino-e-cantine-di-invecchiamento-degustazione-6-vini-tagliere-salumi-e-formaggi\/#primaryimage"},"image":{"@id":"https:\/\/www.castellodirazzano.it\/prodotto\/visita-al-museo-del-vino-e-cantine-di-invecchiamento-degustazione-6-vini-tagliere-salumi-e-formaggi\/#primaryimage"},"thumbnailUrl":"https:\/\/www.castellodirazzano.it\/wp-content\/uploads\/2019\/07\/20664618_1496847323706588_7568004865522001898_n.jpg","datePublished":"2020-06-18T11:46:57+00:00","dateModified":"2026-02-26T11:01:41+00:00","breadcrumb":{"@id":"https:\/\/www.castellodirazzano.it\/prodotto\/visita-al-museo-del-vino-e-cantine-di-invecchiamento-degustazione-6-vini-tagliere-salumi-e-formaggi\/#breadcrumb"},"inLanguage":"de","potentialAction":[{"@type":"ReadAction","target":["https:\/\/www.castellodirazzano.it\/prodotto\/visita-al-museo-del-vino-e-cantine-di-invecchiamento-degustazione-6-vini-tagliere-salumi-e-formaggi\/"]}]},{"@type":"ImageObject","inLanguage":"de","@id":"https:\/\/www.castellodirazzano.it\/prodotto\/visita-al-museo-del-vino-e-cantine-di-invecchiamento-degustazione-6-vini-tagliere-salumi-e-formaggi\/#primaryimage","url":"https:\/\/www.castellodirazzano.it\/wp-content\/uploads\/2019\/07\/20664618_1496847323706588_7568004865522001898_n.jpg","contentUrl":"https:\/\/www.castellodirazzano.it\/wp-content\/uploads\/2019\/07\/20664618_1496847323706588_7568004865522001898_n.jpg","width":960,"height":640},{"@type":"BreadcrumbList","@id":"https:\/\/www.castellodirazzano.it\/prodotto\/visita-al-museo-del-vino-e-cantine-di-invecchiamento-degustazione-6-vini-tagliere-salumi-e-formaggi\/#breadcrumb","itemListElement":[{"@type":"ListItem","position":1,"name":"Home","item":"https:\/\/www.castellodirazzano.it\/"},{"@type":"ListItem","position":2,"name":"Shop","item":"https:\/\/www.castellodirazzano.it\/negozio\/"},{"@type":"ListItem","position":3,"name":"Degustazione &#8220;LARGE&#8221;"}]},{"@type":"WebSite","@id":"https:\/\/www.castellodirazzano.it\/en\/#website","url":"https:\/\/www.castellodirazzano.it\/en\/","name":"Castello di Razzano","description":"Cantine e Relais di Charme","potentialAction":[{"@type":"SearchAction","target":{"@type":"EntryPoint","urlTemplate":"https:\/\/www.castellodirazzano.it\/en\/?s={search_term_string}"},"query-input":{"@type":"PropertyValueSpecification","valueRequired":true,"valueName":"search_term_string"}}],"inLanguage":"de"}]}},"_links":{"self":[{"href":"https:\/\/www.castellodirazzano.it\/de\/wp-json\/wp\/v2\/product\/7113","targetHints":{"allow":["GET"]}}],"collection":[{"href":"https:\/\/www.castellodirazzano.it\/de\/wp-json\/wp\/v2\/product"}],"about":[{"href":"https:\/\/www.castellodirazzano.it\/de\/wp-json\/wp\/v2\/types\/product"}],"wp:featuredmedia":[{"embeddable":true,"href":"https:\/\/www.castellodirazzano.it\/de\/wp-json\/wp\/v2\/media\/3027"}],"wp:attachment":[{"href":"https:\/\/www.castellodirazzano.it\/de\/wp-json\/wp\/v2\/media?parent=7113"}],"wp:term":[{"taxonomy":"product_cat","embeddable":true,"href":"https:\/\/www.castellodirazzano.it\/de\/wp-json\/wp\/v2\/product_cat?post=7113"},{"taxonomy":"product_tag","embeddable":true,"href":"https:\/\/www.castellodirazzano.it\/de\/wp-json\/wp\/v2\/product_tag?post=7113"},{"taxonomy":"giftcard-category","embeddable":true,"href":"https:\/\/www.castellodirazzano.it\/de\/wp-json\/wp\/v2\/giftcard-category?post=7113"}],"curies":[{"name":"wp","href":"https:\/\/api.w.org\/{rel}","templated":true}]}}