{"id":2742,"date":"2019-05-22T07:05:18","date_gmt":"2019-05-22T07:05:18","guid":{"rendered":"https:\/\/www.castellodirazzano.it\/?post_type=product&#038;p=2742"},"modified":"2025-12-01T15:46:04","modified_gmt":"2025-12-01T15:46:04","slug":"pian-dei-tigli-monferrato-doc-rosso","status":"publish","type":"product","link":"https:\/\/www.castellodirazzano.it\/de\/prodotto\/pian-dei-tigli-monferrato-doc-rosso\/","title":{"rendered":"\u201cPian dei Tigli\u201d Monferrato Rosso D.O.C. 2017"},"content":{"rendered":"<p>Wein mit intensiver rubinroter Farbe und w\u00fcrzigen Aromen.<\/p>\n<p>Wein mit ausgewogenem und elegantem Geschmack, reich an Substanz.<\/p>\n<p>Flaschengr\u00f6\u00dfe: 75 cl.<\/p>\n<p><a href=\"https:\/\/www.castellodirazzano.it\/wp-content\/uploads\/2023\/12\/PIAN-DEI-TIGLI.pdf\">\u25b6\ufe0e Technisches Datenblatt zum Wein<\/a><\/p>","protected":false},"excerpt":{"rendered":"<p>Rotwein &#8211; 15,5%<\/p>\n<p>Reifung: 5 Jahre in franz\u00f6sischen Eichenf\u00e4ssern<\/p>\n<p>Verf\u00fcgbarer Jahrgang: 2017<\/p>\n","protected":false},"featured_media":19866,"template":"","meta":{"_genesis_hide_title":false,"_genesis_hide_breadcrumbs":false,"_genesis_hide_singular_image":false,"_genesis_hide_footer_widgets":false,"_genesis_custom_body_class":"","_genesis_custom_post_class":"","_genesis_layout":""},"product_cat":[40],"product_tag":[45,43],"giftcard-category":[],"class_list":{"0":"post-2742","1":"product","2":"type-product","3":"status-publish","4":"has-post-thumbnail","6":"product_cat-vini-rossi","7":"product_tag-cabernet","8":"product_tag-merlot","9":"entry","11":"first","12":"outofstock","13":"shipping-taxable","14":"purchasable","15":"product-type-simple"},"yoast_head":"<!-- This site is optimized with the Yoast SEO plugin v26.4 - https:\/\/yoast.com\/wordpress\/plugins\/seo\/ -->\n<title>\u201cPian dei Tigli\u201d Monferrato Rosso D.O.C. 2017 - Castello di Razzano<\/title>\n<meta name=\"robots\" content=\"index, follow, max-snippet:-1, max-image-preview:large, max-video-preview:-1\" \/>\n<link rel=\"canonical\" href=\"https:\/\/www.castellodirazzano.it\/prodotto\/pian-dei-tigli-monferrato-doc-rosso\/\" \/>\n<meta property=\"og:locale\" content=\"de_DE\" \/>\n<meta property=\"og:type\" content=\"article\" \/>\n<meta property=\"og:title\" content=\"\u201cPian dei Tigli\u201d Monferrato Rosso D.O.C. 2017 - Castello di Razzano\" \/>\n<meta property=\"og:description\" content=\"[:it]Vino rosso - 15,5%  Affinamento: in barriques di rovere francese per 5 anni  Annata disponibile: 2017[:en]Red wine - 15,5%  Ageing: in French oak barrels for 5 years  Vintage available: 2017[:de]Rotwein - 15,5%  Reifung: 5 Jahre in franz\u00f6sischen Eichenf\u00e4ssern  Verf\u00fcgbarer Jahrgang: 2017[:fr]Vin rouge - 15,5%  Vieillissement : dans des barriques fran\u00e7aises en bois pendant 5 ans  Mill\u00e9sime disponible : 2017[:]\" \/>\n<meta property=\"og:url\" content=\"https:\/\/www.castellodirazzano.it\/prodotto\/pian-dei-tigli-monferrato-doc-rosso\/\" \/>\n<meta property=\"og:site_name\" content=\"Castello di Razzano\" \/>\n<meta property=\"article:publisher\" content=\"https:\/\/www.facebook.com\/castellodirazzanomonferrato\/\" \/>\n<meta property=\"article:modified_time\" content=\"2025-12-01T15:46:04+00:00\" \/>\n<meta property=\"og:image\" content=\"https:\/\/www.castellodirazzano.it\/wp-content\/uploads\/2019\/05\/piandeitigli.jpg\" \/>\n\t<meta property=\"og:image:width\" content=\"928\" \/>\n\t<meta property=\"og:image:height\" content=\"1120\" \/>\n\t<meta property=\"og:image:type\" content=\"image\/jpeg\" \/>\n<meta name=\"twitter:card\" content=\"summary_large_image\" \/>\n<meta name=\"twitter:label1\" content=\"Gesch\u00e4tzte Lesezeit\" \/>\n\t<meta name=\"twitter:data1\" content=\"1\u00a0Minute\" \/>\n<script type=\"application\/ld+json\" class=\"yoast-schema-graph\">{\"@context\":\"https:\/\/schema.org\",\"@graph\":[{\"@type\":\"WebPage\",\"@id\":\"https:\/\/www.castellodirazzano.it\/prodotto\/pian-dei-tigli-monferrato-doc-rosso\/\",\"url\":\"https:\/\/www.castellodirazzano.it\/prodotto\/pian-dei-tigli-monferrato-doc-rosso\/\",\"name\":\"\u201cPian dei Tigli\u201d Monferrato Rosso D.O.C. 2017 - Castello di Razzano\",\"isPartOf\":{\"@id\":\"https:\/\/www.castellodirazzano.it\/en\/#website\"},\"primaryImageOfPage\":{\"@id\":\"https:\/\/www.castellodirazzano.it\/prodotto\/pian-dei-tigli-monferrato-doc-rosso\/#primaryimage\"},\"image\":{\"@id\":\"https:\/\/www.castellodirazzano.it\/prodotto\/pian-dei-tigli-monferrato-doc-rosso\/#primaryimage\"},\"thumbnailUrl\":\"https:\/\/www.castellodirazzano.it\/wp-content\/uploads\/2019\/05\/piandeitigli.jpg\",\"datePublished\":\"2019-05-22T07:05:18+00:00\",\"dateModified\":\"2025-12-01T15:46:04+00:00\",\"breadcrumb\":{\"@id\":\"https:\/\/www.castellodirazzano.it\/prodotto\/pian-dei-tigli-monferrato-doc-rosso\/#breadcrumb\"},\"inLanguage\":\"de\",\"potentialAction\":[{\"@type\":\"ReadAction\",\"target\":[\"https:\/\/www.castellodirazzano.it\/prodotto\/pian-dei-tigli-monferrato-doc-rosso\/\"]}]},{\"@type\":\"ImageObject\",\"inLanguage\":\"de\",\"@id\":\"https:\/\/www.castellodirazzano.it\/prodotto\/pian-dei-tigli-monferrato-doc-rosso\/#primaryimage\",\"url\":\"https:\/\/www.castellodirazzano.it\/wp-content\/uploads\/2019\/05\/piandeitigli.jpg\",\"contentUrl\":\"https:\/\/www.castellodirazzano.it\/wp-content\/uploads\/2019\/05\/piandeitigli.jpg\",\"width\":928,\"height\":1120},{\"@type\":\"BreadcrumbList\",\"@id\":\"https:\/\/www.castellodirazzano.it\/prodotto\/pian-dei-tigli-monferrato-doc-rosso\/#breadcrumb\",\"itemListElement\":[{\"@type\":\"ListItem\",\"position\":1,\"name\":\"Home\",\"item\":\"https:\/\/www.castellodirazzano.it\/\"},{\"@type\":\"ListItem\",\"position\":2,\"name\":\"Shop\",\"item\":\"https:\/\/www.castellodirazzano.it\/negozio\/\"},{\"@type\":\"ListItem\",\"position\":3,\"name\":\"\u201cPian dei Tigli\u201d Monferrato Rosso D.O.C. 2017\"}]},{\"@type\":\"WebSite\",\"@id\":\"https:\/\/www.castellodirazzano.it\/en\/#website\",\"url\":\"https:\/\/www.castellodirazzano.it\/en\/\",\"name\":\"Castello di Razzano\",\"description\":\"Cantine e Relais di Charme\",\"potentialAction\":[{\"@type\":\"SearchAction\",\"target\":{\"@type\":\"EntryPoint\",\"urlTemplate\":\"https:\/\/www.castellodirazzano.it\/en\/?s={search_term_string}\"},\"query-input\":{\"@type\":\"PropertyValueSpecification\",\"valueRequired\":true,\"valueName\":\"search_term_string\"}}],\"inLanguage\":\"de\"}]}<\/script>\n<!-- \/ Yoast SEO plugin. -->","yoast_head_json":{"title":"\u201cPian dei Tigli\u201d Monferrato Rosso D.O.C. 2017 - Castello di Razzano","robots":{"index":"index","follow":"follow","max-snippet":"max-snippet:-1","max-image-preview":"max-image-preview:large","max-video-preview":"max-video-preview:-1"},"canonical":"https:\/\/www.castellodirazzano.it\/prodotto\/pian-dei-tigli-monferrato-doc-rosso\/","og_locale":"de_DE","og_type":"article","og_title":"\u201cPian dei Tigli\u201d Monferrato Rosso D.O.C. 2017 - Castello di Razzano","og_description":"[:it]Vino rosso - 15,5%  Affinamento: in barriques di rovere francese per 5 anni  Annata disponibile: 2017[:en]Red wine - 15,5%  Ageing: in French oak barrels for 5 years  Vintage available: 2017[:de]Rotwein - 15,5%  Reifung: 5 Jahre in franz\u00f6sischen Eichenf\u00e4ssern  Verf\u00fcgbarer Jahrgang: 2017[:fr]Vin rouge - 15,5%  Vieillissement : dans des barriques fran\u00e7aises en bois pendant 5 ans  Mill\u00e9sime disponible : 2017[:]","og_url":"https:\/\/www.castellodirazzano.it\/prodotto\/pian-dei-tigli-monferrato-doc-rosso\/","og_site_name":"Castello di Razzano","article_publisher":"https:\/\/www.facebook.com\/castellodirazzanomonferrato\/","article_modified_time":"2025-12-01T15:46:04+00:00","og_image":[{"width":928,"height":1120,"url":"https:\/\/www.castellodirazzano.it\/wp-content\/uploads\/2019\/05\/piandeitigli.jpg","type":"image\/jpeg"}],"twitter_card":"summary_large_image","twitter_misc":{"Gesch\u00e4tzte Lesezeit":"1\u00a0Minute"},"schema":{"@context":"https:\/\/schema.org","@graph":[{"@type":"WebPage","@id":"https:\/\/www.castellodirazzano.it\/prodotto\/pian-dei-tigli-monferrato-doc-rosso\/","url":"https:\/\/www.castellodirazzano.it\/prodotto\/pian-dei-tigli-monferrato-doc-rosso\/","name":"\u201cPian dei Tigli\u201d Monferrato Rosso D.O.C. 2017 - Castello di Razzano","isPartOf":{"@id":"https:\/\/www.castellodirazzano.it\/en\/#website"},"primaryImageOfPage":{"@id":"https:\/\/www.castellodirazzano.it\/prodotto\/pian-dei-tigli-monferrato-doc-rosso\/#primaryimage"},"image":{"@id":"https:\/\/www.castellodirazzano.it\/prodotto\/pian-dei-tigli-monferrato-doc-rosso\/#primaryimage"},"thumbnailUrl":"https:\/\/www.castellodirazzano.it\/wp-content\/uploads\/2019\/05\/piandeitigli.jpg","datePublished":"2019-05-22T07:05:18+00:00","dateModified":"2025-12-01T15:46:04+00:00","breadcrumb":{"@id":"https:\/\/www.castellodirazzano.it\/prodotto\/pian-dei-tigli-monferrato-doc-rosso\/#breadcrumb"},"inLanguage":"de","potentialAction":[{"@type":"ReadAction","target":["https:\/\/www.castellodirazzano.it\/prodotto\/pian-dei-tigli-monferrato-doc-rosso\/"]}]},{"@type":"ImageObject","inLanguage":"de","@id":"https:\/\/www.castellodirazzano.it\/prodotto\/pian-dei-tigli-monferrato-doc-rosso\/#primaryimage","url":"https:\/\/www.castellodirazzano.it\/wp-content\/uploads\/2019\/05\/piandeitigli.jpg","contentUrl":"https:\/\/www.castellodirazzano.it\/wp-content\/uploads\/2019\/05\/piandeitigli.jpg","width":928,"height":1120},{"@type":"BreadcrumbList","@id":"https:\/\/www.castellodirazzano.it\/prodotto\/pian-dei-tigli-monferrato-doc-rosso\/#breadcrumb","itemListElement":[{"@type":"ListItem","position":1,"name":"Home","item":"https:\/\/www.castellodirazzano.it\/"},{"@type":"ListItem","position":2,"name":"Shop","item":"https:\/\/www.castellodirazzano.it\/negozio\/"},{"@type":"ListItem","position":3,"name":"\u201cPian dei Tigli\u201d Monferrato Rosso D.O.C. 2017"}]},{"@type":"WebSite","@id":"https:\/\/www.castellodirazzano.it\/en\/#website","url":"https:\/\/www.castellodirazzano.it\/en\/","name":"Castello di Razzano","description":"Cantine e Relais di Charme","potentialAction":[{"@type":"SearchAction","target":{"@type":"EntryPoint","urlTemplate":"https:\/\/www.castellodirazzano.it\/en\/?s={search_term_string}"},"query-input":{"@type":"PropertyValueSpecification","valueRequired":true,"valueName":"search_term_string"}}],"inLanguage":"de"}]}},"_links":{"self":[{"href":"https:\/\/www.castellodirazzano.it\/de\/wp-json\/wp\/v2\/product\/2742","targetHints":{"allow":["GET"]}}],"collection":[{"href":"https:\/\/www.castellodirazzano.it\/de\/wp-json\/wp\/v2\/product"}],"about":[{"href":"https:\/\/www.castellodirazzano.it\/de\/wp-json\/wp\/v2\/types\/product"}],"wp:featuredmedia":[{"embeddable":true,"href":"https:\/\/www.castellodirazzano.it\/de\/wp-json\/wp\/v2\/media\/19866"}],"wp:attachment":[{"href":"https:\/\/www.castellodirazzano.it\/de\/wp-json\/wp\/v2\/media?parent=2742"}],"wp:term":[{"taxonomy":"product_cat","embeddable":true,"href":"https:\/\/www.castellodirazzano.it\/de\/wp-json\/wp\/v2\/product_cat?post=2742"},{"taxonomy":"product_tag","embeddable":true,"href":"https:\/\/www.castellodirazzano.it\/de\/wp-json\/wp\/v2\/product_tag?post=2742"},{"taxonomy":"giftcard-category","embeddable":true,"href":"https:\/\/www.castellodirazzano.it\/de\/wp-json\/wp\/v2\/giftcard-category?post=2742"}],"curies":[{"name":"wp","href":"https:\/\/api.w.org\/{rel}","templated":true}]}}