{"id":23571,"date":"2026-05-09T13:56:37","date_gmt":"2026-05-09T13:56:37","guid":{"rendered":"https:\/\/www.castellodirazzano.it\/?post_type=product&#038;p=23571"},"modified":"2026-05-10T06:49:19","modified_gmt":"2026-05-10T06:49:19","slug":"gift-card-aperitivo-al-castello-per-1-persona","status":"publish","type":"product","link":"https:\/\/www.castellodirazzano.it\/de\/prodotto\/gift-card-aperitivo-al-castello-per-1-persona\/","title":{"rendered":"Gift Card \u201cAperitivo al Castello&#8220; (per 1 persona)"},"content":{"rendered":"<p>Der Aperitif im Schloss besteht aus einem Glas Wein oder einem Cocktail, begleitet von einem kleinen Teller mit herzhaften Appetith\u00e4ppchen.<\/p>\n<p><strong>Bitte informieren Sie uns bei der Buchung \u00fcber eventuelle Lebensmittelunvertr\u00e4glichkeiten, Allergien oder spezielle Ern\u00e4hrungsw\u00fcnsche.<\/strong><\/p>\n<p>Buchen Sie Ihren Besuch online, indem Sie das entsprechende Datum im Kalender und die Anzahl der Teilnehmer ausw\u00e4hlen.<\/p>\n<p>F\u00fcr Last-Minute-Buchungen oder f\u00fcr weitere Informationen z\u00f6gern Sie nicht, uns zu\u00a0<a href=\"https:\/\/www.castellodirazzano.it\/de\/contatti\/\">kontaktieren.<\/a><\/p>","protected":false},"excerpt":{"rendered":"<p>Valid for 1 person.<\/p>\n<p>Validity for 1 year from issuing.<\/p>\n<p><strong>Once payment has been made, the GIFT CARD will be sent to the email address entered in the &#8222;RECIPIENT DATA&#8220; field.<\/strong><\/p>\n<p>N.B. If you do not receive it, we recommend checking your spam folder.<\/p>\n","protected":false},"featured_media":23614,"template":"","meta":{"_genesis_hide_title":false,"_genesis_hide_breadcrumbs":false,"_genesis_hide_singular_image":false,"_genesis_hide_footer_widgets":false,"_genesis_custom_body_class":"","_genesis_custom_post_class":"","_genesis_layout":""},"product_cat":[77],"product_tag":[],"giftcard-category":[],"class_list":{"0":"post-23571","1":"product","2":"type-product","3":"status-publish","4":"has-post-thumbnail","6":"product_cat-gift-card","7":"entry","9":"first","10":"instock","11":"virtual","12":"purchasable","13":"product-type-gift-card"},"yoast_head":"<!-- This site is optimized with the Yoast SEO plugin v26.4 - https:\/\/yoast.com\/wordpress\/plugins\/seo\/ -->\n<title>Gift Card \u201cAperitivo al Castello&quot; (per 1 persona) - Castello di Razzano<\/title>\n<meta name=\"robots\" content=\"index, follow, max-snippet:-1, max-image-preview:large, max-video-preview:-1\" \/>\n<link rel=\"canonical\" href=\"https:\/\/www.castellodirazzano.it\/prodotto\/gift-card-aperitivo-al-castello-per-1-persona\/\" \/>\n<meta property=\"og:locale\" content=\"de_DE\" \/>\n<meta property=\"og:type\" content=\"article\" \/>\n<meta property=\"og:title\" content=\"Gift Card \u201cAperitivo al Castello&quot; (per 1 persona) - Castello di Razzano\" \/>\n<meta property=\"og:description\" content=\"[:it]Valido per una persona.  Validit\u00e0 1 anno dall&#039;emissione  A pagamento avvenuto, la GIFT CARD verr\u00e0 inviata all\u2019indirizzo email inserito nel campo \u201cDATI DESTINATARIO\u201d.  N.B. In caso di mancata ricezione, vi suggeriamo di controllare la casella \u201cSpam\u201d[:en]Valid for 1 person.  Validity for 1 year from issuing.  Once payment has been made, the GIFT CARD will be sent to the email address entered in the &quot;RECIPIENT DATA&quot; field.  N.B. If you do not receive it, we recommend checking your spam folder.[:de]Valid for 1 person.  Validity for 1 year from issuing.  Once payment has been made, the GIFT CARD will be sent to the email address entered in the &quot;RECIPIENT DATA&quot; field.  N.B. If you do not receive it, we recommend checking your spam folder.[:fr]Valid for 1 person.  Validity for 1 year from issuing.  Once payment has been made, the GIFT CARD will be sent to the email address entered in the &quot;RECIPIENT DATA&quot; field.  N.B. If you do not receive it, we recommend checking your spam folder.[:]\" \/>\n<meta property=\"og:url\" content=\"https:\/\/www.castellodirazzano.it\/prodotto\/gift-card-aperitivo-al-castello-per-1-persona\/\" \/>\n<meta property=\"og:site_name\" content=\"Castello di Razzano\" \/>\n<meta property=\"article:publisher\" content=\"https:\/\/www.facebook.com\/castellodirazzanomonferrato\/\" \/>\n<meta property=\"article:modified_time\" content=\"2026-05-10T06:49:19+00:00\" \/>\n<meta property=\"og:image\" content=\"https:\/\/www.castellodirazzano.it\/wp-content\/uploads\/2025\/12\/APERITIVO-AL-CASTELLO-WEB-1024x742.png\" \/>\n\t<meta property=\"og:image:width\" content=\"1024\" \/>\n\t<meta property=\"og:image:height\" content=\"742\" \/>\n\t<meta property=\"og:image:type\" content=\"image\/png\" \/>\n<meta name=\"twitter:card\" content=\"summary_large_image\" \/>\n<meta name=\"twitter:label1\" content=\"Gesch\u00e4tzte Lesezeit\" \/>\n\t<meta name=\"twitter:data1\" content=\"1\u00a0Minute\" \/>\n<script type=\"application\/ld+json\" class=\"yoast-schema-graph\">{\"@context\":\"https:\/\/schema.org\",\"@graph\":[{\"@type\":\"WebPage\",\"@id\":\"https:\/\/www.castellodirazzano.it\/prodotto\/gift-card-aperitivo-al-castello-per-1-persona\/\",\"url\":\"https:\/\/www.castellodirazzano.it\/prodotto\/gift-card-aperitivo-al-castello-per-1-persona\/\",\"name\":\"Gift Card \u201cAperitivo al Castello\\\" (per 1 persona) - Castello di Razzano\",\"isPartOf\":{\"@id\":\"https:\/\/www.castellodirazzano.it\/en\/#website\"},\"primaryImageOfPage\":{\"@id\":\"https:\/\/www.castellodirazzano.it\/prodotto\/gift-card-aperitivo-al-castello-per-1-persona\/#primaryimage\"},\"image\":{\"@id\":\"https:\/\/www.castellodirazzano.it\/prodotto\/gift-card-aperitivo-al-castello-per-1-persona\/#primaryimage\"},\"thumbnailUrl\":\"https:\/\/www.castellodirazzano.it\/wp-content\/uploads\/2025\/12\/APERITIVO-AL-CASTELLO-WEB.png\",\"datePublished\":\"2026-05-09T13:56:37+00:00\",\"dateModified\":\"2026-05-10T06:49:19+00:00\",\"breadcrumb\":{\"@id\":\"https:\/\/www.castellodirazzano.it\/prodotto\/gift-card-aperitivo-al-castello-per-1-persona\/#breadcrumb\"},\"inLanguage\":\"de\",\"potentialAction\":[{\"@type\":\"ReadAction\",\"target\":[\"https:\/\/www.castellodirazzano.it\/prodotto\/gift-card-aperitivo-al-castello-per-1-persona\/\"]}]},{\"@type\":\"ImageObject\",\"inLanguage\":\"de\",\"@id\":\"https:\/\/www.castellodirazzano.it\/prodotto\/gift-card-aperitivo-al-castello-per-1-persona\/#primaryimage\",\"url\":\"https:\/\/www.castellodirazzano.it\/wp-content\/uploads\/2025\/12\/APERITIVO-AL-CASTELLO-WEB.png\",\"contentUrl\":\"https:\/\/www.castellodirazzano.it\/wp-content\/uploads\/2025\/12\/APERITIVO-AL-CASTELLO-WEB.png\",\"width\":1280,\"height\":928},{\"@type\":\"BreadcrumbList\",\"@id\":\"https:\/\/www.castellodirazzano.it\/prodotto\/gift-card-aperitivo-al-castello-per-1-persona\/#breadcrumb\",\"itemListElement\":[{\"@type\":\"ListItem\",\"position\":1,\"name\":\"Home\",\"item\":\"https:\/\/www.castellodirazzano.it\/\"},{\"@type\":\"ListItem\",\"position\":2,\"name\":\"Shop\",\"item\":\"https:\/\/www.castellodirazzano.it\/negozio\/\"},{\"@type\":\"ListItem\",\"position\":3,\"name\":\"Gift Card \u201cAperitivo al Castello&#8221; (per 1 persona)\"}]},{\"@type\":\"WebSite\",\"@id\":\"https:\/\/www.castellodirazzano.it\/en\/#website\",\"url\":\"https:\/\/www.castellodirazzano.it\/en\/\",\"name\":\"Castello di Razzano\",\"description\":\"Cantine e Relais di Charme\",\"potentialAction\":[{\"@type\":\"SearchAction\",\"target\":{\"@type\":\"EntryPoint\",\"urlTemplate\":\"https:\/\/www.castellodirazzano.it\/en\/?s={search_term_string}\"},\"query-input\":{\"@type\":\"PropertyValueSpecification\",\"valueRequired\":true,\"valueName\":\"search_term_string\"}}],\"inLanguage\":\"de\"}]}<\/script>\n<!-- \/ Yoast SEO plugin. -->","yoast_head_json":{"title":"Gift Card \u201cAperitivo al Castello\" (per 1 persona) - Castello di Razzano","robots":{"index":"index","follow":"follow","max-snippet":"max-snippet:-1","max-image-preview":"max-image-preview:large","max-video-preview":"max-video-preview:-1"},"canonical":"https:\/\/www.castellodirazzano.it\/prodotto\/gift-card-aperitivo-al-castello-per-1-persona\/","og_locale":"de_DE","og_type":"article","og_title":"Gift Card \u201cAperitivo al Castello\" (per 1 persona) - Castello di Razzano","og_description":"[:it]Valido per una persona.  Validit\u00e0 1 anno dall'emissione  A pagamento avvenuto, la GIFT CARD verr\u00e0 inviata all\u2019indirizzo email inserito nel campo \u201cDATI DESTINATARIO\u201d.  N.B. In caso di mancata ricezione, vi suggeriamo di controllare la casella \u201cSpam\u201d[:en]Valid for 1 person.  Validity for 1 year from issuing.  Once payment has been made, the GIFT CARD will be sent to the email address entered in the \"RECIPIENT DATA\" field.  N.B. If you do not receive it, we recommend checking your spam folder.[:de]Valid for 1 person.  Validity for 1 year from issuing.  Once payment has been made, the GIFT CARD will be sent to the email address entered in the \"RECIPIENT DATA\" field.  N.B. If you do not receive it, we recommend checking your spam folder.[:fr]Valid for 1 person.  Validity for 1 year from issuing.  Once payment has been made, the GIFT CARD will be sent to the email address entered in the \"RECIPIENT DATA\" field.  N.B. If you do not receive it, we recommend checking your spam folder.[:]","og_url":"https:\/\/www.castellodirazzano.it\/prodotto\/gift-card-aperitivo-al-castello-per-1-persona\/","og_site_name":"Castello di Razzano","article_publisher":"https:\/\/www.facebook.com\/castellodirazzanomonferrato\/","article_modified_time":"2026-05-10T06:49:19+00:00","og_image":[{"width":1024,"height":742,"url":"https:\/\/www.castellodirazzano.it\/wp-content\/uploads\/2025\/12\/APERITIVO-AL-CASTELLO-WEB-1024x742.png","type":"image\/png"}],"twitter_card":"summary_large_image","twitter_misc":{"Gesch\u00e4tzte Lesezeit":"1\u00a0Minute"},"schema":{"@context":"https:\/\/schema.org","@graph":[{"@type":"WebPage","@id":"https:\/\/www.castellodirazzano.it\/prodotto\/gift-card-aperitivo-al-castello-per-1-persona\/","url":"https:\/\/www.castellodirazzano.it\/prodotto\/gift-card-aperitivo-al-castello-per-1-persona\/","name":"Gift Card \u201cAperitivo al Castello\" (per 1 persona) - Castello di Razzano","isPartOf":{"@id":"https:\/\/www.castellodirazzano.it\/en\/#website"},"primaryImageOfPage":{"@id":"https:\/\/www.castellodirazzano.it\/prodotto\/gift-card-aperitivo-al-castello-per-1-persona\/#primaryimage"},"image":{"@id":"https:\/\/www.castellodirazzano.it\/prodotto\/gift-card-aperitivo-al-castello-per-1-persona\/#primaryimage"},"thumbnailUrl":"https:\/\/www.castellodirazzano.it\/wp-content\/uploads\/2025\/12\/APERITIVO-AL-CASTELLO-WEB.png","datePublished":"2026-05-09T13:56:37+00:00","dateModified":"2026-05-10T06:49:19+00:00","breadcrumb":{"@id":"https:\/\/www.castellodirazzano.it\/prodotto\/gift-card-aperitivo-al-castello-per-1-persona\/#breadcrumb"},"inLanguage":"de","potentialAction":[{"@type":"ReadAction","target":["https:\/\/www.castellodirazzano.it\/prodotto\/gift-card-aperitivo-al-castello-per-1-persona\/"]}]},{"@type":"ImageObject","inLanguage":"de","@id":"https:\/\/www.castellodirazzano.it\/prodotto\/gift-card-aperitivo-al-castello-per-1-persona\/#primaryimage","url":"https:\/\/www.castellodirazzano.it\/wp-content\/uploads\/2025\/12\/APERITIVO-AL-CASTELLO-WEB.png","contentUrl":"https:\/\/www.castellodirazzano.it\/wp-content\/uploads\/2025\/12\/APERITIVO-AL-CASTELLO-WEB.png","width":1280,"height":928},{"@type":"BreadcrumbList","@id":"https:\/\/www.castellodirazzano.it\/prodotto\/gift-card-aperitivo-al-castello-per-1-persona\/#breadcrumb","itemListElement":[{"@type":"ListItem","position":1,"name":"Home","item":"https:\/\/www.castellodirazzano.it\/"},{"@type":"ListItem","position":2,"name":"Shop","item":"https:\/\/www.castellodirazzano.it\/negozio\/"},{"@type":"ListItem","position":3,"name":"Gift Card \u201cAperitivo al Castello&#8221; (per 1 persona)"}]},{"@type":"WebSite","@id":"https:\/\/www.castellodirazzano.it\/en\/#website","url":"https:\/\/www.castellodirazzano.it\/en\/","name":"Castello di Razzano","description":"Cantine e Relais di Charme","potentialAction":[{"@type":"SearchAction","target":{"@type":"EntryPoint","urlTemplate":"https:\/\/www.castellodirazzano.it\/en\/?s={search_term_string}"},"query-input":{"@type":"PropertyValueSpecification","valueRequired":true,"valueName":"search_term_string"}}],"inLanguage":"de"}]}},"_links":{"self":[{"href":"https:\/\/www.castellodirazzano.it\/de\/wp-json\/wp\/v2\/product\/23571","targetHints":{"allow":["GET"]}}],"collection":[{"href":"https:\/\/www.castellodirazzano.it\/de\/wp-json\/wp\/v2\/product"}],"about":[{"href":"https:\/\/www.castellodirazzano.it\/de\/wp-json\/wp\/v2\/types\/product"}],"wp:featuredmedia":[{"embeddable":true,"href":"https:\/\/www.castellodirazzano.it\/de\/wp-json\/wp\/v2\/media\/23614"}],"wp:attachment":[{"href":"https:\/\/www.castellodirazzano.it\/de\/wp-json\/wp\/v2\/media?parent=23571"}],"wp:term":[{"taxonomy":"product_cat","embeddable":true,"href":"https:\/\/www.castellodirazzano.it\/de\/wp-json\/wp\/v2\/product_cat?post=23571"},{"taxonomy":"product_tag","embeddable":true,"href":"https:\/\/www.castellodirazzano.it\/de\/wp-json\/wp\/v2\/product_tag?post=23571"},{"taxonomy":"giftcard-category","embeddable":true,"href":"https:\/\/www.castellodirazzano.it\/de\/wp-json\/wp\/v2\/giftcard-category?post=23571"}],"curies":[{"name":"wp","href":"https:\/\/api.w.org\/{rel}","templated":true}]}}