{"id":20433,"date":"2026-01-22T09:56:45","date_gmt":"2026-01-22T09:56:45","guid":{"rendered":"https:\/\/www.castellodirazzano.it\/?post_type=product&#038;p=20433"},"modified":"2026-03-09T13:48:28","modified_gmt":"2026-03-09T13:48:28","slug":"la-merenda-sinoira-del-castello","status":"publish","type":"product","link":"https:\/\/www.castellodirazzano.it\/de\/prodotto\/la-merenda-sinoira-del-castello\/","title":{"rendered":"&#8222;Mezzogiorno Di-Vino\ud83c\udf77, la merenda sinoira fuori orario&#8220; (ore 12-14)"},"content":{"rendered":"<p>Verkostung von vier unserer Weine f\u00fcr eine Person, begleitet von traditionellen piemontesischen Vorspeisen und einem Dessert.<\/p>\n<p>Anschlie\u00dfend kostenlose F\u00fchrung durch unser ArteVino Razzano Museum und unsere Reifekeller.<\/p>\n<p>F\u00fcr kurzfristige Reservierungen oder weitere Informationen kontaktieren Sie uns bitte.<\/p>\n<p><strong>Bitte teilen Sie uns eventuelle Lebensmittelunvertr\u00e4glichkeiten, Allergien oder spezielle Ern\u00e4hrungsw\u00fcnsche bei der Buchung mit.<\/strong><\/p>\n<p>&nbsp;<\/p>\n<p><strong>Reservierungen sind abh\u00e4ngig von der Verf\u00fcgbarkeit und die Termine richten sich nach dem Kalender.<\/strong><\/p>\n<p><a class=\"button large red\" href=\"https:\/\/www.castellodirazzano.it\/wp-content\/uploads\/2020\/06\/en.TERMINI-E-CONDIZIONI.pdf\" target=\"\" rel=\"noopener noreferrer\">TERMS AND CONDITIONS<\/a><\/p>\n<p>&nbsp;<\/p>","protected":false},"excerpt":{"rendered":"<p>Preis pro Person.<\/p>\n<p>DAUER: CA. 1 STUNDEN<\/p>\n","protected":false},"featured_media":20446,"template":"","meta":{"_genesis_hide_title":false,"_genesis_hide_breadcrumbs":false,"_genesis_hide_singular_image":false,"_genesis_hide_footer_widgets":false,"_genesis_custom_body_class":"","_genesis_custom_post_class":"","_genesis_layout":""},"product_cat":[66],"product_tag":[],"giftcard-category":[],"class_list":{"0":"post-20433","1":"product","2":"type-product","3":"status-publish","4":"has-post-thumbnail","6":"product_cat-visite-e-degustazioni","7":"entry","9":"first","10":"instock","11":"virtual","12":"sold-individually","13":"purchasable","14":"product-type-booking"},"yoast_head":"<!-- This site is optimized with the Yoast SEO plugin v26.4 - https:\/\/yoast.com\/wordpress\/plugins\/seo\/ -->\n<title>&quot;Mezzogiorno Di-Vino\ud83c\udf77, la merenda sinoira fuori orario&quot; (ore 12-14) - Castello di Razzano<\/title>\n<meta name=\"description\" content=\"Degustazione per una persona di 5 vini accompagnata da piatti tipici piemontesi.\" \/>\n<meta name=\"robots\" content=\"index, follow, max-snippet:-1, max-image-preview:large, max-video-preview:-1\" \/>\n<link rel=\"canonical\" href=\"https:\/\/www.castellodirazzano.it\/prodotto\/la-merenda-sinoira-del-castello\/\" \/>\n<meta property=\"og:locale\" content=\"de_DE\" \/>\n<meta property=\"og:type\" content=\"article\" \/>\n<meta property=\"og:title\" content=\"&quot;Mezzogiorno Di-Vino\ud83c\udf77, la merenda sinoira fuori orario&quot; (ore 12-14) - Castello di Razzano\" \/>\n<meta property=\"og:description\" content=\"{:it}Degustazione per una persona di 5 vini accompagnata da piatti tipici piemontesi.{:}\" \/>\n<meta property=\"og:url\" content=\"https:\/\/www.castellodirazzano.it\/prodotto\/la-merenda-sinoira-del-castello\/\" \/>\n<meta property=\"og:site_name\" content=\"Castello di Razzano\" \/>\n<meta property=\"article:publisher\" content=\"https:\/\/www.facebook.com\/castellodirazzanomonferrato\/\" \/>\n<meta property=\"article:modified_time\" content=\"2026-03-09T13:48:28+00:00\" \/>\n<meta property=\"og:image\" content=\"https:\/\/www.castellodirazzano.it\/wp-content\/uploads\/2026\/01\/merenda-sinoira2ok-e1771003906416.png\" \/>\n\t<meta property=\"og:image:width\" content=\"928\" \/>\n\t<meta property=\"og:image:height\" content=\"625\" \/>\n\t<meta property=\"og:image:type\" content=\"image\/png\" \/>\n<meta name=\"twitter:card\" content=\"summary_large_image\" \/>\n<meta name=\"twitter:label1\" content=\"Gesch\u00e4tzte Lesezeit\" \/>\n\t<meta name=\"twitter:data1\" content=\"1\u00a0Minute\" \/>\n<script type=\"application\/ld+json\" class=\"yoast-schema-graph\">{\"@context\":\"https:\/\/schema.org\",\"@graph\":[{\"@type\":\"WebPage\",\"@id\":\"https:\/\/www.castellodirazzano.it\/prodotto\/la-merenda-sinoira-del-castello\/\",\"url\":\"https:\/\/www.castellodirazzano.it\/prodotto\/la-merenda-sinoira-del-castello\/\",\"name\":\"\\\"Mezzogiorno Di-Vino\ud83c\udf77, la merenda sinoira fuori orario\\\" (ore 12-14) - Castello di Razzano\",\"isPartOf\":{\"@id\":\"https:\/\/www.castellodirazzano.it\/en\/#website\"},\"primaryImageOfPage\":{\"@id\":\"https:\/\/www.castellodirazzano.it\/prodotto\/la-merenda-sinoira-del-castello\/#primaryimage\"},\"image\":{\"@id\":\"https:\/\/www.castellodirazzano.it\/prodotto\/la-merenda-sinoira-del-castello\/#primaryimage\"},\"thumbnailUrl\":\"https:\/\/www.castellodirazzano.it\/wp-content\/uploads\/2026\/01\/merenda-sinoira2ok-e1771003906416.png\",\"datePublished\":\"2026-01-22T09:56:45+00:00\",\"dateModified\":\"2026-03-09T13:48:28+00:00\",\"description\":\"{:it}Degustazione per una persona di 5 vini accompagnata da piatti tipici piemontesi.{:}\",\"breadcrumb\":{\"@id\":\"https:\/\/www.castellodirazzano.it\/prodotto\/la-merenda-sinoira-del-castello\/#breadcrumb\"},\"inLanguage\":\"de\",\"potentialAction\":[{\"@type\":\"ReadAction\",\"target\":[\"https:\/\/www.castellodirazzano.it\/prodotto\/la-merenda-sinoira-del-castello\/\"]}]},{\"@type\":\"ImageObject\",\"inLanguage\":\"de\",\"@id\":\"https:\/\/www.castellodirazzano.it\/prodotto\/la-merenda-sinoira-del-castello\/#primaryimage\",\"url\":\"https:\/\/www.castellodirazzano.it\/wp-content\/uploads\/2026\/01\/merenda-sinoira2ok-e1771003906416.png\",\"contentUrl\":\"https:\/\/www.castellodirazzano.it\/wp-content\/uploads\/2026\/01\/merenda-sinoira2ok-e1771003906416.png\",\"width\":928,\"height\":625},{\"@type\":\"BreadcrumbList\",\"@id\":\"https:\/\/www.castellodirazzano.it\/prodotto\/la-merenda-sinoira-del-castello\/#breadcrumb\",\"itemListElement\":[{\"@type\":\"ListItem\",\"position\":1,\"name\":\"Home\",\"item\":\"https:\/\/www.castellodirazzano.it\/\"},{\"@type\":\"ListItem\",\"position\":2,\"name\":\"Shop\",\"item\":\"https:\/\/www.castellodirazzano.it\/negozio\/\"},{\"@type\":\"ListItem\",\"position\":3,\"name\":\"&#8220;Mezzogiorno Di-Vino\ud83c\udf77, la merenda sinoira fuori orario&#8221; (ore 12-14)\"}]},{\"@type\":\"WebSite\",\"@id\":\"https:\/\/www.castellodirazzano.it\/en\/#website\",\"url\":\"https:\/\/www.castellodirazzano.it\/en\/\",\"name\":\"Castello di Razzano\",\"description\":\"Cantine e Relais di Charme\",\"potentialAction\":[{\"@type\":\"SearchAction\",\"target\":{\"@type\":\"EntryPoint\",\"urlTemplate\":\"https:\/\/www.castellodirazzano.it\/en\/?s={search_term_string}\"},\"query-input\":{\"@type\":\"PropertyValueSpecification\",\"valueRequired\":true,\"valueName\":\"search_term_string\"}}],\"inLanguage\":\"de\"}]}<\/script>\n<!-- \/ Yoast SEO plugin. -->","yoast_head_json":{"title":"\"Mezzogiorno Di-Vino\ud83c\udf77, la merenda sinoira fuori orario\" (ore 12-14) - Castello di Razzano","description":"Degustazione per una persona di 5 vini accompagnata da piatti tipici piemontesi.","robots":{"index":"index","follow":"follow","max-snippet":"max-snippet:-1","max-image-preview":"max-image-preview:large","max-video-preview":"max-video-preview:-1"},"canonical":"https:\/\/www.castellodirazzano.it\/prodotto\/la-merenda-sinoira-del-castello\/","og_locale":"de_DE","og_type":"article","og_title":"\"Mezzogiorno Di-Vino\ud83c\udf77, la merenda sinoira fuori orario\" (ore 12-14) - Castello di Razzano","og_description":"{:it}Degustazione per una persona di 5 vini accompagnata da piatti tipici piemontesi.{:}","og_url":"https:\/\/www.castellodirazzano.it\/prodotto\/la-merenda-sinoira-del-castello\/","og_site_name":"Castello di Razzano","article_publisher":"https:\/\/www.facebook.com\/castellodirazzanomonferrato\/","article_modified_time":"2026-03-09T13:48:28+00:00","og_image":[{"width":928,"height":625,"url":"https:\/\/www.castellodirazzano.it\/wp-content\/uploads\/2026\/01\/merenda-sinoira2ok-e1771003906416.png","type":"image\/png"}],"twitter_card":"summary_large_image","twitter_misc":{"Gesch\u00e4tzte Lesezeit":"1\u00a0Minute"},"schema":{"@context":"https:\/\/schema.org","@graph":[{"@type":"WebPage","@id":"https:\/\/www.castellodirazzano.it\/prodotto\/la-merenda-sinoira-del-castello\/","url":"https:\/\/www.castellodirazzano.it\/prodotto\/la-merenda-sinoira-del-castello\/","name":"\"Mezzogiorno Di-Vino\ud83c\udf77, la merenda sinoira fuori orario\" (ore 12-14) - Castello di Razzano","isPartOf":{"@id":"https:\/\/www.castellodirazzano.it\/en\/#website"},"primaryImageOfPage":{"@id":"https:\/\/www.castellodirazzano.it\/prodotto\/la-merenda-sinoira-del-castello\/#primaryimage"},"image":{"@id":"https:\/\/www.castellodirazzano.it\/prodotto\/la-merenda-sinoira-del-castello\/#primaryimage"},"thumbnailUrl":"https:\/\/www.castellodirazzano.it\/wp-content\/uploads\/2026\/01\/merenda-sinoira2ok-e1771003906416.png","datePublished":"2026-01-22T09:56:45+00:00","dateModified":"2026-03-09T13:48:28+00:00","description":"{:it}Degustazione per una persona di 5 vini accompagnata da piatti tipici piemontesi.{:}","breadcrumb":{"@id":"https:\/\/www.castellodirazzano.it\/prodotto\/la-merenda-sinoira-del-castello\/#breadcrumb"},"inLanguage":"de","potentialAction":[{"@type":"ReadAction","target":["https:\/\/www.castellodirazzano.it\/prodotto\/la-merenda-sinoira-del-castello\/"]}]},{"@type":"ImageObject","inLanguage":"de","@id":"https:\/\/www.castellodirazzano.it\/prodotto\/la-merenda-sinoira-del-castello\/#primaryimage","url":"https:\/\/www.castellodirazzano.it\/wp-content\/uploads\/2026\/01\/merenda-sinoira2ok-e1771003906416.png","contentUrl":"https:\/\/www.castellodirazzano.it\/wp-content\/uploads\/2026\/01\/merenda-sinoira2ok-e1771003906416.png","width":928,"height":625},{"@type":"BreadcrumbList","@id":"https:\/\/www.castellodirazzano.it\/prodotto\/la-merenda-sinoira-del-castello\/#breadcrumb","itemListElement":[{"@type":"ListItem","position":1,"name":"Home","item":"https:\/\/www.castellodirazzano.it\/"},{"@type":"ListItem","position":2,"name":"Shop","item":"https:\/\/www.castellodirazzano.it\/negozio\/"},{"@type":"ListItem","position":3,"name":"&#8220;Mezzogiorno Di-Vino\ud83c\udf77, la merenda sinoira fuori orario&#8221; (ore 12-14)"}]},{"@type":"WebSite","@id":"https:\/\/www.castellodirazzano.it\/en\/#website","url":"https:\/\/www.castellodirazzano.it\/en\/","name":"Castello di Razzano","description":"Cantine e Relais di Charme","potentialAction":[{"@type":"SearchAction","target":{"@type":"EntryPoint","urlTemplate":"https:\/\/www.castellodirazzano.it\/en\/?s={search_term_string}"},"query-input":{"@type":"PropertyValueSpecification","valueRequired":true,"valueName":"search_term_string"}}],"inLanguage":"de"}]}},"_links":{"self":[{"href":"https:\/\/www.castellodirazzano.it\/de\/wp-json\/wp\/v2\/product\/20433","targetHints":{"allow":["GET"]}}],"collection":[{"href":"https:\/\/www.castellodirazzano.it\/de\/wp-json\/wp\/v2\/product"}],"about":[{"href":"https:\/\/www.castellodirazzano.it\/de\/wp-json\/wp\/v2\/types\/product"}],"wp:featuredmedia":[{"embeddable":true,"href":"https:\/\/www.castellodirazzano.it\/de\/wp-json\/wp\/v2\/media\/20446"}],"wp:attachment":[{"href":"https:\/\/www.castellodirazzano.it\/de\/wp-json\/wp\/v2\/media?parent=20433"}],"wp:term":[{"taxonomy":"product_cat","embeddable":true,"href":"https:\/\/www.castellodirazzano.it\/de\/wp-json\/wp\/v2\/product_cat?post=20433"},{"taxonomy":"product_tag","embeddable":true,"href":"https:\/\/www.castellodirazzano.it\/de\/wp-json\/wp\/v2\/product_tag?post=20433"},{"taxonomy":"giftcard-category","embeddable":true,"href":"https:\/\/www.castellodirazzano.it\/de\/wp-json\/wp\/v2\/giftcard-category?post=20433"}],"curies":[{"name":"wp","href":"https:\/\/api.w.org\/{rel}","templated":true}]}}