{"id":19899,"date":"2025-12-05T11:08:37","date_gmt":"2025-12-05T11:08:37","guid":{"rendered":"https:\/\/www.castellodirazzano.it\/?post_type=product&#038;p=19899"},"modified":"2026-02-04T10:42:25","modified_gmt":"2026-02-04T10:42:25","slug":"gift-card-degustazione-small-per-1-persona","status":"publish","type":"product","link":"https:\/\/www.castellodirazzano.it\/de\/prodotto\/gift-card-degustazione-small-per-1-persona\/","title":{"rendered":"Gift Card \u201cDegustazione SMALL\u201d (per 1 persona)"},"content":{"rendered":"<p>Das Erlebnis beinhaltet einen Besuch des <a href=\"https:\/\/www.castellodirazzano.it\/de\/museo\/\">Museo ArteVino Razzano<\/a> und der <a href=\"https:\/\/www.castellodirazzano.it\/de\/relais\/tenuta-castello-di-razzano\/\">Reifekeller<\/a> mit Verkostung von 3 Weinen und EVO-\u00d6l, Grissini und Wasser.<\/p>\n<p><u>Der Besuch des Museums ist nicht gef\u00fchrt.<\/u> Eine Informationsbrosch\u00fcre wird bei der Ankunft zur Verf\u00fcgung gestellt.<\/p>\n<p>Buchen Sie Ihren Besuch online, indem Sie das entsprechende Datum im <a href=\"https:\/\/www.castellodirazzano.it\/prodotto\/ticket-visita-degustazione\/\">Kalender<\/a> ausw\u00e4hlen.<\/p>\n<p>F\u00fcr Last-Minute-Buchungen oder f\u00fcr weitere Informationen z\u00f6gern Sie nicht, uns zu <a href=\"https:\/\/www.castellodirazzano.it\/de\/contatti\/\">kontaktieren<\/a>.<\/p>","protected":false},"excerpt":{"rendered":"<p><strong>G\u00fcltig f\u00fcr 1 Jahr ab Ausstellungsdatum.<\/strong><\/p>\n<p><strong>Nach Zahlungseingang wird die Geschenkkarte an die im Feld \u201eRECIPIENT DATA\u201c angegebene E-Mail-Adresse gesendet.<\/strong><\/p>\n<p>Hinweis: Sollten Sie die Karte nicht erhalten, \u00fcberpr\u00fcfen Sie bitte Ihren Spam-Ordner.<\/p>\n","protected":false},"featured_media":2884,"template":"","meta":{"_genesis_hide_title":false,"_genesis_hide_breadcrumbs":false,"_genesis_hide_singular_image":false,"_genesis_hide_footer_widgets":false,"_genesis_custom_body_class":"","_genesis_custom_post_class":"","_genesis_layout":""},"product_cat":[77],"product_tag":[],"giftcard-category":[],"class_list":{"0":"post-19899","1":"product","2":"type-product","3":"status-publish","4":"has-post-thumbnail","6":"product_cat-gift-card","7":"entry","9":"first","10":"instock","11":"virtual","12":"purchasable","13":"product-type-gift-card"},"yoast_head":"<!-- This site is optimized with the Yoast SEO plugin v26.4 - https:\/\/yoast.com\/wordpress\/plugins\/seo\/ -->\n<title>Gift Card \u201cDegustazione SMALL\u201d (per 1 persona) - Castello di Razzano<\/title>\n<meta name=\"description\" content=\"Visita al Museo ArteVino Razzano e alle cantine di invecchiamento con degustazione di 3 vini e olio al Castello di Razzano\" \/>\n<meta name=\"robots\" content=\"index, follow, max-snippet:-1, max-image-preview:large, max-video-preview:-1\" \/>\n<link rel=\"canonical\" href=\"https:\/\/www.castellodirazzano.it\/prodotto\/gift-card-degustazione-small-per-1-persona\/\" \/>\n<meta property=\"og:locale\" content=\"de_DE\" \/>\n<meta property=\"og:type\" content=\"article\" \/>\n<meta property=\"og:title\" content=\"Gift Card \u201cDegustazione SMALL\u201d (per 1 persona) - Castello di Razzano\" \/>\n<meta property=\"og:description\" content=\"{:it}Visita al Museo ArteVino Razzano e alle cantine di invecchiamento con degustazione di 3 vini e olio al Castello di Razzano{:}\" \/>\n<meta property=\"og:url\" content=\"https:\/\/www.castellodirazzano.it\/prodotto\/gift-card-degustazione-small-per-1-persona\/\" \/>\n<meta property=\"og:site_name\" content=\"Castello di Razzano\" \/>\n<meta property=\"article:publisher\" content=\"https:\/\/www.facebook.com\/castellodirazzanomonferrato\/\" \/>\n<meta property=\"article:modified_time\" content=\"2026-02-04T10:42:25+00:00\" \/>\n<meta property=\"og:image\" content=\"https:\/\/www.castellodirazzano.it\/wp-content\/uploads\/2019\/06\/20-enoteca-1030x687.jpg\" \/>\n\t<meta property=\"og:image:width\" content=\"1030\" \/>\n\t<meta property=\"og:image:height\" content=\"687\" \/>\n\t<meta property=\"og:image:type\" content=\"image\/jpeg\" \/>\n<meta name=\"twitter:card\" content=\"summary_large_image\" \/>\n<meta name=\"twitter:label1\" content=\"Gesch\u00e4tzte Lesezeit\" \/>\n\t<meta name=\"twitter:data1\" content=\"1\u00a0Minute\" \/>\n<script type=\"application\/ld+json\" class=\"yoast-schema-graph\">{\"@context\":\"https:\/\/schema.org\",\"@graph\":[{\"@type\":\"WebPage\",\"@id\":\"https:\/\/www.castellodirazzano.it\/prodotto\/gift-card-degustazione-small-per-1-persona\/\",\"url\":\"https:\/\/www.castellodirazzano.it\/prodotto\/gift-card-degustazione-small-per-1-persona\/\",\"name\":\"Gift Card \u201cDegustazione SMALL\u201d (per 1 persona) - Castello di Razzano\",\"isPartOf\":{\"@id\":\"https:\/\/www.castellodirazzano.it\/en\/#website\"},\"primaryImageOfPage\":{\"@id\":\"https:\/\/www.castellodirazzano.it\/prodotto\/gift-card-degustazione-small-per-1-persona\/#primaryimage\"},\"image\":{\"@id\":\"https:\/\/www.castellodirazzano.it\/prodotto\/gift-card-degustazione-small-per-1-persona\/#primaryimage\"},\"thumbnailUrl\":\"https:\/\/www.castellodirazzano.it\/wp-content\/uploads\/2019\/06\/20-enoteca-1030x687.jpg\",\"datePublished\":\"2025-12-05T11:08:37+00:00\",\"dateModified\":\"2026-02-04T10:42:25+00:00\",\"description\":\"{:it}Visita al Museo ArteVino Razzano e alle cantine di invecchiamento con degustazione di 3 vini e olio al Castello di Razzano{:}\",\"breadcrumb\":{\"@id\":\"https:\/\/www.castellodirazzano.it\/prodotto\/gift-card-degustazione-small-per-1-persona\/#breadcrumb\"},\"inLanguage\":\"de\",\"potentialAction\":[{\"@type\":\"ReadAction\",\"target\":[\"https:\/\/www.castellodirazzano.it\/prodotto\/gift-card-degustazione-small-per-1-persona\/\"]}]},{\"@type\":\"ImageObject\",\"inLanguage\":\"de\",\"@id\":\"https:\/\/www.castellodirazzano.it\/prodotto\/gift-card-degustazione-small-per-1-persona\/#primaryimage\",\"url\":\"https:\/\/www.castellodirazzano.it\/wp-content\/uploads\/2019\/06\/20-enoteca-1030x687.jpg\",\"contentUrl\":\"https:\/\/www.castellodirazzano.it\/wp-content\/uploads\/2019\/06\/20-enoteca-1030x687.jpg\",\"width\":1030,\"height\":687,\"caption\":\"Shop online vini del Castello di Razzano\"},{\"@type\":\"BreadcrumbList\",\"@id\":\"https:\/\/www.castellodirazzano.it\/prodotto\/gift-card-degustazione-small-per-1-persona\/#breadcrumb\",\"itemListElement\":[{\"@type\":\"ListItem\",\"position\":1,\"name\":\"Home\",\"item\":\"https:\/\/www.castellodirazzano.it\/\"},{\"@type\":\"ListItem\",\"position\":2,\"name\":\"Shop\",\"item\":\"https:\/\/www.castellodirazzano.it\/negozio\/\"},{\"@type\":\"ListItem\",\"position\":3,\"name\":\"Gift Card \u201cDegustazione SMALL\u201d (per 1 persona)\"}]},{\"@type\":\"WebSite\",\"@id\":\"https:\/\/www.castellodirazzano.it\/en\/#website\",\"url\":\"https:\/\/www.castellodirazzano.it\/en\/\",\"name\":\"Castello di Razzano\",\"description\":\"Cantine e Relais di Charme\",\"potentialAction\":[{\"@type\":\"SearchAction\",\"target\":{\"@type\":\"EntryPoint\",\"urlTemplate\":\"https:\/\/www.castellodirazzano.it\/en\/?s={search_term_string}\"},\"query-input\":{\"@type\":\"PropertyValueSpecification\",\"valueRequired\":true,\"valueName\":\"search_term_string\"}}],\"inLanguage\":\"de\"}]}<\/script>\n<!-- \/ Yoast SEO plugin. -->","yoast_head_json":{"title":"Gift Card \u201cDegustazione SMALL\u201d (per 1 persona) - Castello di Razzano","description":"Visita al Museo ArteVino Razzano e alle cantine di invecchiamento con degustazione di 3 vini e olio al Castello di Razzano","robots":{"index":"index","follow":"follow","max-snippet":"max-snippet:-1","max-image-preview":"max-image-preview:large","max-video-preview":"max-video-preview:-1"},"canonical":"https:\/\/www.castellodirazzano.it\/prodotto\/gift-card-degustazione-small-per-1-persona\/","og_locale":"de_DE","og_type":"article","og_title":"Gift Card \u201cDegustazione SMALL\u201d (per 1 persona) - Castello di Razzano","og_description":"{:it}Visita al Museo ArteVino Razzano e alle cantine di invecchiamento con degustazione di 3 vini e olio al Castello di Razzano{:}","og_url":"https:\/\/www.castellodirazzano.it\/prodotto\/gift-card-degustazione-small-per-1-persona\/","og_site_name":"Castello di Razzano","article_publisher":"https:\/\/www.facebook.com\/castellodirazzanomonferrato\/","article_modified_time":"2026-02-04T10:42:25+00:00","og_image":[{"width":1030,"height":687,"url":"https:\/\/www.castellodirazzano.it\/wp-content\/uploads\/2019\/06\/20-enoteca-1030x687.jpg","type":"image\/jpeg"}],"twitter_card":"summary_large_image","twitter_misc":{"Gesch\u00e4tzte Lesezeit":"1\u00a0Minute"},"schema":{"@context":"https:\/\/schema.org","@graph":[{"@type":"WebPage","@id":"https:\/\/www.castellodirazzano.it\/prodotto\/gift-card-degustazione-small-per-1-persona\/","url":"https:\/\/www.castellodirazzano.it\/prodotto\/gift-card-degustazione-small-per-1-persona\/","name":"Gift Card \u201cDegustazione SMALL\u201d (per 1 persona) - Castello di Razzano","isPartOf":{"@id":"https:\/\/www.castellodirazzano.it\/en\/#website"},"primaryImageOfPage":{"@id":"https:\/\/www.castellodirazzano.it\/prodotto\/gift-card-degustazione-small-per-1-persona\/#primaryimage"},"image":{"@id":"https:\/\/www.castellodirazzano.it\/prodotto\/gift-card-degustazione-small-per-1-persona\/#primaryimage"},"thumbnailUrl":"https:\/\/www.castellodirazzano.it\/wp-content\/uploads\/2019\/06\/20-enoteca-1030x687.jpg","datePublished":"2025-12-05T11:08:37+00:00","dateModified":"2026-02-04T10:42:25+00:00","description":"{:it}Visita al Museo ArteVino Razzano e alle cantine di invecchiamento con degustazione di 3 vini e olio al Castello di Razzano{:}","breadcrumb":{"@id":"https:\/\/www.castellodirazzano.it\/prodotto\/gift-card-degustazione-small-per-1-persona\/#breadcrumb"},"inLanguage":"de","potentialAction":[{"@type":"ReadAction","target":["https:\/\/www.castellodirazzano.it\/prodotto\/gift-card-degustazione-small-per-1-persona\/"]}]},{"@type":"ImageObject","inLanguage":"de","@id":"https:\/\/www.castellodirazzano.it\/prodotto\/gift-card-degustazione-small-per-1-persona\/#primaryimage","url":"https:\/\/www.castellodirazzano.it\/wp-content\/uploads\/2019\/06\/20-enoteca-1030x687.jpg","contentUrl":"https:\/\/www.castellodirazzano.it\/wp-content\/uploads\/2019\/06\/20-enoteca-1030x687.jpg","width":1030,"height":687,"caption":"Shop online vini del Castello di Razzano"},{"@type":"BreadcrumbList","@id":"https:\/\/www.castellodirazzano.it\/prodotto\/gift-card-degustazione-small-per-1-persona\/#breadcrumb","itemListElement":[{"@type":"ListItem","position":1,"name":"Home","item":"https:\/\/www.castellodirazzano.it\/"},{"@type":"ListItem","position":2,"name":"Shop","item":"https:\/\/www.castellodirazzano.it\/negozio\/"},{"@type":"ListItem","position":3,"name":"Gift Card \u201cDegustazione SMALL\u201d (per 1 persona)"}]},{"@type":"WebSite","@id":"https:\/\/www.castellodirazzano.it\/en\/#website","url":"https:\/\/www.castellodirazzano.it\/en\/","name":"Castello di Razzano","description":"Cantine e Relais di Charme","potentialAction":[{"@type":"SearchAction","target":{"@type":"EntryPoint","urlTemplate":"https:\/\/www.castellodirazzano.it\/en\/?s={search_term_string}"},"query-input":{"@type":"PropertyValueSpecification","valueRequired":true,"valueName":"search_term_string"}}],"inLanguage":"de"}]}},"_links":{"self":[{"href":"https:\/\/www.castellodirazzano.it\/de\/wp-json\/wp\/v2\/product\/19899","targetHints":{"allow":["GET"]}}],"collection":[{"href":"https:\/\/www.castellodirazzano.it\/de\/wp-json\/wp\/v2\/product"}],"about":[{"href":"https:\/\/www.castellodirazzano.it\/de\/wp-json\/wp\/v2\/types\/product"}],"wp:featuredmedia":[{"embeddable":true,"href":"https:\/\/www.castellodirazzano.it\/de\/wp-json\/wp\/v2\/media\/2884"}],"wp:attachment":[{"href":"https:\/\/www.castellodirazzano.it\/de\/wp-json\/wp\/v2\/media?parent=19899"}],"wp:term":[{"taxonomy":"product_cat","embeddable":true,"href":"https:\/\/www.castellodirazzano.it\/de\/wp-json\/wp\/v2\/product_cat?post=19899"},{"taxonomy":"product_tag","embeddable":true,"href":"https:\/\/www.castellodirazzano.it\/de\/wp-json\/wp\/v2\/product_tag?post=19899"},{"taxonomy":"giftcard-category","embeddable":true,"href":"https:\/\/www.castellodirazzano.it\/de\/wp-json\/wp\/v2\/giftcard-category?post=19899"}],"curies":[{"name":"wp","href":"https:\/\/api.w.org\/{rel}","templated":true}]}}