{"id":18087,"date":"2025-05-20T09:33:55","date_gmt":"2025-05-20T09:33:55","guid":{"rendered":"https:\/\/www.castellodirazzano.it\/?post_type=product&#038;p=18087"},"modified":"2026-02-10T14:48:09","modified_gmt":"2026-02-10T14:48:09","slug":"rosso-di-razzano-vino-rosso","status":"publish","type":"product","link":"https:\/\/www.castellodirazzano.it\/de\/prodotto\/rosso-di-razzano-vino-rosso\/","title":{"rendered":"\u201cRosso di Razzano\u201d vino rosso 2022"},"content":{"rendered":"<p><img loading=\"lazy\" decoding=\"async\" class=\"alignnone size-medium wp-image-18094\" src=\"https:\/\/www.castellodirazzano.it\/wp-content\/uploads\/2025\/05\/ROSSO-DI-RAZZANO-300x134.png\" alt=\"\" width=\"300\" height=\"134\" srcset=\"https:\/\/www.castellodirazzano.it\/wp-content\/uploads\/2025\/05\/ROSSO-DI-RAZZANO-300x134.png 300w, https:\/\/www.castellodirazzano.it\/wp-content\/uploads\/2025\/05\/ROSSO-DI-RAZZANO.png 534w\" sizes=\"auto, (max-width: 300px) 100vw, 300px\" \/><\/p>\n<p>Flaschengr\u00f6\u00dfe: 75 cl.<\/p>\n<p>\u25b6\ufe0e<a href=\"https:\/\/www.castellodirazzano.it\/wp-content\/uploads\/2026\/02\/ROSSO-DI-RAZZANO-SITO.pdf\">\u00a0Technisches Datenblatt zum Wein<\/a><\/p>","protected":false},"excerpt":{"rendered":"<p>Rotwein &#8211; 15% vol<\/p>\n<p>Reifung: 2 Jahre in franz\u00f6sischen Eichenf\u00e4ssern<\/p>\n<p>Verf\u00fcgbarer Jahrgang: 2022<\/p>\n","protected":false},"featured_media":19665,"template":"","meta":{"_genesis_hide_title":false,"_genesis_hide_breadcrumbs":false,"_genesis_hide_singular_image":false,"_genesis_hide_footer_widgets":false,"_genesis_custom_body_class":"","_genesis_custom_post_class":"","_genesis_layout":""},"product_cat":[40],"product_tag":[86],"giftcard-category":[],"class_list":{"0":"post-18087","1":"product","2":"type-product","3":"status-publish","4":"has-post-thumbnail","6":"product_cat-vini-rossi","7":"product_tag-vino-rosso","8":"entry","10":"first","11":"instock","12":"shipping-taxable","13":"purchasable","14":"product-type-simple"},"yoast_head":"<!-- This site is optimized with the Yoast SEO plugin v26.4 - https:\/\/yoast.com\/wordpress\/plugins\/seo\/ -->\n<title>\u201cRosso di Razzano\u201d vino rosso 2022 - Castello di Razzano<\/title>\n<meta name=\"robots\" content=\"index, follow, max-snippet:-1, max-image-preview:large, max-video-preview:-1\" \/>\n<link rel=\"canonical\" href=\"https:\/\/www.castellodirazzano.it\/prodotto\/rosso-di-razzano-vino-rosso\/\" \/>\n<meta property=\"og:locale\" content=\"de_DE\" \/>\n<meta property=\"og:type\" content=\"article\" \/>\n<meta property=\"og:title\" content=\"\u201cRosso di Razzano\u201d vino rosso 2022 - Castello di Razzano\" \/>\n<meta property=\"og:description\" content=\"[:it]Vino rosso - 15% vol  Affinamento: 2 anni in barrique di rovere francese  Annata disponibile: 2022[:en]Red wine - 15% vol  Ageing: 2 years in French oak barrels  Vintage available: 2022[:de]Rotwein - 15% vol  Reifung: 2 Jahre in franz\u00f6sischen Eichenf\u00e4ssern  Verf\u00fcgbarer Jahrgang: 2022[:fr]Vin rouge - 15% vol  Vieillissement : 2 ans dans des barriques fran\u00e7aises en bois  Mill\u00e9sime disponible : 2022[:]\" \/>\n<meta property=\"og:url\" content=\"https:\/\/www.castellodirazzano.it\/prodotto\/rosso-di-razzano-vino-rosso\/\" \/>\n<meta property=\"og:site_name\" content=\"Castello di Razzano\" \/>\n<meta property=\"article:publisher\" content=\"https:\/\/www.facebook.com\/castellodirazzanomonferrato\/\" \/>\n<meta property=\"article:modified_time\" content=\"2026-02-10T14:48:09+00:00\" \/>\n<meta property=\"og:image\" content=\"https:\/\/www.castellodirazzano.it\/wp-content\/uploads\/2025\/05\/ROSSO-DI-RAZZANO.jpeg\" \/>\n\t<meta property=\"og:image:width\" content=\"928\" \/>\n\t<meta property=\"og:image:height\" content=\"1120\" \/>\n\t<meta property=\"og:image:type\" content=\"image\/jpeg\" \/>\n<meta name=\"twitter:card\" content=\"summary_large_image\" \/>\n<meta name=\"twitter:label1\" content=\"Gesch\u00e4tzte Lesezeit\" \/>\n\t<meta name=\"twitter:data1\" content=\"1\u00a0Minute\" \/>\n<script type=\"application\/ld+json\" class=\"yoast-schema-graph\">{\"@context\":\"https:\/\/schema.org\",\"@graph\":[{\"@type\":\"WebPage\",\"@id\":\"https:\/\/www.castellodirazzano.it\/prodotto\/rosso-di-razzano-vino-rosso\/\",\"url\":\"https:\/\/www.castellodirazzano.it\/prodotto\/rosso-di-razzano-vino-rosso\/\",\"name\":\"\u201cRosso di Razzano\u201d vino rosso 2022 - Castello di Razzano\",\"isPartOf\":{\"@id\":\"https:\/\/www.castellodirazzano.it\/en\/#website\"},\"primaryImageOfPage\":{\"@id\":\"https:\/\/www.castellodirazzano.it\/prodotto\/rosso-di-razzano-vino-rosso\/#primaryimage\"},\"image\":{\"@id\":\"https:\/\/www.castellodirazzano.it\/prodotto\/rosso-di-razzano-vino-rosso\/#primaryimage\"},\"thumbnailUrl\":\"https:\/\/www.castellodirazzano.it\/wp-content\/uploads\/2025\/05\/ROSSO-DI-RAZZANO.jpeg\",\"datePublished\":\"2025-05-20T09:33:55+00:00\",\"dateModified\":\"2026-02-10T14:48:09+00:00\",\"breadcrumb\":{\"@id\":\"https:\/\/www.castellodirazzano.it\/prodotto\/rosso-di-razzano-vino-rosso\/#breadcrumb\"},\"inLanguage\":\"de\",\"potentialAction\":[{\"@type\":\"ReadAction\",\"target\":[\"https:\/\/www.castellodirazzano.it\/prodotto\/rosso-di-razzano-vino-rosso\/\"]}]},{\"@type\":\"ImageObject\",\"inLanguage\":\"de\",\"@id\":\"https:\/\/www.castellodirazzano.it\/prodotto\/rosso-di-razzano-vino-rosso\/#primaryimage\",\"url\":\"https:\/\/www.castellodirazzano.it\/wp-content\/uploads\/2025\/05\/ROSSO-DI-RAZZANO.jpeg\",\"contentUrl\":\"https:\/\/www.castellodirazzano.it\/wp-content\/uploads\/2025\/05\/ROSSO-DI-RAZZANO.jpeg\",\"width\":928,\"height\":1120},{\"@type\":\"BreadcrumbList\",\"@id\":\"https:\/\/www.castellodirazzano.it\/prodotto\/rosso-di-razzano-vino-rosso\/#breadcrumb\",\"itemListElement\":[{\"@type\":\"ListItem\",\"position\":1,\"name\":\"Home\",\"item\":\"https:\/\/www.castellodirazzano.it\/\"},{\"@type\":\"ListItem\",\"position\":2,\"name\":\"Shop\",\"item\":\"https:\/\/www.castellodirazzano.it\/negozio\/\"},{\"@type\":\"ListItem\",\"position\":3,\"name\":\"\u201cRosso di Razzano\u201d vino rosso 2022\"}]},{\"@type\":\"WebSite\",\"@id\":\"https:\/\/www.castellodirazzano.it\/en\/#website\",\"url\":\"https:\/\/www.castellodirazzano.it\/en\/\",\"name\":\"Castello di Razzano\",\"description\":\"Cantine e Relais di Charme\",\"potentialAction\":[{\"@type\":\"SearchAction\",\"target\":{\"@type\":\"EntryPoint\",\"urlTemplate\":\"https:\/\/www.castellodirazzano.it\/en\/?s={search_term_string}\"},\"query-input\":{\"@type\":\"PropertyValueSpecification\",\"valueRequired\":true,\"valueName\":\"search_term_string\"}}],\"inLanguage\":\"de\"}]}<\/script>\n<!-- \/ Yoast SEO plugin. -->","yoast_head_json":{"title":"\u201cRosso di Razzano\u201d vino rosso 2022 - Castello di Razzano","robots":{"index":"index","follow":"follow","max-snippet":"max-snippet:-1","max-image-preview":"max-image-preview:large","max-video-preview":"max-video-preview:-1"},"canonical":"https:\/\/www.castellodirazzano.it\/prodotto\/rosso-di-razzano-vino-rosso\/","og_locale":"de_DE","og_type":"article","og_title":"\u201cRosso di Razzano\u201d vino rosso 2022 - Castello di Razzano","og_description":"[:it]Vino rosso - 15% vol  Affinamento: 2 anni in barrique di rovere francese  Annata disponibile: 2022[:en]Red wine - 15% vol  Ageing: 2 years in French oak barrels  Vintage available: 2022[:de]Rotwein - 15% vol  Reifung: 2 Jahre in franz\u00f6sischen Eichenf\u00e4ssern  Verf\u00fcgbarer Jahrgang: 2022[:fr]Vin rouge - 15% vol  Vieillissement : 2 ans dans des barriques fran\u00e7aises en bois  Mill\u00e9sime disponible : 2022[:]","og_url":"https:\/\/www.castellodirazzano.it\/prodotto\/rosso-di-razzano-vino-rosso\/","og_site_name":"Castello di Razzano","article_publisher":"https:\/\/www.facebook.com\/castellodirazzanomonferrato\/","article_modified_time":"2026-02-10T14:48:09+00:00","og_image":[{"width":928,"height":1120,"url":"https:\/\/www.castellodirazzano.it\/wp-content\/uploads\/2025\/05\/ROSSO-DI-RAZZANO.jpeg","type":"image\/jpeg"}],"twitter_card":"summary_large_image","twitter_misc":{"Gesch\u00e4tzte Lesezeit":"1\u00a0Minute"},"schema":{"@context":"https:\/\/schema.org","@graph":[{"@type":"WebPage","@id":"https:\/\/www.castellodirazzano.it\/prodotto\/rosso-di-razzano-vino-rosso\/","url":"https:\/\/www.castellodirazzano.it\/prodotto\/rosso-di-razzano-vino-rosso\/","name":"\u201cRosso di Razzano\u201d vino rosso 2022 - Castello di Razzano","isPartOf":{"@id":"https:\/\/www.castellodirazzano.it\/en\/#website"},"primaryImageOfPage":{"@id":"https:\/\/www.castellodirazzano.it\/prodotto\/rosso-di-razzano-vino-rosso\/#primaryimage"},"image":{"@id":"https:\/\/www.castellodirazzano.it\/prodotto\/rosso-di-razzano-vino-rosso\/#primaryimage"},"thumbnailUrl":"https:\/\/www.castellodirazzano.it\/wp-content\/uploads\/2025\/05\/ROSSO-DI-RAZZANO.jpeg","datePublished":"2025-05-20T09:33:55+00:00","dateModified":"2026-02-10T14:48:09+00:00","breadcrumb":{"@id":"https:\/\/www.castellodirazzano.it\/prodotto\/rosso-di-razzano-vino-rosso\/#breadcrumb"},"inLanguage":"de","potentialAction":[{"@type":"ReadAction","target":["https:\/\/www.castellodirazzano.it\/prodotto\/rosso-di-razzano-vino-rosso\/"]}]},{"@type":"ImageObject","inLanguage":"de","@id":"https:\/\/www.castellodirazzano.it\/prodotto\/rosso-di-razzano-vino-rosso\/#primaryimage","url":"https:\/\/www.castellodirazzano.it\/wp-content\/uploads\/2025\/05\/ROSSO-DI-RAZZANO.jpeg","contentUrl":"https:\/\/www.castellodirazzano.it\/wp-content\/uploads\/2025\/05\/ROSSO-DI-RAZZANO.jpeg","width":928,"height":1120},{"@type":"BreadcrumbList","@id":"https:\/\/www.castellodirazzano.it\/prodotto\/rosso-di-razzano-vino-rosso\/#breadcrumb","itemListElement":[{"@type":"ListItem","position":1,"name":"Home","item":"https:\/\/www.castellodirazzano.it\/"},{"@type":"ListItem","position":2,"name":"Shop","item":"https:\/\/www.castellodirazzano.it\/negozio\/"},{"@type":"ListItem","position":3,"name":"\u201cRosso di Razzano\u201d vino rosso 2022"}]},{"@type":"WebSite","@id":"https:\/\/www.castellodirazzano.it\/en\/#website","url":"https:\/\/www.castellodirazzano.it\/en\/","name":"Castello di Razzano","description":"Cantine e Relais di Charme","potentialAction":[{"@type":"SearchAction","target":{"@type":"EntryPoint","urlTemplate":"https:\/\/www.castellodirazzano.it\/en\/?s={search_term_string}"},"query-input":{"@type":"PropertyValueSpecification","valueRequired":true,"valueName":"search_term_string"}}],"inLanguage":"de"}]}},"_links":{"self":[{"href":"https:\/\/www.castellodirazzano.it\/de\/wp-json\/wp\/v2\/product\/18087","targetHints":{"allow":["GET"]}}],"collection":[{"href":"https:\/\/www.castellodirazzano.it\/de\/wp-json\/wp\/v2\/product"}],"about":[{"href":"https:\/\/www.castellodirazzano.it\/de\/wp-json\/wp\/v2\/types\/product"}],"wp:featuredmedia":[{"embeddable":true,"href":"https:\/\/www.castellodirazzano.it\/de\/wp-json\/wp\/v2\/media\/19665"}],"wp:attachment":[{"href":"https:\/\/www.castellodirazzano.it\/de\/wp-json\/wp\/v2\/media?parent=18087"}],"wp:term":[{"taxonomy":"product_cat","embeddable":true,"href":"https:\/\/www.castellodirazzano.it\/de\/wp-json\/wp\/v2\/product_cat?post=18087"},{"taxonomy":"product_tag","embeddable":true,"href":"https:\/\/www.castellodirazzano.it\/de\/wp-json\/wp\/v2\/product_tag?post=18087"},{"taxonomy":"giftcard-category","embeddable":true,"href":"https:\/\/www.castellodirazzano.it\/de\/wp-json\/wp\/v2\/giftcard-category?post=18087"}],"curies":[{"name":"wp","href":"https:\/\/api.w.org\/{rel}","templated":true}]}}