{"id":13744,"date":"2024-03-13T14:25:21","date_gmt":"2024-03-13T14:25:21","guid":{"rendered":"https:\/\/www.castellodirazzano.it\/?post_type=product&#038;p=13744"},"modified":"2024-06-13T12:50:49","modified_gmt":"2024-06-13T12:50:49","slug":"visita-alla-cantina-di-vinificazione-tenuta-ca-di-corte","status":"publish","type":"product","link":"https:\/\/www.castellodirazzano.it\/de\/prodotto\/visita-alla-cantina-di-vinificazione-tenuta-ca-di-corte\/","title":{"rendered":"Besuch im weinkeller &#8211; TENUTA CA&#8216; DI CORTE"},"content":{"rendered":"<p>Auf Anfrage und nach Verf\u00fcgbarkeit des Winzers ist es m\u00f6glich, die Tenuta C\u00e0 di Corte zu besuchen, wo die Phasen der Weinherstellung, Abf\u00fcllung und Lagerung stattfinden.<\/p>\n<p>F\u00fcr Reservierungen oder weitere Informationen z\u00f6gern Sie nicht, uns zu <a href=\"https:\/\/www.castellodirazzano.it\/de\/contatti\/\">kontaktieren<\/a>.<\/p>","protected":false},"excerpt":{"rendered":"<p>Auf Anfrage und nach Verf\u00fcgbarkeit des Winzers ist es m\u00f6glich, die Tenuta C\u00e0 di Corte zu besuchen, wo die Phasen der Weinherstellung, Abf\u00fcllung und Lagerung stattfinden. F\u00fcr Reservierungen oder weitere Informationen z\u00f6gern Sie nicht, uns zu kontaktieren.<\/p>\n","protected":false},"featured_media":13749,"template":"","meta":{"_genesis_hide_title":false,"_genesis_hide_breadcrumbs":false,"_genesis_hide_singular_image":false,"_genesis_hide_footer_widgets":false,"_genesis_custom_body_class":"","_genesis_custom_post_class":"","_genesis_layout":""},"product_cat":[66],"product_tag":[],"giftcard-category":[],"class_list":{"0":"post-13744","1":"product","2":"type-product","3":"status-publish","4":"has-post-thumbnail","6":"product_cat-visite-e-degustazioni","7":"entry","9":"first","10":"instock","11":"virtual","12":"sold-individually","13":"purchasable","14":"product-type-booking"},"yoast_head":"<!-- This site is optimized with the Yoast SEO plugin v26.4 - https:\/\/yoast.com\/wordpress\/plugins\/seo\/ -->\n<title>Besuch im weinkeller - TENUTA CA&#039; DI CORTE - Castello di Razzano<\/title>\n<meta name=\"robots\" content=\"index, follow, max-snippet:-1, max-image-preview:large, max-video-preview:-1\" \/>\n<link rel=\"canonical\" href=\"https:\/\/www.castellodirazzano.it\/prodotto\/visita-alla-cantina-di-vinificazione-tenuta-ca-di-corte\/\" \/>\n<meta property=\"og:locale\" content=\"de_DE\" \/>\n<meta property=\"og:type\" content=\"article\" \/>\n<meta property=\"og:title\" content=\"Besuch im weinkeller - TENUTA CA&#039; DI CORTE - Castello di Razzano\" \/>\n<meta property=\"og:description\" content=\"Auf Anfrage und nach Verf\u00fcgbarkeit des Winzers ist es m\u00f6glich, die Tenuta C\u00e0 di Corte zu besuchen, wo die Phasen der Weinherstellung, Abf\u00fcllung und Lagerung stattfinden. F\u00fcr Reservierungen oder weitere Informationen z\u00f6gern Sie nicht, uns zu kontaktieren.\" \/>\n<meta property=\"og:url\" content=\"https:\/\/www.castellodirazzano.it\/prodotto\/visita-alla-cantina-di-vinificazione-tenuta-ca-di-corte\/\" \/>\n<meta property=\"og:site_name\" content=\"Castello di Razzano\" \/>\n<meta property=\"article:publisher\" content=\"https:\/\/www.facebook.com\/castellodirazzanomonferrato\/\" \/>\n<meta property=\"article:modified_time\" content=\"2024-06-13T12:50:49+00:00\" \/>\n<meta property=\"og:image\" content=\"https:\/\/www.castellodirazzano.it\/wp-content\/uploads\/2024\/03\/IMG_8563_inPixio-scaled.jpg\" \/>\n\t<meta property=\"og:image:width\" content=\"2560\" \/>\n\t<meta property=\"og:image:height\" content=\"1707\" \/>\n\t<meta property=\"og:image:type\" content=\"image\/jpeg\" \/>\n<meta name=\"twitter:card\" content=\"summary_large_image\" \/>\n<meta name=\"twitter:label1\" content=\"Gesch\u00e4tzte Lesezeit\" \/>\n\t<meta name=\"twitter:data1\" content=\"1\u00a0Minute\" \/>\n<script type=\"application\/ld+json\" class=\"yoast-schema-graph\">{\"@context\":\"https:\/\/schema.org\",\"@graph\":[{\"@type\":\"WebPage\",\"@id\":\"https:\/\/www.castellodirazzano.it\/prodotto\/visita-alla-cantina-di-vinificazione-tenuta-ca-di-corte\/\",\"url\":\"https:\/\/www.castellodirazzano.it\/prodotto\/visita-alla-cantina-di-vinificazione-tenuta-ca-di-corte\/\",\"name\":\"Besuch im weinkeller - TENUTA CA' DI CORTE - Castello di Razzano\",\"isPartOf\":{\"@id\":\"https:\/\/www.castellodirazzano.it\/en\/#website\"},\"primaryImageOfPage\":{\"@id\":\"https:\/\/www.castellodirazzano.it\/prodotto\/visita-alla-cantina-di-vinificazione-tenuta-ca-di-corte\/#primaryimage\"},\"image\":{\"@id\":\"https:\/\/www.castellodirazzano.it\/prodotto\/visita-alla-cantina-di-vinificazione-tenuta-ca-di-corte\/#primaryimage\"},\"thumbnailUrl\":\"https:\/\/www.castellodirazzano.it\/wp-content\/uploads\/2024\/03\/IMG_8563_inPixio-scaled.jpg\",\"datePublished\":\"2024-03-13T14:25:21+00:00\",\"dateModified\":\"2024-06-13T12:50:49+00:00\",\"breadcrumb\":{\"@id\":\"https:\/\/www.castellodirazzano.it\/prodotto\/visita-alla-cantina-di-vinificazione-tenuta-ca-di-corte\/#breadcrumb\"},\"inLanguage\":\"de\",\"potentialAction\":[{\"@type\":\"ReadAction\",\"target\":[\"https:\/\/www.castellodirazzano.it\/prodotto\/visita-alla-cantina-di-vinificazione-tenuta-ca-di-corte\/\"]}]},{\"@type\":\"ImageObject\",\"inLanguage\":\"de\",\"@id\":\"https:\/\/www.castellodirazzano.it\/prodotto\/visita-alla-cantina-di-vinificazione-tenuta-ca-di-corte\/#primaryimage\",\"url\":\"https:\/\/www.castellodirazzano.it\/wp-content\/uploads\/2024\/03\/IMG_8563_inPixio-scaled.jpg\",\"contentUrl\":\"https:\/\/www.castellodirazzano.it\/wp-content\/uploads\/2024\/03\/IMG_8563_inPixio-scaled.jpg\",\"width\":2560,\"height\":1707},{\"@type\":\"BreadcrumbList\",\"@id\":\"https:\/\/www.castellodirazzano.it\/prodotto\/visita-alla-cantina-di-vinificazione-tenuta-ca-di-corte\/#breadcrumb\",\"itemListElement\":[{\"@type\":\"ListItem\",\"position\":1,\"name\":\"Home\",\"item\":\"https:\/\/www.castellodirazzano.it\/\"},{\"@type\":\"ListItem\",\"position\":2,\"name\":\"Shop\",\"item\":\"https:\/\/www.castellodirazzano.it\/negozio\/\"},{\"@type\":\"ListItem\",\"position\":3,\"name\":\"Visita alla cantina di vinificazione &#8211; TENUTA CA&#8217; DI CORTE\"}]},{\"@type\":\"WebSite\",\"@id\":\"https:\/\/www.castellodirazzano.it\/en\/#website\",\"url\":\"https:\/\/www.castellodirazzano.it\/en\/\",\"name\":\"Castello di Razzano\",\"description\":\"Cantine e Relais di Charme\",\"potentialAction\":[{\"@type\":\"SearchAction\",\"target\":{\"@type\":\"EntryPoint\",\"urlTemplate\":\"https:\/\/www.castellodirazzano.it\/en\/?s={search_term_string}\"},\"query-input\":{\"@type\":\"PropertyValueSpecification\",\"valueRequired\":true,\"valueName\":\"search_term_string\"}}],\"inLanguage\":\"de\"}]}<\/script>\n<!-- \/ Yoast SEO plugin. -->","yoast_head_json":{"title":"Besuch im weinkeller - TENUTA CA' DI CORTE - Castello di Razzano","robots":{"index":"index","follow":"follow","max-snippet":"max-snippet:-1","max-image-preview":"max-image-preview:large","max-video-preview":"max-video-preview:-1"},"canonical":"https:\/\/www.castellodirazzano.it\/prodotto\/visita-alla-cantina-di-vinificazione-tenuta-ca-di-corte\/","og_locale":"de_DE","og_type":"article","og_title":"Besuch im weinkeller - TENUTA CA' DI CORTE - Castello di Razzano","og_description":"Auf Anfrage und nach Verf\u00fcgbarkeit des Winzers ist es m\u00f6glich, die Tenuta C\u00e0 di Corte zu besuchen, wo die Phasen der Weinherstellung, Abf\u00fcllung und Lagerung stattfinden. F\u00fcr Reservierungen oder weitere Informationen z\u00f6gern Sie nicht, uns zu kontaktieren.","og_url":"https:\/\/www.castellodirazzano.it\/prodotto\/visita-alla-cantina-di-vinificazione-tenuta-ca-di-corte\/","og_site_name":"Castello di Razzano","article_publisher":"https:\/\/www.facebook.com\/castellodirazzanomonferrato\/","article_modified_time":"2024-06-13T12:50:49+00:00","og_image":[{"width":2560,"height":1707,"url":"https:\/\/www.castellodirazzano.it\/wp-content\/uploads\/2024\/03\/IMG_8563_inPixio-scaled.jpg","type":"image\/jpeg"}],"twitter_card":"summary_large_image","twitter_misc":{"Gesch\u00e4tzte Lesezeit":"1\u00a0Minute"},"schema":{"@context":"https:\/\/schema.org","@graph":[{"@type":"WebPage","@id":"https:\/\/www.castellodirazzano.it\/prodotto\/visita-alla-cantina-di-vinificazione-tenuta-ca-di-corte\/","url":"https:\/\/www.castellodirazzano.it\/prodotto\/visita-alla-cantina-di-vinificazione-tenuta-ca-di-corte\/","name":"Besuch im weinkeller - TENUTA CA' DI CORTE - Castello di Razzano","isPartOf":{"@id":"https:\/\/www.castellodirazzano.it\/en\/#website"},"primaryImageOfPage":{"@id":"https:\/\/www.castellodirazzano.it\/prodotto\/visita-alla-cantina-di-vinificazione-tenuta-ca-di-corte\/#primaryimage"},"image":{"@id":"https:\/\/www.castellodirazzano.it\/prodotto\/visita-alla-cantina-di-vinificazione-tenuta-ca-di-corte\/#primaryimage"},"thumbnailUrl":"https:\/\/www.castellodirazzano.it\/wp-content\/uploads\/2024\/03\/IMG_8563_inPixio-scaled.jpg","datePublished":"2024-03-13T14:25:21+00:00","dateModified":"2024-06-13T12:50:49+00:00","breadcrumb":{"@id":"https:\/\/www.castellodirazzano.it\/prodotto\/visita-alla-cantina-di-vinificazione-tenuta-ca-di-corte\/#breadcrumb"},"inLanguage":"de","potentialAction":[{"@type":"ReadAction","target":["https:\/\/www.castellodirazzano.it\/prodotto\/visita-alla-cantina-di-vinificazione-tenuta-ca-di-corte\/"]}]},{"@type":"ImageObject","inLanguage":"de","@id":"https:\/\/www.castellodirazzano.it\/prodotto\/visita-alla-cantina-di-vinificazione-tenuta-ca-di-corte\/#primaryimage","url":"https:\/\/www.castellodirazzano.it\/wp-content\/uploads\/2024\/03\/IMG_8563_inPixio-scaled.jpg","contentUrl":"https:\/\/www.castellodirazzano.it\/wp-content\/uploads\/2024\/03\/IMG_8563_inPixio-scaled.jpg","width":2560,"height":1707},{"@type":"BreadcrumbList","@id":"https:\/\/www.castellodirazzano.it\/prodotto\/visita-alla-cantina-di-vinificazione-tenuta-ca-di-corte\/#breadcrumb","itemListElement":[{"@type":"ListItem","position":1,"name":"Home","item":"https:\/\/www.castellodirazzano.it\/"},{"@type":"ListItem","position":2,"name":"Shop","item":"https:\/\/www.castellodirazzano.it\/negozio\/"},{"@type":"ListItem","position":3,"name":"Visita alla cantina di vinificazione &#8211; TENUTA CA&#8217; DI CORTE"}]},{"@type":"WebSite","@id":"https:\/\/www.castellodirazzano.it\/en\/#website","url":"https:\/\/www.castellodirazzano.it\/en\/","name":"Castello di Razzano","description":"Cantine e Relais di Charme","potentialAction":[{"@type":"SearchAction","target":{"@type":"EntryPoint","urlTemplate":"https:\/\/www.castellodirazzano.it\/en\/?s={search_term_string}"},"query-input":{"@type":"PropertyValueSpecification","valueRequired":true,"valueName":"search_term_string"}}],"inLanguage":"de"}]}},"_links":{"self":[{"href":"https:\/\/www.castellodirazzano.it\/de\/wp-json\/wp\/v2\/product\/13744","targetHints":{"allow":["GET"]}}],"collection":[{"href":"https:\/\/www.castellodirazzano.it\/de\/wp-json\/wp\/v2\/product"}],"about":[{"href":"https:\/\/www.castellodirazzano.it\/de\/wp-json\/wp\/v2\/types\/product"}],"wp:featuredmedia":[{"embeddable":true,"href":"https:\/\/www.castellodirazzano.it\/de\/wp-json\/wp\/v2\/media\/13749"}],"wp:attachment":[{"href":"https:\/\/www.castellodirazzano.it\/de\/wp-json\/wp\/v2\/media?parent=13744"}],"wp:term":[{"taxonomy":"product_cat","embeddable":true,"href":"https:\/\/www.castellodirazzano.it\/de\/wp-json\/wp\/v2\/product_cat?post=13744"},{"taxonomy":"product_tag","embeddable":true,"href":"https:\/\/www.castellodirazzano.it\/de\/wp-json\/wp\/v2\/product_tag?post=13744"},{"taxonomy":"giftcard-category","embeddable":true,"href":"https:\/\/www.castellodirazzano.it\/de\/wp-json\/wp\/v2\/giftcard-category?post=13744"}],"curies":[{"name":"wp","href":"https:\/\/api.w.org\/{rel}","templated":true}]}}