{"id":32,"date":"2017-01-23T14:25:48","date_gmt":"2017-01-23T14:25:48","guid":{"rendered":"http:\/\/demo.castellodirazzano.artband.net\/?page_id=32"},"modified":"2017-06-02T09:07:34","modified_gmt":"2017-06-02T09:07:34","slug":"la-famiglia","status":"publish","type":"page","link":"https:\/\/www.castellodirazzano.it\/de\/la-famiglia\/","title":{"rendered":"Die Familie"},"content":{"rendered":"<p><\/p>\n<div class=\"central\">\n<h4>GENERATIONEN IM MONFERRATO<\/h4>\n<h1>Die Familie und das Schloss<\/h1>\n<p><img decoding=\"async\" class=\"alignright\" src=\"http:\/\/castellodirazzano.it\/wp-content\/uploads\/2017\/02\/Olearo-Ernesto.jpg\" \/><\/p>\n<p>&nbsp;<br \/>\nDer Betrieb beginnt Anfang des 20. Jahrhunderts mit dem Urgro\u00dfvater Ernesto Olearo und seiner Frau Clementina Razzano, die den ersten kleinen Weinkeller im Ortsteil Casarello der Ortschaft Alfiano Natta bauen und mit einigen Hektar Weinbergen die Weinproduktion beginnen.<\/p>\n<hr \/>\n<p><img decoding=\"async\" class=\"alignright\" src=\"http:\/\/castellodirazzano.it\/wp-content\/uploads\/2017\/02\/Olearo-giuseppe-eugenio.jpg\" \/><br \/>\nIn den 1940er Jahren war der Sohn Giuseppe Eugenio, genannt Genio, an der Reihe, ein Mensch mit gro\u00dfer Intuition und Weitsicht, der mit viel Mut den Betrieb in Produktion und<br \/>\nHandel ausweitete. Zuerst kaufte er noch Trauben an, dann legte er allm\u00e4hlich eigene Weinberge an, nachdem er mehrere Weingu\u0308ter gekauft hatte, darunter im Jahr 1968 das Castello di Razzano der Familie Caligaris, die eine gewisse Bedeutung im italienischen Leben und in der Politik hatte.<\/p>\n<hr \/>\n<p><img decoding=\"async\" class=\"alignright\" src=\"http:\/\/castellodirazzano.it\/wp-content\/uploads\/2017\/02\/Olearo-valentino-caligaris-.jpg\" \/><br \/>\nDer Anwalt Valentino Caligaris, der das Schloss und das Landgut von seinem Onkel, dem General Eugenio Caligaris geerbt hatte, war nach dem Zweiten Weltkrieg 1946 der erste Generalstaatsanwalt der neugegru\u0308ndeten Republik; der Sohn, General Luigi Caligaris ist ein wichtiger Milit\u00e4rstrategieexperte und auf internationaler Ebene sehr bekannt.<\/p>\n<hr \/>\n<p><img decoding=\"async\" class=\"alignright\" src=\"http:\/\/castellodirazzano.it\/wp-content\/uploads\/2017\/02\/Castello-di-Razzano-Rita-e-Augusto-Olearo.jpg\" width=\"200\" \/><br \/>\nIn den 1980er Jahren tritt Augusto Olearo in den Betrieb ein: Nach dem Besuch der Weinbauschule in Alba beginnt er eine gro\u00dfe Umwandlung und Erneuerung, indem er neue Technologien im Weinkeller einsetzt, die es erm\u00f6glichen, sich mit neuen Produkten von immer besserer Qualit\u00e4t und Integrit\u00e4t auf den M\u00e4rkten zu pr\u00e4sentieren.<\/p>\n<hr \/>\n<p><img decoding=\"async\" class=\"wp-image-451 alignright\" src=\"http:\/\/castellodirazzano.it\/wp-content\/uploads\/2017\/01\/Castello-di-Razzano-famiglia-Olearo.jpg\" alt=\"\" width=\"200\" srcset=\"https:\/\/www.castellodirazzano.it\/wp-content\/uploads\/2017\/01\/Castello-di-Razzano-famiglia-Olearo.jpg 553w, https:\/\/www.castellodirazzano.it\/wp-content\/uploads\/2017\/01\/Castello-di-Razzano-famiglia-Olearo-300x246.jpg 300w\" sizes=\"(max-width: 553px) 100vw, 553px\" \/>Weitere Grundstu\u0308cke werden gekauft und die Weinberge ausgedehnt, bis 2006 die S\u00f6hne in den Betrieb eintreten: Federico, ein \u00d6nologe, der auf dieselbe Schule wie der Vater ging, und<br \/>\nRiccardo, der die Verwaltungsschule besuchte. Ein umfassendes Renovierungsprogramm fu\u0308r das Schloss beginnt und fu\u0308hrt den Betrieb auch in eine touristische Richtung mit dem<br \/>\nheutigen Relais di Charme, einem exklusiven Reiseziel fu\u0308r eine internationale Kundschaft, die neugierig auf die faszinierende \u00d6rtlichkeit, auf die im Schloss produzierten Weine und auf das Gebiet des Monferrato ist..<\/p>\n<\/div>\n<p><\/p>","protected":false},"excerpt":{"rendered":"<p>GENERATIONEN IM MONFERRATO Die Familie und das Schloss &nbsp; Der Betrieb beginnt Anfang des 20. Jahrhunderts mit dem Urgro\u00dfvater Ernesto Olearo und seiner Frau Clementina Razzano, die den ersten kleinen Weinkeller im Ortsteil Casarello der Ortschaft Alfiano Natta bauen und mit einigen Hektar Weinbergen die Weinproduktion beginnen. In den 1940er Jahren war der Sohn Giuseppe [&hellip;]<\/p>\n","protected":false},"author":1,"featured_media":0,"parent":0,"menu_order":0,"comment_status":"closed","ping_status":"closed","template":"","meta":{"_genesis_hide_title":false,"_genesis_hide_breadcrumbs":false,"_genesis_hide_singular_image":false,"_genesis_hide_footer_widgets":false,"_genesis_custom_body_class":"","_genesis_custom_post_class":"","_genesis_layout":"","footnotes":""},"class_list":{"0":"post-32","1":"page","2":"type-page","3":"status-publish","5":"entry","6":"has-post-thumbnail"},"yoast_head":"<!-- This site is optimized with the Yoast SEO plugin v26.4 - https:\/\/yoast.com\/wordpress\/plugins\/seo\/ -->\n<title>Die Familie - Castello di Razzano<\/title>\n<meta name=\"description\" content=\"Nei primi del \u2019900 dal bisnonno Ernesto Olearo e moglie Clementina Razzano costruirono la prima cantina di piccole dimensioni in localit\u00e0 Casarello\" \/>\n<meta name=\"robots\" content=\"index, follow, max-snippet:-1, max-image-preview:large, max-video-preview:-1\" \/>\n<link rel=\"canonical\" href=\"https:\/\/www.castellodirazzano.it\/la-famiglia\/\" \/>\n<meta property=\"og:locale\" content=\"de_DE\" \/>\n<meta property=\"og:type\" content=\"article\" \/>\n<meta property=\"og:title\" content=\"Die Familie - Castello di Razzano\" \/>\n<meta property=\"og:description\" content=\"Nei primi del \u2019900 dal bisnonno Ernesto Olearo e moglie Clementina Razzano costruirono la prima cantina di piccole dimensioni in localit\u00e0 Casarello\" \/>\n<meta property=\"og:url\" content=\"https:\/\/www.castellodirazzano.it\/la-famiglia\/\" \/>\n<meta property=\"og:site_name\" content=\"Castello di Razzano\" \/>\n<meta property=\"article:publisher\" content=\"https:\/\/www.facebook.com\/castellodirazzanomonferrato\/\" \/>\n<meta property=\"article:modified_time\" content=\"2017-06-02T09:07:34+00:00\" \/>\n<meta property=\"og:image\" content=\"http:\/\/castellodirazzano.it\/wp-content\/uploads\/2017\/02\/Olearo-Ernesto.jpg\" \/>\n<meta name=\"twitter:card\" content=\"summary_large_image\" \/>\n<meta name=\"twitter:label1\" content=\"Gesch\u00e4tzte Lesezeit\" \/>\n\t<meta name=\"twitter:data1\" content=\"6\u00a0Minuten\" \/>\n<script type=\"application\/ld+json\" class=\"yoast-schema-graph\">{\"@context\":\"https:\/\/schema.org\",\"@graph\":[{\"@type\":\"WebPage\",\"@id\":\"https:\/\/www.castellodirazzano.it\/la-famiglia\/\",\"url\":\"https:\/\/www.castellodirazzano.it\/la-famiglia\/\",\"name\":\"Die Familie - Castello di Razzano\",\"isPartOf\":{\"@id\":\"https:\/\/www.castellodirazzano.it\/en\/#website\"},\"primaryImageOfPage\":{\"@id\":\"https:\/\/www.castellodirazzano.it\/la-famiglia\/#primaryimage\"},\"image\":{\"@id\":\"https:\/\/www.castellodirazzano.it\/la-famiglia\/#primaryimage\"},\"thumbnailUrl\":\"http:\/\/castellodirazzano.it\/wp-content\/uploads\/2017\/02\/Olearo-Ernesto.jpg\",\"datePublished\":\"2017-01-23T14:25:48+00:00\",\"dateModified\":\"2017-06-02T09:07:34+00:00\",\"description\":\"Nei primi del \u2019900 dal bisnonno Ernesto Olearo e moglie Clementina Razzano costruirono la prima cantina di piccole dimensioni in localit\u00e0 Casarello\",\"breadcrumb\":{\"@id\":\"https:\/\/www.castellodirazzano.it\/la-famiglia\/#breadcrumb\"},\"inLanguage\":\"de\",\"potentialAction\":[{\"@type\":\"ReadAction\",\"target\":[\"https:\/\/www.castellodirazzano.it\/la-famiglia\/\"]}]},{\"@type\":\"ImageObject\",\"inLanguage\":\"de\",\"@id\":\"https:\/\/www.castellodirazzano.it\/la-famiglia\/#primaryimage\",\"url\":\"http:\/\/castellodirazzano.it\/wp-content\/uploads\/2017\/02\/Olearo-Ernesto.jpg\",\"contentUrl\":\"http:\/\/castellodirazzano.it\/wp-content\/uploads\/2017\/02\/Olearo-Ernesto.jpg\"},{\"@type\":\"BreadcrumbList\",\"@id\":\"https:\/\/www.castellodirazzano.it\/la-famiglia\/#breadcrumb\",\"itemListElement\":[{\"@type\":\"ListItem\",\"position\":1,\"name\":\"Home\",\"item\":\"https:\/\/www.castellodirazzano.it\/\"},{\"@type\":\"ListItem\",\"position\":2,\"name\":\"La Famiglia\"}]},{\"@type\":\"WebSite\",\"@id\":\"https:\/\/www.castellodirazzano.it\/en\/#website\",\"url\":\"https:\/\/www.castellodirazzano.it\/en\/\",\"name\":\"Castello di Razzano\",\"description\":\"Cantine e Relais di Charme\",\"potentialAction\":[{\"@type\":\"SearchAction\",\"target\":{\"@type\":\"EntryPoint\",\"urlTemplate\":\"https:\/\/www.castellodirazzano.it\/en\/?s={search_term_string}\"},\"query-input\":{\"@type\":\"PropertyValueSpecification\",\"valueRequired\":true,\"valueName\":\"search_term_string\"}}],\"inLanguage\":\"de\"}]}<\/script>\n<!-- \/ Yoast SEO plugin. -->","yoast_head_json":{"title":"Die Familie - Castello di Razzano","description":"Nei primi del \u2019900 dal bisnonno Ernesto Olearo e moglie Clementina Razzano costruirono la prima cantina di piccole dimensioni in localit\u00e0 Casarello","robots":{"index":"index","follow":"follow","max-snippet":"max-snippet:-1","max-image-preview":"max-image-preview:large","max-video-preview":"max-video-preview:-1"},"canonical":"https:\/\/www.castellodirazzano.it\/la-famiglia\/","og_locale":"de_DE","og_type":"article","og_title":"Die Familie - Castello di Razzano","og_description":"Nei primi del \u2019900 dal bisnonno Ernesto Olearo e moglie Clementina Razzano costruirono la prima cantina di piccole dimensioni in localit\u00e0 Casarello","og_url":"https:\/\/www.castellodirazzano.it\/la-famiglia\/","og_site_name":"Castello di Razzano","article_publisher":"https:\/\/www.facebook.com\/castellodirazzanomonferrato\/","article_modified_time":"2017-06-02T09:07:34+00:00","og_image":[{"url":"http:\/\/castellodirazzano.it\/wp-content\/uploads\/2017\/02\/Olearo-Ernesto.jpg","type":"","width":"","height":""}],"twitter_card":"summary_large_image","twitter_misc":{"Gesch\u00e4tzte Lesezeit":"6\u00a0Minuten"},"schema":{"@context":"https:\/\/schema.org","@graph":[{"@type":"WebPage","@id":"https:\/\/www.castellodirazzano.it\/la-famiglia\/","url":"https:\/\/www.castellodirazzano.it\/la-famiglia\/","name":"Die Familie - Castello di Razzano","isPartOf":{"@id":"https:\/\/www.castellodirazzano.it\/en\/#website"},"primaryImageOfPage":{"@id":"https:\/\/www.castellodirazzano.it\/la-famiglia\/#primaryimage"},"image":{"@id":"https:\/\/www.castellodirazzano.it\/la-famiglia\/#primaryimage"},"thumbnailUrl":"http:\/\/castellodirazzano.it\/wp-content\/uploads\/2017\/02\/Olearo-Ernesto.jpg","datePublished":"2017-01-23T14:25:48+00:00","dateModified":"2017-06-02T09:07:34+00:00","description":"Nei primi del \u2019900 dal bisnonno Ernesto Olearo e moglie Clementina Razzano costruirono la prima cantina di piccole dimensioni in localit\u00e0 Casarello","breadcrumb":{"@id":"https:\/\/www.castellodirazzano.it\/la-famiglia\/#breadcrumb"},"inLanguage":"de","potentialAction":[{"@type":"ReadAction","target":["https:\/\/www.castellodirazzano.it\/la-famiglia\/"]}]},{"@type":"ImageObject","inLanguage":"de","@id":"https:\/\/www.castellodirazzano.it\/la-famiglia\/#primaryimage","url":"http:\/\/castellodirazzano.it\/wp-content\/uploads\/2017\/02\/Olearo-Ernesto.jpg","contentUrl":"http:\/\/castellodirazzano.it\/wp-content\/uploads\/2017\/02\/Olearo-Ernesto.jpg"},{"@type":"BreadcrumbList","@id":"https:\/\/www.castellodirazzano.it\/la-famiglia\/#breadcrumb","itemListElement":[{"@type":"ListItem","position":1,"name":"Home","item":"https:\/\/www.castellodirazzano.it\/"},{"@type":"ListItem","position":2,"name":"La Famiglia"}]},{"@type":"WebSite","@id":"https:\/\/www.castellodirazzano.it\/en\/#website","url":"https:\/\/www.castellodirazzano.it\/en\/","name":"Castello di Razzano","description":"Cantine e Relais di Charme","potentialAction":[{"@type":"SearchAction","target":{"@type":"EntryPoint","urlTemplate":"https:\/\/www.castellodirazzano.it\/en\/?s={search_term_string}"},"query-input":{"@type":"PropertyValueSpecification","valueRequired":true,"valueName":"search_term_string"}}],"inLanguage":"de"}]}},"_links":{"self":[{"href":"https:\/\/www.castellodirazzano.it\/de\/wp-json\/wp\/v2\/pages\/32","targetHints":{"allow":["GET"]}}],"collection":[{"href":"https:\/\/www.castellodirazzano.it\/de\/wp-json\/wp\/v2\/pages"}],"about":[{"href":"https:\/\/www.castellodirazzano.it\/de\/wp-json\/wp\/v2\/types\/page"}],"author":[{"embeddable":true,"href":"https:\/\/www.castellodirazzano.it\/de\/wp-json\/wp\/v2\/users\/1"}],"replies":[{"embeddable":true,"href":"https:\/\/www.castellodirazzano.it\/de\/wp-json\/wp\/v2\/comments?post=32"}],"version-history":[{"count":62,"href":"https:\/\/www.castellodirazzano.it\/de\/wp-json\/wp\/v2\/pages\/32\/revisions"}],"predecessor-version":[{"id":1100,"href":"https:\/\/www.castellodirazzano.it\/de\/wp-json\/wp\/v2\/pages\/32\/revisions\/1100"}],"wp:attachment":[{"href":"https:\/\/www.castellodirazzano.it\/de\/wp-json\/wp\/v2\/media?parent=32"}],"curies":[{"name":"wp","href":"https:\/\/api.w.org\/{rel}","templated":true}]}}