{"id":17463,"date":"2025-03-24T08:54:48","date_gmt":"2025-03-24T08:54:48","guid":{"rendered":"https:\/\/www.castellodirazzano.it\/?page_id=17463"},"modified":"2025-03-24T10:01:41","modified_gmt":"2025-03-24T10:01:41","slug":"wine-club","status":"publish","type":"page","link":"https:\/\/www.castellodirazzano.it\/de\/cantina\/wine-club\/","title":{"rendered":"WINE CLUB"},"content":{"rendered":"<p>&nbsp;<\/p>\n<div class=\"group\">\n<div class=\"right\"><img decoding=\"async\" class=\"aligncenter\" src=\"https:\/\/www.castellodirazzano.it\/wp-content\/uploads\/2018\/09\/IMG_9739opt.jpg\" \/><\/div>\n<div class=\"left\">\n<h3>Razzano Wine Club<\/h3>\n<p>Treten Sie dem <strong>Razzano Wine Club<\/strong> bei und profitieren Sie von exklusiven Vorteilen und Angeboten, die nur Mitgliedern vorbehalten sind. Die Registrierung ist v\u00f6llig kostenlos.<\/p>\n<p>Die Familie Olearo wird Sie \u00fcber den <strong>Razzano Wine Club<\/strong> \u00fcber die Neuigkeiten und Aktivit\u00e4ten unseres Weinguts auf dem Laufenden halten und Ihnen \u00fcber den Newsletter regelm\u00e4\u00dfig Sonderangebote f\u00fcr ausgew\u00e4hlte Produkte zusenden.<\/p>\n<p>Durch die Mitgliedschaft im <strong>Razzano Wine Club<\/strong> k\u00f6nnen Sie auch exklusiv an unseren \u201eWeinerlebnissen\u201c teilnehmen, Tagen, die im Castello di Razzano organisiert werden, um unsere Produkte zu bewerben und die neuen Jahrg\u00e4nge vorzustellen.<\/p>\n<p>Worauf warten Sie noch? Melden Sie sich an, indem Sie das folgende Formular ausf\u00fcllen!<\/p>\n<p>&nbsp;<\/p>\n<p><strong>Anmeldeformular f\u00fcr den Razzano Wine Club<\/strong><\/p>\n<\/div>\n<\/div>\n<p><script>(function() {\n\twindow.mc4wp = window.mc4wp || {\n\t\tlisteners: [],\n\t\tforms: {\n\t\t\ton: function(evt, cb) {\n\t\t\t\twindow.mc4wp.listeners.push(\n\t\t\t\t\t{\n\t\t\t\t\t\tevent   : evt,\n\t\t\t\t\t\tcallback: cb\n\t\t\t\t\t}\n\t\t\t\t);\n\t\t\t}\n\t\t}\n\t}\n})();\n<\/script><!-- Mailchimp for WordPress v4.10.9 - https:\/\/wordpress.org\/plugins\/mailchimp-for-wp\/ --><form id=\"mc4wp-form-3\" class=\"mc4wp-form mc4wp-form-17519\" method=\"post\" data-id=\"17519\" data-name=\"RWC\" ><div class=\"mc4wp-form-fields\"><p>\r\n    <label>Nome<\/label>\r\n    <input type=\"text\" name=\"FNAME\" required=\"\">\r\n<\/p>\r\n<p>\r\n\t<label for=\"email\">Indirizzo email: \r\n\t\t<input type=\"email\" id=\"email\" name=\"EMAIL\" placeholder=\"Il tuo indirizzo email\" required>\r\n<\/label>\r\n<\/p>\r\n\r\n<p>\r\n    <label>\r\n        <input type=\"checkbox\" name=\"AGREE_TO_TERMS\" value=\"1\" required=\"\"> <a href=\"https:\/\/www.castellodirazzano.it\/privacy-policy\/\" target=\"_blank\">Ho letto e accetto i termini e le condizioni<\/a>\r\n    <\/label>\r\n<\/p>\r\n\r\n<p>\r\n\t<input type=\"submit\" value=\"Iscriviti\">\r\n<\/p>\r\n<\/div><label style=\"display: none !important;\">Wenn du ein Mensch bist, lasse das Feld leer: <input type=\"text\" name=\"_mc4wp_honeypot\" value=\"\" tabindex=\"-1\" autocomplete=\"off\" \/><\/label><input type=\"hidden\" name=\"_mc4wp_timestamp\" value=\"1778704109\" \/><input type=\"hidden\" name=\"_mc4wp_form_id\" value=\"17519\" \/><input type=\"hidden\" name=\"_mc4wp_form_element_id\" value=\"mc4wp-form-3\" \/><div class=\"mc4wp-response\"><\/div><\/form><!-- \/ Mailchimp for WordPress Plugin --><\/p>","protected":false},"excerpt":{"rendered":"<p>&nbsp; Razzano Wine Club Treten Sie dem Razzano Wine Club bei und profitieren Sie von exklusiven Vorteilen und Angeboten, die nur Mitgliedern vorbehalten sind. Die Registrierung ist v\u00f6llig kostenlos. Die Familie Olearo wird Sie \u00fcber den Razzano Wine Club \u00fcber die Neuigkeiten und Aktivit\u00e4ten unseres Weinguts auf dem Laufenden halten und Ihnen \u00fcber den Newsletter [&hellip;]<\/p>\n","protected":false},"author":2,"featured_media":0,"parent":16,"menu_order":0,"comment_status":"closed","ping_status":"closed","template":"","meta":{"_genesis_hide_title":false,"_genesis_hide_breadcrumbs":false,"_genesis_hide_singular_image":false,"_genesis_hide_footer_widgets":false,"_genesis_custom_body_class":"","_genesis_custom_post_class":"","_genesis_layout":"","footnotes":""},"class_list":{"0":"post-17463","1":"page","2":"type-page","3":"status-publish","5":"entry","6":"has-post-thumbnail"},"yoast_head":"<!-- This site is optimized with the Yoast SEO plugin v26.4 - https:\/\/yoast.com\/wordpress\/plugins\/seo\/ -->\n<title>WINE CLUB - Castello di Razzano<\/title>\n<meta name=\"description\" content=\"Vini bianchi e rosati, rossi invecchiati e speciali. Scopri tutti i vini del Castello di Razzano e vieni a degustarli in cantina!\" \/>\n<meta name=\"robots\" content=\"index, follow, max-snippet:-1, max-image-preview:large, max-video-preview:-1\" \/>\n<link rel=\"canonical\" href=\"https:\/\/www.castellodirazzano.it\/cantina\/wine-club\/\" \/>\n<meta property=\"og:locale\" content=\"de_DE\" \/>\n<meta property=\"og:type\" content=\"article\" \/>\n<meta property=\"og:title\" content=\"WINE CLUB - Castello di Razzano\" \/>\n<meta property=\"og:description\" content=\"Vini bianchi e rosati, rossi invecchiati e speciali. Scopri tutti i vini del Castello di Razzano e vieni a degustarli in cantina!\" \/>\n<meta property=\"og:url\" content=\"https:\/\/www.castellodirazzano.it\/cantina\/wine-club\/\" \/>\n<meta property=\"og:site_name\" content=\"Castello di Razzano\" \/>\n<meta property=\"article:publisher\" content=\"https:\/\/www.facebook.com\/castellodirazzanomonferrato\/\" \/>\n<meta property=\"article:modified_time\" content=\"2025-03-24T10:01:41+00:00\" \/>\n<meta property=\"og:image\" content=\"https:\/\/www.castellodirazzano.it\/wp-content\/uploads\/2018\/09\/IMG_9739opt.jpg\" \/>\n<meta name=\"twitter:card\" content=\"summary_large_image\" \/>\n<meta name=\"twitter:label1\" content=\"Gesch\u00e4tzte Lesezeit\" \/>\n\t<meta name=\"twitter:data1\" content=\"1\u00a0Minute\" \/>\n<script type=\"application\/ld+json\" class=\"yoast-schema-graph\">{\"@context\":\"https:\/\/schema.org\",\"@graph\":[{\"@type\":\"WebPage\",\"@id\":\"https:\/\/www.castellodirazzano.it\/cantina\/wine-club\/\",\"url\":\"https:\/\/www.castellodirazzano.it\/cantina\/wine-club\/\",\"name\":\"WINE CLUB - Castello di Razzano\",\"isPartOf\":{\"@id\":\"https:\/\/www.castellodirazzano.it\/en\/#website\"},\"primaryImageOfPage\":{\"@id\":\"https:\/\/www.castellodirazzano.it\/cantina\/wine-club\/#primaryimage\"},\"image\":{\"@id\":\"https:\/\/www.castellodirazzano.it\/cantina\/wine-club\/#primaryimage\"},\"thumbnailUrl\":\"https:\/\/www.castellodirazzano.it\/wp-content\/uploads\/2018\/09\/IMG_9739opt.jpg\",\"datePublished\":\"2025-03-24T08:54:48+00:00\",\"dateModified\":\"2025-03-24T10:01:41+00:00\",\"description\":\"Vini bianchi e rosati, rossi invecchiati e speciali. Scopri tutti i vini del Castello di Razzano e vieni a degustarli in cantina!\",\"breadcrumb\":{\"@id\":\"https:\/\/www.castellodirazzano.it\/cantina\/wine-club\/#breadcrumb\"},\"inLanguage\":\"de\",\"potentialAction\":[{\"@type\":\"ReadAction\",\"target\":[\"https:\/\/www.castellodirazzano.it\/cantina\/wine-club\/\"]}]},{\"@type\":\"ImageObject\",\"inLanguage\":\"de\",\"@id\":\"https:\/\/www.castellodirazzano.it\/cantina\/wine-club\/#primaryimage\",\"url\":\"https:\/\/www.castellodirazzano.it\/wp-content\/uploads\/2018\/09\/IMG_9739opt.jpg\",\"contentUrl\":\"https:\/\/www.castellodirazzano.it\/wp-content\/uploads\/2018\/09\/IMG_9739opt.jpg\"},{\"@type\":\"BreadcrumbList\",\"@id\":\"https:\/\/www.castellodirazzano.it\/cantina\/wine-club\/#breadcrumb\",\"itemListElement\":[{\"@type\":\"ListItem\",\"position\":1,\"name\":\"Home\",\"item\":\"https:\/\/www.castellodirazzano.it\/\"},{\"@type\":\"ListItem\",\"position\":2,\"name\":\"Cantina\",\"item\":\"https:\/\/www.castellodirazzano.it\/cantina\/\"},{\"@type\":\"ListItem\",\"position\":3,\"name\":\"WINE CLUB\"}]},{\"@type\":\"WebSite\",\"@id\":\"https:\/\/www.castellodirazzano.it\/en\/#website\",\"url\":\"https:\/\/www.castellodirazzano.it\/en\/\",\"name\":\"Castello di Razzano\",\"description\":\"Cantine e Relais di Charme\",\"potentialAction\":[{\"@type\":\"SearchAction\",\"target\":{\"@type\":\"EntryPoint\",\"urlTemplate\":\"https:\/\/www.castellodirazzano.it\/en\/?s={search_term_string}\"},\"query-input\":{\"@type\":\"PropertyValueSpecification\",\"valueRequired\":true,\"valueName\":\"search_term_string\"}}],\"inLanguage\":\"de\"}]}<\/script>\n<!-- \/ Yoast SEO plugin. -->","yoast_head_json":{"title":"WINE CLUB - Castello di Razzano","description":"Vini bianchi e rosati, rossi invecchiati e speciali. Scopri tutti i vini del Castello di Razzano e vieni a degustarli in cantina!","robots":{"index":"index","follow":"follow","max-snippet":"max-snippet:-1","max-image-preview":"max-image-preview:large","max-video-preview":"max-video-preview:-1"},"canonical":"https:\/\/www.castellodirazzano.it\/cantina\/wine-club\/","og_locale":"de_DE","og_type":"article","og_title":"WINE CLUB - Castello di Razzano","og_description":"Vini bianchi e rosati, rossi invecchiati e speciali. Scopri tutti i vini del Castello di Razzano e vieni a degustarli in cantina!","og_url":"https:\/\/www.castellodirazzano.it\/cantina\/wine-club\/","og_site_name":"Castello di Razzano","article_publisher":"https:\/\/www.facebook.com\/castellodirazzanomonferrato\/","article_modified_time":"2025-03-24T10:01:41+00:00","og_image":[{"url":"https:\/\/www.castellodirazzano.it\/wp-content\/uploads\/2018\/09\/IMG_9739opt.jpg","type":"","width":"","height":""}],"twitter_card":"summary_large_image","twitter_misc":{"Gesch\u00e4tzte Lesezeit":"1\u00a0Minute"},"schema":{"@context":"https:\/\/schema.org","@graph":[{"@type":"WebPage","@id":"https:\/\/www.castellodirazzano.it\/cantina\/wine-club\/","url":"https:\/\/www.castellodirazzano.it\/cantina\/wine-club\/","name":"WINE CLUB - Castello di Razzano","isPartOf":{"@id":"https:\/\/www.castellodirazzano.it\/en\/#website"},"primaryImageOfPage":{"@id":"https:\/\/www.castellodirazzano.it\/cantina\/wine-club\/#primaryimage"},"image":{"@id":"https:\/\/www.castellodirazzano.it\/cantina\/wine-club\/#primaryimage"},"thumbnailUrl":"https:\/\/www.castellodirazzano.it\/wp-content\/uploads\/2018\/09\/IMG_9739opt.jpg","datePublished":"2025-03-24T08:54:48+00:00","dateModified":"2025-03-24T10:01:41+00:00","description":"Vini bianchi e rosati, rossi invecchiati e speciali. Scopri tutti i vini del Castello di Razzano e vieni a degustarli in cantina!","breadcrumb":{"@id":"https:\/\/www.castellodirazzano.it\/cantina\/wine-club\/#breadcrumb"},"inLanguage":"de","potentialAction":[{"@type":"ReadAction","target":["https:\/\/www.castellodirazzano.it\/cantina\/wine-club\/"]}]},{"@type":"ImageObject","inLanguage":"de","@id":"https:\/\/www.castellodirazzano.it\/cantina\/wine-club\/#primaryimage","url":"https:\/\/www.castellodirazzano.it\/wp-content\/uploads\/2018\/09\/IMG_9739opt.jpg","contentUrl":"https:\/\/www.castellodirazzano.it\/wp-content\/uploads\/2018\/09\/IMG_9739opt.jpg"},{"@type":"BreadcrumbList","@id":"https:\/\/www.castellodirazzano.it\/cantina\/wine-club\/#breadcrumb","itemListElement":[{"@type":"ListItem","position":1,"name":"Home","item":"https:\/\/www.castellodirazzano.it\/"},{"@type":"ListItem","position":2,"name":"Cantina","item":"https:\/\/www.castellodirazzano.it\/cantina\/"},{"@type":"ListItem","position":3,"name":"WINE CLUB"}]},{"@type":"WebSite","@id":"https:\/\/www.castellodirazzano.it\/en\/#website","url":"https:\/\/www.castellodirazzano.it\/en\/","name":"Castello di Razzano","description":"Cantine e Relais di Charme","potentialAction":[{"@type":"SearchAction","target":{"@type":"EntryPoint","urlTemplate":"https:\/\/www.castellodirazzano.it\/en\/?s={search_term_string}"},"query-input":{"@type":"PropertyValueSpecification","valueRequired":true,"valueName":"search_term_string"}}],"inLanguage":"de"}]}},"_links":{"self":[{"href":"https:\/\/www.castellodirazzano.it\/de\/wp-json\/wp\/v2\/pages\/17463","targetHints":{"allow":["GET"]}}],"collection":[{"href":"https:\/\/www.castellodirazzano.it\/de\/wp-json\/wp\/v2\/pages"}],"about":[{"href":"https:\/\/www.castellodirazzano.it\/de\/wp-json\/wp\/v2\/types\/page"}],"author":[{"embeddable":true,"href":"https:\/\/www.castellodirazzano.it\/de\/wp-json\/wp\/v2\/users\/2"}],"replies":[{"embeddable":true,"href":"https:\/\/www.castellodirazzano.it\/de\/wp-json\/wp\/v2\/comments?post=17463"}],"version-history":[{"count":17,"href":"https:\/\/www.castellodirazzano.it\/de\/wp-json\/wp\/v2\/pages\/17463\/revisions"}],"predecessor-version":[{"id":17603,"href":"https:\/\/www.castellodirazzano.it\/de\/wp-json\/wp\/v2\/pages\/17463\/revisions\/17603"}],"up":[{"embeddable":true,"href":"https:\/\/www.castellodirazzano.it\/de\/wp-json\/wp\/v2\/pages\/16"}],"wp:attachment":[{"href":"https:\/\/www.castellodirazzano.it\/de\/wp-json\/wp\/v2\/media?parent=17463"}],"curies":[{"name":"wp","href":"https:\/\/api.w.org\/{rel}","templated":true}]}}