{"id":156,"date":"2017-01-25T08:59:53","date_gmt":"2017-01-25T08:59:53","guid":{"rendered":"http:\/\/demo.castellodirazzano.artband.net\/?page_id=156"},"modified":"2026-03-06T11:10:13","modified_gmt":"2026-03-06T11:10:13","slug":"home","status":"publish","type":"page","link":"https:\/\/www.castellodirazzano.it\/de\/","title":{"rendered":"Home"},"content":{"rendered":"<p><\/p>\n<div class=\"central\">\n<h2><img loading=\"lazy\" decoding=\"async\" class=\"alignleft wp-image-159\" src=\"http:\/\/castellodirazzano.it\/wp-content\/uploads\/2017\/01\/Logo-bianco-nero2.jpg\" alt=\"Stemma Castello di Razzano\" width=\"600\" height=\"436\" srcset=\"https:\/\/www.castellodirazzano.it\/wp-content\/uploads\/2017\/01\/Logo-bianco-nero2.jpg 500w, https:\/\/www.castellodirazzano.it\/wp-content\/uploads\/2017\/01\/Logo-bianco-nero2-300x218.jpg 300w\" sizes=\"auto, (max-width: 600px) 100vw, 600px\" \/><\/h2>\n<h2><img loading=\"lazy\" decoding=\"async\" class=\"wp-image-410 alignright\" src=\"https:\/\/www.castellodirazzano.it\/wp-content\/uploads\/2017\/02\/Olearo-Ernesto.jpg\" alt=\"\" width=\"200\" height=\"200\" srcset=\"https:\/\/www.castellodirazzano.it\/wp-content\/uploads\/2017\/02\/Olearo-Ernesto.jpg 200w, https:\/\/www.castellodirazzano.it\/wp-content\/uploads\/2017\/02\/Olearo-Ernesto-100x100.jpg 100w, https:\/\/www.castellodirazzano.it\/wp-content\/uploads\/2017\/02\/Olearo-Ernesto-150x150.jpg 150w\" sizes=\"auto, (max-width: 200px) 100vw, 200px\" \/><\/h2>\n<h3>Geschichte der Familie<\/h3>\n<p>Die Familie Olearo betrat die Welt des Weins im Jahr 1927, als Ernesto Olearo zusammen mit seiner Frau Clementina Razzano das erste kleine Weingut auf dem heutigen Weingut <a href=\"https:\/\/www.castellodirazzano.it\/de\/relais\/tenuta-ca-di-corte\/\">C\u00e0 di Corte<\/a>, damals Casa Vinicola Olearo, mit einigen Hektar Weinbergen errichtete der Produktion und Vermarktung von Weinen.<\/p>\n<p><img loading=\"lazy\" decoding=\"async\" class=\"alignleft wp-image-411\" src=\"https:\/\/www.castellodirazzano.it\/wp-content\/uploads\/2017\/02\/Olearo-giuseppe-eugenio.jpg\" alt=\"\" width=\"250\" height=\"250\" srcset=\"https:\/\/www.castellodirazzano.it\/wp-content\/uploads\/2017\/02\/Olearo-giuseppe-eugenio.jpg 200w, https:\/\/www.castellodirazzano.it\/wp-content\/uploads\/2017\/02\/Olearo-giuseppe-eugenio-100x100.jpg 100w, https:\/\/www.castellodirazzano.it\/wp-content\/uploads\/2017\/02\/Olearo-giuseppe-eugenio-150x150.jpg 150w\" sizes=\"auto, (max-width: 250px) 100vw, 250px\" \/>Das Unternehmen entwickelte sich ab den 1940er Jahren dank der Entschlossenheit und der starken unternehmerischen F\u00e4higkeiten seines Sohnes Eugenio Olearo, Spitzname \u201eGenio\u201c, des Gro\u00dfvaters der heutigen Generation, der das Vertriebsgesch\u00e4ft durch den Aufbau zahlreicher und diversifizierter Handelsbeziehungen zwischen Piemont, Ligurien, Aostatal und Lombardei. Das Unternehmen expandierte durch den Kauf neuer Grundst\u00fccke und Grundst\u00fccke, darunter <a href=\"https:\/\/www.castellodirazzano.it\/de\/relais\/tenuta-castello-di-razzano\/\">Tenuta Castello di Razzano<\/a> im Jahr 1968 von der Familie Caligaris und <a href=\"https:\/\/www.castellodirazzano.it\/de\/relais\/tenuta-campasso\/\">Tenuta Campasso<\/a> im Jahr 1975 von der Familie Toso, die beide nur wenige hundert Meter vom Hauptgrundst\u00fcck <a href=\"https:\/\/www.castellodirazzano.it\/de\/relais\/tenuta-ca-di-corte\/\">Tenuta C\u00e0 di Corte<\/a> entfernt liegen.<\/p>\n<p><img loading=\"lazy\" decoding=\"async\" class=\"alignright wp-image-673\" src=\"https:\/\/www.castellodirazzano.it\/wp-content\/uploads\/2017\/03\/family-300x200.jpg\" alt=\"\" width=\"400\" height=\"267\" srcset=\"https:\/\/www.castellodirazzano.it\/wp-content\/uploads\/2017\/03\/family-300x200.jpg 300w, https:\/\/www.castellodirazzano.it\/wp-content\/uploads\/2017\/03\/family-600x400.jpg 600w, https:\/\/www.castellodirazzano.it\/wp-content\/uploads\/2017\/03\/family-768x512.jpg 768w, https:\/\/www.castellodirazzano.it\/wp-content\/uploads\/2017\/03\/family-1024x683.jpg 1024w, https:\/\/www.castellodirazzano.it\/wp-content\/uploads\/2017\/03\/family-250x167.jpg 250w, https:\/\/www.castellodirazzano.it\/wp-content\/uploads\/2017\/03\/family-550x367.jpg 550w, https:\/\/www.castellodirazzano.it\/wp-content\/uploads\/2017\/03\/family-800x533.jpg 800w, https:\/\/www.castellodirazzano.it\/wp-content\/uploads\/2017\/03\/family-270x180.jpg 270w, https:\/\/www.castellodirazzano.it\/wp-content\/uploads\/2017\/03\/family-450x300.jpg 450w, https:\/\/www.castellodirazzano.it\/wp-content\/uploads\/2017\/03\/family-750x500.jpg 750w, https:\/\/www.castellodirazzano.it\/wp-content\/uploads\/2017\/03\/family.jpg 1800w\" sizes=\"auto, (max-width: 400px) 100vw, 400px\" \/>Der gro\u00dfe Wendepunkt kam in den 1980er Jahren mit dem Eintritt von Augusto Olearo, dem Sohn von Eugenio, in das Unternehmen, der nach seinem \u00d6nologiestudium an der Alba-Schule mit gro\u00dfem Mut und Scharfsinn die bis dahin auf der Philosophie des Unternehmens basierende Unternehmensphilosophie v\u00f6llig umkrempelte Vermarktung gro\u00dfer Weinmengen, Anpflanzung zahlreicher Hektar Weinberge mit dem Ziel einer Qualit\u00e4tsproduktion.<br \/>\nIm Jahr 2002 begann Augusto Olearo mit Weitblick das Projekt einer kompletten Renovierung des Schlosses Razzano; Nach 7 Jahren Bauzeit erstrahlt das Geb\u00e4ude mit der Er\u00f6ffnung eines charmanten <a href=\"https:\/\/www.castellodirazzano.it\/de\/relais\/\">Relais<\/a> und der Einrichtung des Museo <a href=\"https:\/\/www.castellodirazzano.it\/de\/museo\/\">ArteVino Razzano<\/a> wieder in seinem urspr\u00fcnglichen Glanz.<\/p>\n<p>Augustos S\u00f6hne Riccardo und Federico traten 2006 dem Unternehmen bei, angetrieben von ihrer Leidenschaft f\u00fcr das historische Familienunternehmen. Beide haben die Entschlossenheit, den Mut, den Unternehmergeist und den Mut vergangener Generationen in sich aufgenommen und blicken gemeinsam in die Zukunft des Unternehmens.<\/p>\n<p>Derzeit umfasst Castello di Razzano neben der historischen <a href=\"https:\/\/www.castellodirazzano.it\/de\/cantina\/vini\/\">Weinproduktion<\/a> auch die Produktion von <a href=\"https:\/\/www.castellodirazzano.it\/de\/olio\/\">nativem Oliven\u00f6l extra<\/a>, ein charmantes <a href=\"https:\/\/www.castellodirazzano.it\/de\/relais\/\">Relais<\/a>, ein <a href=\"https:\/\/www.castellodirazzano.it\/de\/relais\/ristorante\/\">Restaurant<\/a> und das Museo <a href=\"https:\/\/www.castellodirazzano.it\/de\/museo\/\">ArteVino Razzano<\/a>, die in den drei Weing\u00fctern des Unternehmens entwickelt werden: aber der Geist der Innovation h\u00f6rt nicht auf&#8230;<\/p>\n<p><iframe loading=\"lazy\" title=\"Relais Castello di Razzano 2025\" width=\"500\" height=\"281\" src=\"https:\/\/www.youtube.com\/embed\/4A0VC5zztJA?feature=oembed\" frameborder=\"0\" allow=\"accelerometer; autoplay; clipboard-write; encrypted-media; gyroscope; picture-in-picture; web-share\" referrerpolicy=\"strict-origin-when-cross-origin\" allowfullscreen><\/iframe><\/p>\n<p><img loading=\"lazy\" decoding=\"async\" class=\"aligncenter\" src=\"https:\/\/www.castellodirazzano.it\/wp-content\/uploads\/2018\/09\/IMG_9739opt.jpg\" alt=\"Relais del Castello di Razzano\" width=\"960\" height=\"700\" \/><\/p>\n<\/div>\n<p><\/p>","protected":false},"excerpt":{"rendered":"<p>Geschichte der Familie Die Familie Olearo betrat die Welt des Weins im Jahr 1927, als Ernesto Olearo zusammen mit seiner Frau Clementina Razzano das erste kleine Weingut auf dem heutigen Weingut C\u00e0 di Corte, damals Casa Vinicola Olearo, mit einigen Hektar Weinbergen errichtete der Produktion und Vermarktung von Weinen. Das Unternehmen entwickelte sich ab den [&hellip;]<\/p>\n","protected":false},"author":1,"featured_media":2104,"parent":0,"menu_order":0,"comment_status":"closed","ping_status":"closed","template":"","meta":{"_genesis_hide_title":false,"_genesis_hide_breadcrumbs":false,"_genesis_hide_singular_image":false,"_genesis_hide_footer_widgets":false,"_genesis_custom_body_class":"","_genesis_custom_post_class":"","_genesis_layout":"full-width-content","footnotes":""},"class_list":{"0":"post-156","1":"page","2":"type-page","3":"status-publish","4":"has-post-thumbnail","6":"entry"},"yoast_head":"<!-- This site is optimized with the Yoast SEO plugin v26.4 - https:\/\/yoast.com\/wordpress\/plugins\/seo\/ -->\n<title>Castello di Razzano - Cantine e Relais di Charme in Monferrato<\/title>\n<meta name=\"description\" content=\"Il Castello di Razzano \u00e8 il punto di riferimento per chi desidera soggiornare in tranquillit\u00e0 e godere di esperienze eno-gastronomiche in Monferrato.\" \/>\n<meta name=\"robots\" content=\"index, follow, max-snippet:-1, max-image-preview:large, max-video-preview:-1\" \/>\n<link rel=\"canonical\" href=\"https:\/\/www.castellodirazzano.it\/\" \/>\n<meta property=\"og:locale\" content=\"de_DE\" \/>\n<meta property=\"og:type\" content=\"article\" \/>\n<meta property=\"og:title\" content=\"Castello di Razzano - Cantine e Relais di Charme in Monferrato\" \/>\n<meta property=\"og:description\" content=\"Il Castello di Razzano \u00e8 il punto di riferimento per chi desidera soggiornare in tranquillit\u00e0 e godere di esperienze eno-gastronomiche in Monferrato.\" \/>\n<meta property=\"og:url\" content=\"https:\/\/www.castellodirazzano.it\/\" \/>\n<meta property=\"og:site_name\" content=\"Castello di Razzano\" \/>\n<meta property=\"article:publisher\" content=\"https:\/\/www.facebook.com\/castellodirazzanomonferrato\/\" \/>\n<meta property=\"article:modified_time\" content=\"2026-03-06T11:10:13+00:00\" \/>\n<meta property=\"og:image\" content=\"https:\/\/www.castellodirazzano.it\/wp-content\/uploads\/2018\/09\/IMG_9739opt.jpg\" \/>\n\t<meta property=\"og:image:width\" content=\"1680\" \/>\n\t<meta property=\"og:image:height\" content=\"1120\" \/>\n\t<meta property=\"og:image:type\" content=\"image\/jpeg\" \/>\n<meta name=\"twitter:card\" content=\"summary_large_image\" \/>\n<meta name=\"twitter:label1\" content=\"Gesch\u00e4tzte Lesezeit\" \/>\n\t<meta name=\"twitter:data1\" content=\"3\u00a0Minuten\" \/>\n<script type=\"application\/ld+json\" class=\"yoast-schema-graph\">{\"@context\":\"https:\/\/schema.org\",\"@graph\":[{\"@type\":\"WebPage\",\"@id\":\"https:\/\/www.castellodirazzano.it\/\",\"url\":\"https:\/\/www.castellodirazzano.it\/\",\"name\":\"Castello di Razzano - Cantine e Relais di Charme in Monferrato\",\"isPartOf\":{\"@id\":\"https:\/\/www.castellodirazzano.it\/en\/#website\"},\"primaryImageOfPage\":{\"@id\":\"https:\/\/www.castellodirazzano.it\/#primaryimage\"},\"image\":{\"@id\":\"https:\/\/www.castellodirazzano.it\/#primaryimage\"},\"thumbnailUrl\":\"https:\/\/www.castellodirazzano.it\/wp-content\/uploads\/2018\/09\/IMG_9739opt.jpg\",\"datePublished\":\"2017-01-25T08:59:53+00:00\",\"dateModified\":\"2026-03-06T11:10:13+00:00\",\"description\":\"Il Castello di Razzano \u00e8 il punto di riferimento per chi desidera soggiornare in tranquillit\u00e0 e godere di esperienze eno-gastronomiche in Monferrato.\",\"breadcrumb\":{\"@id\":\"https:\/\/www.castellodirazzano.it\/#breadcrumb\"},\"inLanguage\":\"de\",\"potentialAction\":[{\"@type\":\"ReadAction\",\"target\":[\"https:\/\/www.castellodirazzano.it\/\"]}]},{\"@type\":\"ImageObject\",\"inLanguage\":\"de\",\"@id\":\"https:\/\/www.castellodirazzano.it\/#primaryimage\",\"url\":\"https:\/\/www.castellodirazzano.it\/wp-content\/uploads\/2018\/09\/IMG_9739opt.jpg\",\"contentUrl\":\"https:\/\/www.castellodirazzano.it\/wp-content\/uploads\/2018\/09\/IMG_9739opt.jpg\",\"width\":1680,\"height\":1120},{\"@type\":\"BreadcrumbList\",\"@id\":\"https:\/\/www.castellodirazzano.it\/#breadcrumb\",\"itemListElement\":[{\"@type\":\"ListItem\",\"position\":1,\"name\":\"Home\",\"item\":\"https:\/\/www.castellodirazzano.it\/\"},{\"@type\":\"ListItem\",\"position\":2,\"name\":\"Home\"}]},{\"@type\":\"WebSite\",\"@id\":\"https:\/\/www.castellodirazzano.it\/en\/#website\",\"url\":\"https:\/\/www.castellodirazzano.it\/en\/\",\"name\":\"Castello di Razzano\",\"description\":\"Cantine e Relais di Charme\",\"potentialAction\":[{\"@type\":\"SearchAction\",\"target\":{\"@type\":\"EntryPoint\",\"urlTemplate\":\"https:\/\/www.castellodirazzano.it\/en\/?s={search_term_string}\"},\"query-input\":{\"@type\":\"PropertyValueSpecification\",\"valueRequired\":true,\"valueName\":\"search_term_string\"}}],\"inLanguage\":\"de\"}]}<\/script>\n<!-- \/ Yoast SEO plugin. -->","yoast_head_json":{"title":"Castello di Razzano - Cantine e Relais di Charme in Monferrato","description":"Il Castello di Razzano \u00e8 il punto di riferimento per chi desidera soggiornare in tranquillit\u00e0 e godere di esperienze eno-gastronomiche in Monferrato.","robots":{"index":"index","follow":"follow","max-snippet":"max-snippet:-1","max-image-preview":"max-image-preview:large","max-video-preview":"max-video-preview:-1"},"canonical":"https:\/\/www.castellodirazzano.it\/","og_locale":"de_DE","og_type":"article","og_title":"Castello di Razzano - Cantine e Relais di Charme in Monferrato","og_description":"Il Castello di Razzano \u00e8 il punto di riferimento per chi desidera soggiornare in tranquillit\u00e0 e godere di esperienze eno-gastronomiche in Monferrato.","og_url":"https:\/\/www.castellodirazzano.it\/","og_site_name":"Castello di Razzano","article_publisher":"https:\/\/www.facebook.com\/castellodirazzanomonferrato\/","article_modified_time":"2026-03-06T11:10:13+00:00","og_image":[{"width":1680,"height":1120,"url":"https:\/\/www.castellodirazzano.it\/wp-content\/uploads\/2018\/09\/IMG_9739opt.jpg","type":"image\/jpeg"}],"twitter_card":"summary_large_image","twitter_misc":{"Gesch\u00e4tzte Lesezeit":"3\u00a0Minuten"},"schema":{"@context":"https:\/\/schema.org","@graph":[{"@type":"WebPage","@id":"https:\/\/www.castellodirazzano.it\/","url":"https:\/\/www.castellodirazzano.it\/","name":"Castello di Razzano - Cantine e Relais di Charme in Monferrato","isPartOf":{"@id":"https:\/\/www.castellodirazzano.it\/en\/#website"},"primaryImageOfPage":{"@id":"https:\/\/www.castellodirazzano.it\/#primaryimage"},"image":{"@id":"https:\/\/www.castellodirazzano.it\/#primaryimage"},"thumbnailUrl":"https:\/\/www.castellodirazzano.it\/wp-content\/uploads\/2018\/09\/IMG_9739opt.jpg","datePublished":"2017-01-25T08:59:53+00:00","dateModified":"2026-03-06T11:10:13+00:00","description":"Il Castello di Razzano \u00e8 il punto di riferimento per chi desidera soggiornare in tranquillit\u00e0 e godere di esperienze eno-gastronomiche in Monferrato.","breadcrumb":{"@id":"https:\/\/www.castellodirazzano.it\/#breadcrumb"},"inLanguage":"de","potentialAction":[{"@type":"ReadAction","target":["https:\/\/www.castellodirazzano.it\/"]}]},{"@type":"ImageObject","inLanguage":"de","@id":"https:\/\/www.castellodirazzano.it\/#primaryimage","url":"https:\/\/www.castellodirazzano.it\/wp-content\/uploads\/2018\/09\/IMG_9739opt.jpg","contentUrl":"https:\/\/www.castellodirazzano.it\/wp-content\/uploads\/2018\/09\/IMG_9739opt.jpg","width":1680,"height":1120},{"@type":"BreadcrumbList","@id":"https:\/\/www.castellodirazzano.it\/#breadcrumb","itemListElement":[{"@type":"ListItem","position":1,"name":"Home","item":"https:\/\/www.castellodirazzano.it\/"},{"@type":"ListItem","position":2,"name":"Home"}]},{"@type":"WebSite","@id":"https:\/\/www.castellodirazzano.it\/en\/#website","url":"https:\/\/www.castellodirazzano.it\/en\/","name":"Castello di Razzano","description":"Cantine e Relais di Charme","potentialAction":[{"@type":"SearchAction","target":{"@type":"EntryPoint","urlTemplate":"https:\/\/www.castellodirazzano.it\/en\/?s={search_term_string}"},"query-input":{"@type":"PropertyValueSpecification","valueRequired":true,"valueName":"search_term_string"}}],"inLanguage":"de"}]}},"_links":{"self":[{"href":"https:\/\/www.castellodirazzano.it\/de\/wp-json\/wp\/v2\/pages\/156","targetHints":{"allow":["GET"]}}],"collection":[{"href":"https:\/\/www.castellodirazzano.it\/de\/wp-json\/wp\/v2\/pages"}],"about":[{"href":"https:\/\/www.castellodirazzano.it\/de\/wp-json\/wp\/v2\/types\/page"}],"author":[{"embeddable":true,"href":"https:\/\/www.castellodirazzano.it\/de\/wp-json\/wp\/v2\/users\/1"}],"replies":[{"embeddable":true,"href":"https:\/\/www.castellodirazzano.it\/de\/wp-json\/wp\/v2\/comments?post=156"}],"version-history":[{"count":103,"href":"https:\/\/www.castellodirazzano.it\/de\/wp-json\/wp\/v2\/pages\/156\/revisions"}],"predecessor-version":[{"id":20792,"href":"https:\/\/www.castellodirazzano.it\/de\/wp-json\/wp\/v2\/pages\/156\/revisions\/20792"}],"wp:featuredmedia":[{"embeddable":true,"href":"https:\/\/www.castellodirazzano.it\/de\/wp-json\/wp\/v2\/media\/2104"}],"wp:attachment":[{"href":"https:\/\/www.castellodirazzano.it\/de\/wp-json\/wp\/v2\/media?parent=156"}],"curies":[{"name":"wp","href":"https:\/\/api.w.org\/{rel}","templated":true}]}}